{"id":731,"date":"2020-01-25T20:08:58","date_gmt":"2020-01-25T17:08:58","guid":{"rendered":"https:\/\/danila-souvenirs.com\/us\/product\/danila-souvenirs-russian-faberge-style-coronation-egg-trinket-jewel-box-with-carriage-russian-coat-of-arms-2-6-blue-2\/"},"modified":"2026-03-01T20:35:09","modified_gmt":"2026-03-01T17:35:09","slug":"danila-souvenirs-russian-faberge-style-coronation-egg-trinket-jewel-box-with-carriage-russian-coat-of-arms-2-6-blue-2","status":"publish","type":"product","link":"https:\/\/danila-souvenirs.com\/us\/product\/danila-souvenirs-russian-faberge-style-coronation-egg-trinket-jewel-box-with-carriage-russian-coat-of-arms-2-6-blue-2\/","title":{"rendered":"Glamorous style Imperial Coronation Easter Egg \/ Trinket Jewel Box with carriage 2.6&#8221; blue"},"content":{"rendered":"<p>Material: Alloy of non-ferrous metals, enamel, crystals.<\/p>\n<p>Height: 2.6&#8221; (6.5 cm).<\/p>\n<p>Weight: 125 grams.<\/p>\n<p>Color: blue.<\/p>\n<p>This egg is a small replica of the famous Imperial Coronation Faberg\u00e9 Egg.<\/p>\n<p>The Imperial Coronation Egg is a jewelled Faberg\u00e9 egg made under the supervision of the Russian jeweller Peter Carl Faberg\u00e9 in 1897 by Faberg\u00e9 ateliers, Mikhail Perkhin and Henrik Wigstrom. The egg was made to commemorate Tsaritsa, Empress Alexandra Fyodorovna.<\/p>\n<p>Inside the egg you can find a small carriage.<\/p>\n<p>The egg can be used as a trinket jewel box.<\/p>\n","protected":false},"excerpt":{"rendered":"<p>Material: Alloy of non-ferrous metals, enamel, crystals. Height: 2.6&#8221; (6.5 cm). Weight: 125 grams. Color: blue. This egg is a small replica of the famous Imperial Coronation Faberg\u00e9 Egg. The Imperial Coronation Egg is a jewelled Faberg\u00e9 egg made under the supervision of the Russian jeweller Peter Carl Faberg\u00e9 in 1897 by Faberg\u00e9 ateliers, Mikhail [&hellip;]<\/p>\n","protected":false},"featured_media":236,"comment_status":"open","ping_status":"closed","template":"","meta":{"_et_pb_use_builder":"","_et_pb_old_content":"","_et_gb_content_width":""},"product_brand":[],"product_cat":[62,66,63],"product_tag":[],"class_list":{"0":"post-731","1":"product","2":"type-product","3":"status-publish","4":"has-post-thumbnail","6":"product_cat-easter-eggs","7":"product_cat-eggs-with-surprise","8":"product_cat-trinket-boxes","9":"pa_color-blue","11":"first","12":"instock","13":"shipping-taxable","14":"purchasable","15":"product-type-simple"},"_links":{"self":[{"href":"https:\/\/danila-souvenirs.com\/us\/wp-json\/wp\/v2\/product\/731","targetHints":{"allow":["GET"]}}],"collection":[{"href":"https:\/\/danila-souvenirs.com\/us\/wp-json\/wp\/v2\/product"}],"about":[{"href":"https:\/\/danila-souvenirs.com\/us\/wp-json\/wp\/v2\/types\/product"}],"replies":[{"embeddable":true,"href":"https:\/\/danila-souvenirs.com\/us\/wp-json\/wp\/v2\/comments?post=731"}],"wp:featuredmedia":[{"embeddable":true,"href":"https:\/\/danila-souvenirs.com\/us\/wp-json\/wp\/v2\/media\/236"}],"wp:attachment":[{"href":"https:\/\/danila-souvenirs.com\/us\/wp-json\/wp\/v2\/media?parent=731"}],"wp:term":[{"taxonomy":"product_brand","embeddable":true,"href":"https:\/\/danila-souvenirs.com\/us\/wp-json\/wp\/v2\/product_brand?post=731"},{"taxonomy":"product_cat","embeddable":true,"href":"https:\/\/danila-souvenirs.com\/us\/wp-json\/wp\/v2\/product_cat?post=731"},{"taxonomy":"product_tag","embeddable":true,"href":"https:\/\/danila-souvenirs.com\/us\/wp-json\/wp\/v2\/product_tag?post=731"}],"curies":[{"name":"wp","href":"https:\/\/api.w.org\/{rel}","templated":true}]}}