{"id":2867,"date":"2023-06-14T17:11:32","date_gmt":"2023-06-14T14:11:32","guid":{"rendered":"https:\/\/danila-souvenirs.com\/us\/?post_type=product&#038;p=2867"},"modified":"2023-08-04T08:57:07","modified_gmt":"2023-08-04T05:57:07","slug":"glamorous-style-estonian-eggs-trinket-jewel-boxes-set-of-3","status":"publish","type":"product","link":"https:\/\/danila-souvenirs.com\/us\/product\/glamorous-style-estonian-eggs-trinket-jewel-boxes-set-of-3\/","title":{"rendered":"Glamorous style Estonian Easter Eggs \/ Trinket Jewel Boxes, set of 3"},"content":{"rendered":"<div>Material: Alloy of non-ferrous metals, enamel, crystals.<\/div>\n<div><\/div>\n<div>Height: 5.6&#8221; (14 cm).<\/div>\n<div><\/div>\n<div>Weight: 1.5 lbs (650-675 g).<\/div>\n<div><\/div>\n<div>Colors: blue, black, white.<\/div>\n<div><\/div>\n<div>The eggs are made in the colors of the Estonian flag and decorated with relief images of Estonian state symbols: three lions on a golden shield and two golden oak branches. The stand is also made in the form of three lions.<\/div>\n<div>By creating this exclusive collection, we wanted to emphasize the connection of the Faberg\u00e9 dynasty with Estonia. The founder of the famous jewelry dynasty, Gustav Faberg\u00e9, was born in P\u00e4rnu, Estonia. In 1842, he opened the House of Faberg\u00e9 jewelry firm, which was later inherited by his son, Peter Carl Faberg\u00e9, famous maker of Faberg\u00e9 eggs. Under the guidance of his father and other masters of the House of Faberge, Peter Carl Faberg\u00e9 studied jewelry.<\/div>\n<div><\/div>\n<div>The eggs can be used as trinket jewel boxes.<\/div>\n","protected":false},"excerpt":{"rendered":"<p>Material: Alloy of non-ferrous metals, enamel, crystals. Height: 5.6&#8221; (14 cm). Weight: 1.5 lbs (650-675 g). Colors: blue, black, white. The eggs are made in the colors of the Estonian flag and decorated with relief images of Estonian state symbols: three lions on a golden shield and two golden oak branches. The stand is also [&hellip;]<\/p>\n","protected":false},"featured_media":2898,"comment_status":"open","ping_status":"closed","template":"","meta":{"_et_pb_use_builder":"","_et_pb_old_content":"","_et_gb_content_width":""},"product_brand":[],"product_cat":[62,63],"product_tag":[],"class_list":{"0":"post-2867","1":"product","2":"type-product","3":"status-publish","4":"has-post-thumbnail","6":"product_cat-easter-eggs","7":"product_cat-trinket-boxes","9":"first","10":"instock","11":"shipping-taxable","12":"purchasable","13":"product-type-simple"},"_links":{"self":[{"href":"https:\/\/danila-souvenirs.com\/us\/wp-json\/wp\/v2\/product\/2867","targetHints":{"allow":["GET"]}}],"collection":[{"href":"https:\/\/danila-souvenirs.com\/us\/wp-json\/wp\/v2\/product"}],"about":[{"href":"https:\/\/danila-souvenirs.com\/us\/wp-json\/wp\/v2\/types\/product"}],"replies":[{"embeddable":true,"href":"https:\/\/danila-souvenirs.com\/us\/wp-json\/wp\/v2\/comments?post=2867"}],"wp:featuredmedia":[{"embeddable":true,"href":"https:\/\/danila-souvenirs.com\/us\/wp-json\/wp\/v2\/media\/2898"}],"wp:attachment":[{"href":"https:\/\/danila-souvenirs.com\/us\/wp-json\/wp\/v2\/media?parent=2867"}],"wp:term":[{"taxonomy":"product_brand","embeddable":true,"href":"https:\/\/danila-souvenirs.com\/us\/wp-json\/wp\/v2\/product_brand?post=2867"},{"taxonomy":"product_cat","embeddable":true,"href":"https:\/\/danila-souvenirs.com\/us\/wp-json\/wp\/v2\/product_cat?post=2867"},{"taxonomy":"product_tag","embeddable":true,"href":"https:\/\/danila-souvenirs.com\/us\/wp-json\/wp\/v2\/product_tag?post=2867"}],"curies":[{"name":"wp","href":"https:\/\/api.w.org\/{rel}","templated":true}]}}