{"id":5709,"date":"2021-08-10T16:24:30","date_gmt":"2021-08-10T13:24:30","guid":{"rendered":"https:\/\/danila-souvenirs.com\/uk\/product\/russian-faberge-style-egg-trinket-jewel-box-lilies-of-the-valley-with-russian-emperors-crown-flowers-85-cm-pink-2\/"},"modified":"2026-03-09T23:23:59","modified_gmt":"2026-03-09T20:23:59","slug":"russian-faberge-style-egg-trinket-jewel-box-lilies-of-the-valley-with-russian-emperors-crown-flowers-85-cm-pink-2","status":"publish","type":"product","link":"https:\/\/danila-souvenirs.com\/uk\/product\/russian-faberge-style-egg-trinket-jewel-box-lilies-of-the-valley-with-russian-emperors-crown-flowers-85-cm-pink-2\/","title":{"rendered":"Glamorous style Easter Egg \/ Trinket Jewel Box Lilies of the Valley 8.5 cm pink"},"content":{"rendered":"<p>Material: Alloy of non-ferrous metals, enamel, crystals.<\/p>\n<p>Height: 8.5 cm.<\/p>\n<p>Weight: 170 grams.<\/p>\n<p>Color: pink.<\/p>\n<p><span style=\"font-family: Arial\">This egg is a replica of the famous Lilies of the Valley\u00a0<\/span>Faberg\u00e9\u00a0Egg.<\/p>\n<p><span style=\"font-family: Arial\">The Lilies of the Valley Egg is a jewelled Faberg\u00e9 egg made under the supervision of the Russian jeweller Peter Carl Faberg\u00e9 in 1898 by Faberg\u00e9 ateliers. The supervising goldsmith was Michael Perchin. The egg is one of the two eggs in the Art Nouveau style. It was presented on April 5 to Emperor Nicholas II, who gave it as a gift to Empress Alexandra Fyodorovna.<br \/>\n<\/span><\/p>\n<p><span style=\"font-family: Arial\">The egg can be used as a trinket jewel box.<\/span><\/p>\n<p>&nbsp;<\/p>\n","protected":false},"excerpt":{"rendered":"<p>Material: Alloy of non-ferrous metals, enamel, crystals. Height: 8.5 cm. Weight: 170 grams. Color: pink. This egg is a replica of the famous Lilies of the Valley\u00a0Faberg\u00e9\u00a0Egg. The Lilies of the Valley Egg is a jewelled Faberg\u00e9 egg made under the supervision of the Russian jeweller Peter Carl Faberg\u00e9 in 1898 by Faberg\u00e9 ateliers. The [&hellip;]<\/p>\n","protected":false},"featured_media":4258,"comment_status":"closed","ping_status":"closed","template":"","meta":{"_et_pb_use_builder":"","_et_pb_old_content":"","_et_gb_content_width":""},"product_brand":[],"product_cat":[117,62,63],"product_tag":[],"class_list":{"0":"post-5709","1":"product","2":"type-product","3":"status-publish","4":"has-post-thumbnail","6":"product_cat-floral-eggs","7":"product_cat-easter-eggs","8":"product_cat-trinket-boxes","9":"pa_color-pink","11":"first","12":"instock","13":"shipping-taxable","14":"purchasable","15":"product-type-simple"},"_links":{"self":[{"href":"https:\/\/danila-souvenirs.com\/uk\/wp-json\/wp\/v2\/product\/5709","targetHints":{"allow":["GET"]}}],"collection":[{"href":"https:\/\/danila-souvenirs.com\/uk\/wp-json\/wp\/v2\/product"}],"about":[{"href":"https:\/\/danila-souvenirs.com\/uk\/wp-json\/wp\/v2\/types\/product"}],"replies":[{"embeddable":true,"href":"https:\/\/danila-souvenirs.com\/uk\/wp-json\/wp\/v2\/comments?post=5709"}],"wp:featuredmedia":[{"embeddable":true,"href":"https:\/\/danila-souvenirs.com\/uk\/wp-json\/wp\/v2\/media\/4258"}],"wp:attachment":[{"href":"https:\/\/danila-souvenirs.com\/uk\/wp-json\/wp\/v2\/media?parent=5709"}],"wp:term":[{"taxonomy":"product_brand","embeddable":true,"href":"https:\/\/danila-souvenirs.com\/uk\/wp-json\/wp\/v2\/product_brand?post=5709"},{"taxonomy":"product_cat","embeddable":true,"href":"https:\/\/danila-souvenirs.com\/uk\/wp-json\/wp\/v2\/product_cat?post=5709"},{"taxonomy":"product_tag","embeddable":true,"href":"https:\/\/danila-souvenirs.com\/uk\/wp-json\/wp\/v2\/product_tag?post=5709"}],"curies":[{"name":"wp","href":"https:\/\/api.w.org\/{rel}","templated":true}]}}