{"id":6498,"date":"2023-03-28T21:30:50","date_gmt":"2023-03-28T18:30:50","guid":{"rendered":"https:\/\/danila-souvenirs.com\/uk\/?post_type=product&#038;p=6498"},"modified":"2025-07-12T00:27:34","modified_gmt":"2025-07-11T21:27:34","slug":"faberge-style-lilies-of-the-valley-egg-trinket-jewel-box-with-emperors-crown-85-cm-cream","status":"publish","type":"product","link":"https:\/\/danila-souvenirs.com\/uk\/ru\/product\/faberge-style-lilies-of-the-valley-egg-trinket-jewel-box-with-emperors-crown-85-cm-cream\/","title":{"rendered":"Glamorous style Easter Egg \/ Trinket Jewel Box Lilies of the Valley 8.5 cm cream"},"content":{"rendered":"<div>Material: Alloy of non-ferrous metals, enamel, crystals.<\/div>\n<div><\/div>\n<div>Height: 8,5 cm.<\/div>\n<div><\/div>\n<div>Weight: 170 g.<\/div>\n<div><\/div>\n<div>Color: cream.<\/div>\n<div><\/div>\n<div>This egg is a replica of the famous Lilies of the Valley Faberg\u00e9 Egg. The Lilies of the Valley Egg is a jewelled Faberg\u00e9 egg made under the supervision of the jeweller Peter Carl Faberg\u00e9 in 1898 by Faberg\u00e9 ateliers. The supervising goldsmith was Michael Perchin. The egg is one of the two eggs in the Art Nouveau style. It was presented on April 5 to Emperor Nicholas II, who gave it as a gift to Empress Alexandra Fyodorovna. The egg can be used as a trinket jewel box.<\/div>\n","protected":false},"excerpt":{"rendered":"<p>Material: Alloy of non-ferrous metals, enamel, crystals. Height: 8,5 cm. Weight: 170 g. Color: cream. This egg is a replica of the famous Lilies of the Valley Faberg\u00e9 Egg. The Lilies of the Valley Egg is a jewelled Faberg\u00e9 egg made under the supervision of the jeweller Peter Carl Faberg\u00e9 in 1898 by Faberg\u00e9 ateliers. [&hellip;]<\/p>\n","protected":false},"featured_media":6505,"comment_status":"open","ping_status":"closed","template":"","meta":{"_et_pb_use_builder":"","_et_pb_old_content":"","_et_gb_content_width":""},"product_brand":[],"product_cat":[117,62,63],"product_tag":[],"class_list":{"0":"post-6498","1":"product","2":"type-product","3":"status-publish","4":"has-post-thumbnail","6":"product_cat-floral-eggs","7":"product_cat-easter-eggs","8":"product_cat-trinket-boxes","10":"first","11":"instock","12":"shipping-taxable","13":"purchasable","14":"product-type-simple"},"_links":{"self":[{"href":"https:\/\/danila-souvenirs.com\/uk\/ru\/wp-json\/wp\/v2\/product\/6498","targetHints":{"allow":["GET"]}}],"collection":[{"href":"https:\/\/danila-souvenirs.com\/uk\/ru\/wp-json\/wp\/v2\/product"}],"about":[{"href":"https:\/\/danila-souvenirs.com\/uk\/ru\/wp-json\/wp\/v2\/types\/product"}],"replies":[{"embeddable":true,"href":"https:\/\/danila-souvenirs.com\/uk\/ru\/wp-json\/wp\/v2\/comments?post=6498"}],"wp:featuredmedia":[{"embeddable":true,"href":"https:\/\/danila-souvenirs.com\/uk\/ru\/wp-json\/wp\/v2\/media\/6505"}],"wp:attachment":[{"href":"https:\/\/danila-souvenirs.com\/uk\/ru\/wp-json\/wp\/v2\/media?parent=6498"}],"wp:term":[{"taxonomy":"product_brand","embeddable":true,"href":"https:\/\/danila-souvenirs.com\/uk\/ru\/wp-json\/wp\/v2\/product_brand?post=6498"},{"taxonomy":"product_cat","embeddable":true,"href":"https:\/\/danila-souvenirs.com\/uk\/ru\/wp-json\/wp\/v2\/product_cat?post=6498"},{"taxonomy":"product_tag","embeddable":true,"href":"https:\/\/danila-souvenirs.com\/uk\/ru\/wp-json\/wp\/v2\/product_tag?post=6498"}],"curies":[{"name":"wp","href":"https:\/\/api.w.org\/{rel}","templated":true}]}}