{"id":9975,"date":"2021-08-08T16:29:13","date_gmt":"2021-08-08T13:29:13","guid":{"rendered":"https:\/\/danila-souvenirs.com\/de\/product\/faberge-egg-trinket-jewel-box-the-globe-with-ship-14-5-cm-blue\/"},"modified":"2024-11-29T18:33:16","modified_gmt":"2024-11-29T15:33:16","slug":"russische-faberge-stil-ei-schmuckkastchen-jewel-box-den-globus-mit-schiff-15-cm-3","status":"publish","type":"product","link":"https:\/\/danila-souvenirs.com\/de\/product\/russische-faberge-stil-ei-schmuckkastchen-jewel-box-den-globus-mit-schiff-15-cm-3\/?lang=fr","title":{"rendered":"Oeuf de P\u00e2ques de style glamour \/ bo\u00eete \u00e0 bijoux Globe avec le bateau 14,5 cm, bleu"},"content":{"rendered":"<div>Mat\u00e9riel: Alliage de m\u00e9taux non ferreux, \u00e9mail, cristaux.<\/div>\n<div><\/div>\n<div>Hauteur: 14,5 cm.<\/div>\n<div><\/div>\n<div>Poids: 675 g.<\/div>\n<div><\/div>\n<div>Couleur: bleu.<\/div>\n<div><\/div>\n<div>C&#8217;est un petit globe qui se tient sur deux gros poissons. \u00c0 l&#8217;int\u00e9rieur du globe, vous pouvez trouver un petit bateau. L&#8217;oeuf peut \u00eatre utilis\u00e9 comme une bo\u00eete \u00e0 bijoux.<\/div>\n","protected":false},"excerpt":{"rendered":"<p>Mat\u00e9riel: Alliage de m\u00e9taux non ferreux, \u00e9mail, cristaux. Hauteur: 14,5 cm. Poids: 675 g. Couleur: bleu. C&#8217;est un petit globe qui se tient sur deux gros poissons. \u00c0 l&#8217;int\u00e9rieur du globe, vous pouvez trouver un petit bateau. L&#8217;oeuf peut \u00eatre utilis\u00e9 comme une bo\u00eete \u00e0 bijoux.<\/p>\n","protected":false},"featured_media":9513,"comment_status":"closed","ping_status":"closed","template":"","meta":{"_et_pb_use_builder":"","_et_pb_old_content":"","_et_gb_content_width":""},"product_brand":[],"product_cat":[174,175,173],"product_tag":[],"class_list":{"0":"post-9975","1":"product","2":"type-product","3":"status-publish","4":"has-post-thumbnail","6":"product_cat-trinket-boxes-fr","7":"product_cat-eggs-with-surprise-fr","8":"product_cat-oeufs-de-paques","9":"pa_color-blue-fr","11":"first","12":"instock","13":"shipping-taxable","14":"purchasable","15":"product-type-simple"},"_links":{"self":[{"href":"https:\/\/danila-souvenirs.com\/de\/wp-json\/wp\/v2\/product\/9975","targetHints":{"allow":["GET"]}}],"collection":[{"href":"https:\/\/danila-souvenirs.com\/de\/wp-json\/wp\/v2\/product"}],"about":[{"href":"https:\/\/danila-souvenirs.com\/de\/wp-json\/wp\/v2\/types\/product"}],"replies":[{"embeddable":true,"href":"https:\/\/danila-souvenirs.com\/de\/wp-json\/wp\/v2\/comments?post=9975"}],"wp:featuredmedia":[{"embeddable":true,"href":"https:\/\/danila-souvenirs.com\/de\/wp-json\/wp\/v2\/media\/9513"}],"wp:attachment":[{"href":"https:\/\/danila-souvenirs.com\/de\/wp-json\/wp\/v2\/media?parent=9975"}],"wp:term":[{"taxonomy":"product_brand","embeddable":true,"href":"https:\/\/danila-souvenirs.com\/de\/wp-json\/wp\/v2\/product_brand?post=9975"},{"taxonomy":"product_cat","embeddable":true,"href":"https:\/\/danila-souvenirs.com\/de\/wp-json\/wp\/v2\/product_cat?post=9975"},{"taxonomy":"product_tag","embeddable":true,"href":"https:\/\/danila-souvenirs.com\/de\/wp-json\/wp\/v2\/product_tag?post=9975"}],"curies":[{"name":"wp","href":"https:\/\/api.w.org\/{rel}","templated":true}]}}