{"id":9971,"date":"2022-02-28T20:18:14","date_gmt":"2022-02-28T17:18:14","guid":{"rendered":"https:\/\/danila-souvenirs.com\/de\/product\/amerikanischer-praesident-abraham-lincoln-marmor-bueste-statue-skulptur-125-cm\/"},"modified":"2023-04-19T22:58:19","modified_gmt":"2023-04-19T19:58:19","slug":"danila-souvenirs-statue-skulptur-motiv-american-president-abraham-lincoln-marmor-13-cm-weis-2","status":"publish","type":"product","link":"https:\/\/danila-souvenirs.com\/de\/product\/danila-souvenirs-statue-skulptur-motiv-american-president-abraham-lincoln-marmor-13-cm-weis-2\/?lang=de","title":{"rendered":"Amerikanischer Pr\u00e4sident Abraham Lincoln marmor B\u00fcste Statue Skulptur 12,5 cm"},"content":{"rendered":"<div>Material: k\u00fcnstlicher Marmor.<\/div>\n<div><\/div>\n<div>H\u00f6he: 12,5 cm.<\/div>\n<div><\/div>\n<div>Gewicht: 450 Gramm.<\/div>\n<div><\/div>\n<div>Farbe: wei\u00df.<\/div>\n<div><\/div>\n<div>Abraham Lincoln (12. Februar 1809 \u2013 15. April 1865) war ein amerikanischer Politiker und Anwalt, der von M\u00e4rz 1861 bis zu seiner Ermordung im April 1865 als 16. Pr\u00e4sident der Vereinigten Staaten fungierte. Lincoln f\u00fchrte die Vereinigten Staaten durch ihren B\u00fcrgerkrieg \u2013 ihren blutigsten Krieg und vielleicht seine gr\u00f6\u00dfte moralische, konstitutionelle und politische Krise. Damit bewahrte er die Union, ebnete den Weg zur Abschaffung der Sklaverei, st\u00e4rkte die Bundesregierung und modernisierte die Wirtschaft.<\/div>\n","protected":false},"excerpt":{"rendered":"<p>Material: k\u00fcnstlicher Marmor. H\u00f6he: 12,5 cm. Gewicht: 450 Gramm. Farbe: wei\u00df. Abraham Lincoln (12. Februar 1809 \u2013 15. April 1865) war ein amerikanischer Politiker und Anwalt, der von M\u00e4rz 1861 bis zu seiner Ermordung im April 1865 als 16. Pr\u00e4sident der Vereinigten Staaten fungierte. Lincoln f\u00fchrte die Vereinigten Staaten durch ihren B\u00fcrgerkrieg \u2013 ihren blutigsten [&hellip;]<\/p>\n","protected":false},"featured_media":13436,"comment_status":"closed","ping_status":"closed","template":"","meta":{"_et_pb_use_builder":"","_et_pb_old_content":"","_et_gb_content_width":""},"product_brand":[],"product_cat":[172,166,167],"product_tag":[],"class_list":{"0":"post-9971","1":"product","2":"type-product","3":"status-publish","4":"has-post-thumbnail","6":"product_cat-american-de","7":"product_cat-uncategorized-de","8":"product_cat-statues-de","9":"pa_color-white-de","11":"first","12":"instock","13":"shipping-taxable","14":"purchasable","15":"product-type-simple"},"_links":{"self":[{"href":"https:\/\/danila-souvenirs.com\/de\/wp-json\/wp\/v2\/product\/9971","targetHints":{"allow":["GET"]}}],"collection":[{"href":"https:\/\/danila-souvenirs.com\/de\/wp-json\/wp\/v2\/product"}],"about":[{"href":"https:\/\/danila-souvenirs.com\/de\/wp-json\/wp\/v2\/types\/product"}],"replies":[{"embeddable":true,"href":"https:\/\/danila-souvenirs.com\/de\/wp-json\/wp\/v2\/comments?post=9971"}],"wp:featuredmedia":[{"embeddable":true,"href":"https:\/\/danila-souvenirs.com\/de\/wp-json\/wp\/v2\/media\/13436"}],"wp:attachment":[{"href":"https:\/\/danila-souvenirs.com\/de\/wp-json\/wp\/v2\/media?parent=9971"}],"wp:term":[{"taxonomy":"product_brand","embeddable":true,"href":"https:\/\/danila-souvenirs.com\/de\/wp-json\/wp\/v2\/product_brand?post=9971"},{"taxonomy":"product_cat","embeddable":true,"href":"https:\/\/danila-souvenirs.com\/de\/wp-json\/wp\/v2\/product_cat?post=9971"},{"taxonomy":"product_tag","embeddable":true,"href":"https:\/\/danila-souvenirs.com\/de\/wp-json\/wp\/v2\/product_tag?post=9971"}],"curies":[{"name":"wp","href":"https:\/\/api.w.org\/{rel}","templated":true}]}}