{"id":9969,"date":"2022-02-28T20:15:37","date_gmt":"2022-02-28T17:15:37","guid":{"rendered":"https:\/\/danila-souvenirs.com\/de\/product\/amerikanischer-praesident-john-f-kennedy-marmor-bueste-statue-skulptur-135-cm\/"},"modified":"2023-04-19T22:56:42","modified_gmt":"2023-04-19T19:56:42","slug":"statue-skulptur-mit-marmor-buste-john-f-kennedy-14-cm-weis-2","status":"publish","type":"product","link":"https:\/\/danila-souvenirs.com\/de\/product\/statue-skulptur-mit-marmor-buste-john-f-kennedy-14-cm-weis-2\/?lang=de","title":{"rendered":"Amerikanischer Pr\u00e4sident John F. Kennedy marmor B\u00fcste Statue Skulptur 13,5 cm"},"content":{"rendered":"<div>Material: k\u00fcnstlicher Marmor.<\/div>\n<div><\/div>\n<div>H\u00f6he: 13,5 cm.<\/div>\n<div><\/div>\n<div>Gewicht: 500 Gramm.<\/div>\n<div><\/div>\n<div>Farbe: wei\u00df.<\/div>\n<div><\/div>\n<div>John Fitzgerald &#8220;Jack&#8221; Kennedy (29. Mai 1917 &#8211; 22. November 1963), allgemein mit seinen Initialen JFK bezeichnet, war ein amerikanischer Politiker, der von Januar 1961 bis zu seiner Ermordung im November 1963 als 35. Pr\u00e4sident der Vereinigten Staaten fungierte. Kennedy diente auf dem H\u00f6hepunkt des Kalten Krieges, und ein Gro\u00dfteil seiner Pr\u00e4sidentschaft konzentrierte sich auf die Verwaltung der Beziehungen zur Sowjetunion. Als Mitglied der Demokratischen Partei vertrat er Massachusetts im Repr\u00e4sentantenhaus der Vereinigten Staaten und im Senat der Vereinigten Staaten, bevor er Pr\u00e4sident wurde.<\/div>\n","protected":false},"excerpt":{"rendered":"<p>Material: k\u00fcnstlicher Marmor. H\u00f6he: 13,5 cm. Gewicht: 500 Gramm. Farbe: wei\u00df. John Fitzgerald &#8220;Jack&#8221; Kennedy (29. Mai 1917 &#8211; 22. November 1963), allgemein mit seinen Initialen JFK bezeichnet, war ein amerikanischer Politiker, der von Januar 1961 bis zu seiner Ermordung im November 1963 als 35. Pr\u00e4sident der Vereinigten Staaten fungierte. Kennedy diente auf dem H\u00f6hepunkt [&hellip;]<\/p>\n","protected":false},"featured_media":13430,"comment_status":"closed","ping_status":"closed","template":"","meta":{"_et_pb_use_builder":"","_et_pb_old_content":"","_et_gb_content_width":""},"product_brand":[],"product_cat":[172,166,167],"product_tag":[],"class_list":{"0":"post-9969","1":"product","2":"type-product","3":"status-publish","4":"has-post-thumbnail","6":"product_cat-american-de","7":"product_cat-uncategorized-de","8":"product_cat-statues-de","9":"pa_color-white-de","11":"first","12":"instock","13":"shipping-taxable","14":"purchasable","15":"product-type-simple"},"_links":{"self":[{"href":"https:\/\/danila-souvenirs.com\/de\/wp-json\/wp\/v2\/product\/9969","targetHints":{"allow":["GET"]}}],"collection":[{"href":"https:\/\/danila-souvenirs.com\/de\/wp-json\/wp\/v2\/product"}],"about":[{"href":"https:\/\/danila-souvenirs.com\/de\/wp-json\/wp\/v2\/types\/product"}],"replies":[{"embeddable":true,"href":"https:\/\/danila-souvenirs.com\/de\/wp-json\/wp\/v2\/comments?post=9969"}],"wp:featuredmedia":[{"embeddable":true,"href":"https:\/\/danila-souvenirs.com\/de\/wp-json\/wp\/v2\/media\/13430"}],"wp:attachment":[{"href":"https:\/\/danila-souvenirs.com\/de\/wp-json\/wp\/v2\/media?parent=9969"}],"wp:term":[{"taxonomy":"product_brand","embeddable":true,"href":"https:\/\/danila-souvenirs.com\/de\/wp-json\/wp\/v2\/product_brand?post=9969"},{"taxonomy":"product_cat","embeddable":true,"href":"https:\/\/danila-souvenirs.com\/de\/wp-json\/wp\/v2\/product_cat?post=9969"},{"taxonomy":"product_tag","embeddable":true,"href":"https:\/\/danila-souvenirs.com\/de\/wp-json\/wp\/v2\/product_tag?post=9969"}],"curies":[{"name":"wp","href":"https:\/\/api.w.org\/{rel}","templated":true}]}}