{"id":9967,"date":"2022-02-28T20:07:26","date_gmt":"2022-02-28T17:07:26","guid":{"rendered":"https:\/\/danila-souvenirs.com\/de\/product\/sowjetischer-russischer-kosmonaut-juri-gagarin-stein-bueste-statue-skulptur-11-cm\/"},"modified":"2023-04-19T22:52:05","modified_gmt":"2023-04-19T19:52:05","slug":"sowjetischen-russische-udssr-kosmonaut-raumfahrer-juri-gagarin-stein-buste-statue-skulptur-12-cm-3","status":"publish","type":"product","link":"https:\/\/danila-souvenirs.com\/de\/product\/sowjetischen-russische-udssr-kosmonaut-raumfahrer-juri-gagarin-stein-buste-statue-skulptur-12-cm-3\/?lang=de","title":{"rendered":"Sowjetischer Russischer Kosmonaut Juri Gagarin stein B\u00fcste Statue Skulptur 11 cm"},"content":{"rendered":"<div>Material: k\u00fcnstlicher Stein.<\/div>\n<div><\/div>\n<div>H\u00f6he: 11 cm.<\/div>\n<div><\/div>\n<div>Gewicht: 190 Gramm.<\/div>\n<div><\/div>\n<div>Farbe: schwarz.<\/div>\n<div><\/div>\n<div>Yuri Gagarin (9. M\u00e4rz 1934 &#8211; 27. M\u00e4rz 1968) war ein sowjetischer Pilot und Kosmonaut. Er war der erste Mensch, der in den Weltraum reiste, als sein Wostok-Raumschiff am 12. April 1961 eine Erdumlaufbahn beendete.<\/div>\n","protected":false},"excerpt":{"rendered":"<p>Material: k\u00fcnstlicher Stein. H\u00f6he: 11 cm. Gewicht: 190 Gramm. Farbe: schwarz. Yuri Gagarin (9. M\u00e4rz 1934 &#8211; 27. M\u00e4rz 1968) war ein sowjetischer Pilot und Kosmonaut. Er war der erste Mensch, der in den Weltraum reiste, als sein Wostok-Raumschiff am 12. April 1961 eine Erdumlaufbahn beendete.<\/p>\n","protected":false},"featured_media":14900,"comment_status":"closed","ping_status":"closed","template":"","meta":{"_et_pb_use_builder":"","_et_pb_old_content":"","_et_gb_content_width":""},"product_brand":[],"product_cat":[166,168,167],"product_tag":[],"class_list":{"0":"post-9967","1":"product","2":"type-product","3":"status-publish","4":"has-post-thumbnail","6":"product_cat-uncategorized-de","7":"product_cat-russian-de","8":"product_cat-statues-de","9":"pa_color-black-de","11":"first","12":"instock","13":"shipping-taxable","14":"purchasable","15":"product-type-simple"},"_links":{"self":[{"href":"https:\/\/danila-souvenirs.com\/de\/wp-json\/wp\/v2\/product\/9967","targetHints":{"allow":["GET"]}}],"collection":[{"href":"https:\/\/danila-souvenirs.com\/de\/wp-json\/wp\/v2\/product"}],"about":[{"href":"https:\/\/danila-souvenirs.com\/de\/wp-json\/wp\/v2\/types\/product"}],"replies":[{"embeddable":true,"href":"https:\/\/danila-souvenirs.com\/de\/wp-json\/wp\/v2\/comments?post=9967"}],"wp:featuredmedia":[{"embeddable":true,"href":"https:\/\/danila-souvenirs.com\/de\/wp-json\/wp\/v2\/media\/14900"}],"wp:attachment":[{"href":"https:\/\/danila-souvenirs.com\/de\/wp-json\/wp\/v2\/media?parent=9967"}],"wp:term":[{"taxonomy":"product_brand","embeddable":true,"href":"https:\/\/danila-souvenirs.com\/de\/wp-json\/wp\/v2\/product_brand?post=9967"},{"taxonomy":"product_cat","embeddable":true,"href":"https:\/\/danila-souvenirs.com\/de\/wp-json\/wp\/v2\/product_cat?post=9967"},{"taxonomy":"product_tag","embeddable":true,"href":"https:\/\/danila-souvenirs.com\/de\/wp-json\/wp\/v2\/product_tag?post=9967"}],"curies":[{"name":"wp","href":"https:\/\/api.w.org\/{rel}","templated":true}]}}