{"id":9963,"date":"2022-02-28T20:12:36","date_gmt":"2022-02-28T17:12:36","guid":{"rendered":"https:\/\/danila-souvenirs.com\/de\/product\/libyscher-revolutionaer-oberst-muammar-gaddafi-stein-bueste-statue-skulptur-11-5-cm\/"},"modified":"2023-04-19T02:37:36","modified_gmt":"2023-04-18T23:37:36","slug":"libyscher-revolutionar-oberst-muammar-gaddafi-stein-buste-statue-skulptur-12-cm-schwarz-3","status":"publish","type":"product","link":"https:\/\/danila-souvenirs.com\/de\/product\/libyscher-revolutionar-oberst-muammar-gaddafi-stein-buste-statue-skulptur-12-cm-schwarz-3\/?lang=de","title":{"rendered":"Libyscher Revolution\u00e4r Oberst Muammar Gaddafi stein B\u00fcste Statue Skulptur 11,5 cm"},"content":{"rendered":"<div>Material: k\u00fcnstlicher Stein.<\/div>\n<div><\/div>\n<div>H\u00f6he: 11,5 cm.<\/div>\n<div><\/div>\n<div>Gewicht: 210 Gramm.<\/div>\n<div><\/div>\n<div>Farbe: schwarz.<\/div>\n<div><\/div>\n<div>Muammar Muhammad Abu Minyar al-Gaddafi (ca. 1942 &#8211; 20. Oktober 2011), allgemein bekannt als Oberst Gaddafi, war ein libyscher Revolution\u00e4r und Politiker und 42 Jahre lang der De-facto-Herrscher von Libyen. Bei einem Staatsstreich von 1969 \u00fcbernahm er die Macht und regierte von 1969 bis 1977 als Revolutionsvorsitzender der Libyschen Arabischen Republik und von 1977 bis 2011 als &#8220;Bruderf\u00fchrer&#8221; des libyschen Arabers Jamahiriya des Gro\u00dfen Sozialistischen Volkes der libysche B\u00fcrgerkrieg.<\/div>\n","protected":false},"excerpt":{"rendered":"<p>Material: k\u00fcnstlicher Stein. H\u00f6he: 11,5 cm. Gewicht: 210 Gramm. Farbe: schwarz. Muammar Muhammad Abu Minyar al-Gaddafi (ca. 1942 &#8211; 20. Oktober 2011), allgemein bekannt als Oberst Gaddafi, war ein libyscher Revolution\u00e4r und Politiker und 42 Jahre lang der De-facto-Herrscher von Libyen. Bei einem Staatsstreich von 1969 \u00fcbernahm er die Macht und regierte von 1969 bis [&hellip;]<\/p>\n","protected":false},"featured_media":6970,"comment_status":"closed","ping_status":"closed","template":"","meta":{"_et_pb_use_builder":"","_et_pb_old_content":"","_et_gb_content_width":""},"product_brand":[],"product_cat":[171,166,167],"product_tag":[],"class_list":{"0":"post-9963","1":"product","2":"type-product","3":"status-publish","4":"has-post-thumbnail","6":"product_cat-international-de","7":"product_cat-uncategorized-de","8":"product_cat-statues-de","9":"pa_color-black-de","11":"first","12":"instock","13":"shipping-taxable","14":"purchasable","15":"product-type-simple"},"_links":{"self":[{"href":"https:\/\/danila-souvenirs.com\/de\/wp-json\/wp\/v2\/product\/9963","targetHints":{"allow":["GET"]}}],"collection":[{"href":"https:\/\/danila-souvenirs.com\/de\/wp-json\/wp\/v2\/product"}],"about":[{"href":"https:\/\/danila-souvenirs.com\/de\/wp-json\/wp\/v2\/types\/product"}],"replies":[{"embeddable":true,"href":"https:\/\/danila-souvenirs.com\/de\/wp-json\/wp\/v2\/comments?post=9963"}],"wp:featuredmedia":[{"embeddable":true,"href":"https:\/\/danila-souvenirs.com\/de\/wp-json\/wp\/v2\/media\/6970"}],"wp:attachment":[{"href":"https:\/\/danila-souvenirs.com\/de\/wp-json\/wp\/v2\/media?parent=9963"}],"wp:term":[{"taxonomy":"product_brand","embeddable":true,"href":"https:\/\/danila-souvenirs.com\/de\/wp-json\/wp\/v2\/product_brand?post=9963"},{"taxonomy":"product_cat","embeddable":true,"href":"https:\/\/danila-souvenirs.com\/de\/wp-json\/wp\/v2\/product_cat?post=9963"},{"taxonomy":"product_tag","embeddable":true,"href":"https:\/\/danila-souvenirs.com\/de\/wp-json\/wp\/v2\/product_tag?post=9963"}],"curies":[{"name":"wp","href":"https:\/\/api.w.org\/{rel}","templated":true}]}}