{"id":9876,"date":"2022-02-28T20:20:02","date_gmt":"2022-02-28T17:20:02","guid":{"rendered":"https:\/\/danila-souvenirs.com\/de\/product\/dekorative-stein-skulptur-statue-figur-schildkroete-3-2-schwarz\/"},"modified":"2023-04-19T23:39:12","modified_gmt":"2023-04-19T20:39:12","slug":"dekorative-stein-skulptur-statue-figur-schildkrote-8-cm-schwarz-3","status":"publish","type":"product","link":"https:\/\/danila-souvenirs.com\/de\/product\/dekorative-stein-skulptur-statue-figur-schildkrote-8-cm-schwarz-3\/?lang=de","title":{"rendered":"dekorative stein Statue Figur Skulptur schwarze Schildkr\u00f6te 8 cm"},"content":{"rendered":"<div>Material: k\u00fcnstlicher Stein.<\/div>\n<div><\/div>\n<div>Gr\u00f6\u00dfe: 8 cm x 6 cm x 3.5 cm.<\/div>\n<div><\/div>\n<div>Gewicht: 115 Gramm.<\/div>\n<div><\/div>\n<div>Farbe: schwarz.<\/div>\n","protected":false},"excerpt":{"rendered":"<p>Material: k\u00fcnstlicher Stein. Gr\u00f6\u00dfe: 8 cm x 6 cm x 3.5 cm. Gewicht: 115 Gramm. Farbe: schwarz.<\/p>\n","protected":false},"featured_media":6674,"comment_status":"closed","ping_status":"closed","template":"","meta":{"_et_pb_use_builder":"","_et_pb_old_content":"","_et_gb_content_width":""},"product_brand":[],"product_cat":[166,167,169],"product_tag":[],"class_list":{"0":"post-9876","1":"product","2":"type-product","3":"status-publish","4":"has-post-thumbnail","6":"product_cat-uncategorized-de","7":"product_cat-statues-de","8":"product_cat-animal-figurines-de","10":"first","11":"instock","12":"shipping-taxable","13":"purchasable","14":"product-type-simple"},"_links":{"self":[{"href":"https:\/\/danila-souvenirs.com\/de\/wp-json\/wp\/v2\/product\/9876","targetHints":{"allow":["GET"]}}],"collection":[{"href":"https:\/\/danila-souvenirs.com\/de\/wp-json\/wp\/v2\/product"}],"about":[{"href":"https:\/\/danila-souvenirs.com\/de\/wp-json\/wp\/v2\/types\/product"}],"replies":[{"embeddable":true,"href":"https:\/\/danila-souvenirs.com\/de\/wp-json\/wp\/v2\/comments?post=9876"}],"wp:featuredmedia":[{"embeddable":true,"href":"https:\/\/danila-souvenirs.com\/de\/wp-json\/wp\/v2\/media\/6674"}],"wp:attachment":[{"href":"https:\/\/danila-souvenirs.com\/de\/wp-json\/wp\/v2\/media?parent=9876"}],"wp:term":[{"taxonomy":"product_brand","embeddable":true,"href":"https:\/\/danila-souvenirs.com\/de\/wp-json\/wp\/v2\/product_brand?post=9876"},{"taxonomy":"product_cat","embeddable":true,"href":"https:\/\/danila-souvenirs.com\/de\/wp-json\/wp\/v2\/product_cat?post=9876"},{"taxonomy":"product_tag","embeddable":true,"href":"https:\/\/danila-souvenirs.com\/de\/wp-json\/wp\/v2\/product_tag?post=9876"}],"curies":[{"name":"wp","href":"https:\/\/api.w.org\/{rel}","templated":true}]}}