{"id":9874,"date":"2021-05-16T17:54:22","date_gmt":"2021-05-16T14:54:22","guid":{"rendered":"https:\/\/danila-souvenirs.com\/de\/product\/sowjetischer-russischer-udssr-kommunistische-leon-trotzki-marmor-bueste-statue-skulptur-6-4\/"},"modified":"2023-04-19T23:36:27","modified_gmt":"2023-04-19T20:36:27","slug":"sowjetischer-russischer-kommunist-leo-trotzki-marmor-buste-statue-skulptur-16-cm-weis-4","status":"publish","type":"product","link":"https:\/\/danila-souvenirs.com\/de\/product\/sowjetischer-russischer-kommunist-leo-trotzki-marmor-buste-statue-skulptur-16-cm-weis-4\/?lang=de","title":{"rendered":"sowjetischer russischer Kommunist Leo (Lew) Trotzki marmor B\u00fcste Statue Skulptur 16 cm"},"content":{"rendered":"<div>Material: k\u00fcnstlicher Marmor.<\/div>\n<div><\/div>\n<div>H\u00f6he: 16 cm.<\/div>\n<div><\/div>\n<div>Gewicht: 520 Gramm.<\/div>\n<div><\/div>\n<div>Farbe: wei\u00df.<\/div>\n<div><\/div>\n<div>Leo Trotzki (7. November 1879 &#8211; 21. August 1940) war ein russischer marxistischer Revolution\u00e4r und Theoretiker, ein sowjetischer Politiker und der Gr\u00fcnder und erste F\u00fchrer der Roten Armee.<\/div>\n","protected":false},"excerpt":{"rendered":"<p>Material: k\u00fcnstlicher Marmor. H\u00f6he: 16 cm. Gewicht: 520 Gramm. Farbe: wei\u00df. Leo Trotzki (7. November 1879 &#8211; 21. August 1940) war ein russischer marxistischer Revolution\u00e4r und Theoretiker, ein sowjetischer Politiker und der Gr\u00fcnder und erste F\u00fchrer der Roten Armee.<\/p>\n","protected":false},"featured_media":14470,"comment_status":"closed","ping_status":"closed","template":"","meta":{"_et_pb_use_builder":"","_et_pb_old_content":"","_et_gb_content_width":""},"product_brand":[],"product_cat":[166,168,167],"product_tag":[],"class_list":{"0":"post-9874","1":"product","2":"type-product","3":"status-publish","4":"has-post-thumbnail","6":"product_cat-uncategorized-de","7":"product_cat-russian-de","8":"product_cat-statues-de","9":"pa_color-white-de","11":"first","12":"instock","13":"shipping-taxable","14":"purchasable","15":"product-type-simple"},"_links":{"self":[{"href":"https:\/\/danila-souvenirs.com\/de\/wp-json\/wp\/v2\/product\/9874","targetHints":{"allow":["GET"]}}],"collection":[{"href":"https:\/\/danila-souvenirs.com\/de\/wp-json\/wp\/v2\/product"}],"about":[{"href":"https:\/\/danila-souvenirs.com\/de\/wp-json\/wp\/v2\/types\/product"}],"replies":[{"embeddable":true,"href":"https:\/\/danila-souvenirs.com\/de\/wp-json\/wp\/v2\/comments?post=9874"}],"wp:featuredmedia":[{"embeddable":true,"href":"https:\/\/danila-souvenirs.com\/de\/wp-json\/wp\/v2\/media\/14470"}],"wp:attachment":[{"href":"https:\/\/danila-souvenirs.com\/de\/wp-json\/wp\/v2\/media?parent=9874"}],"wp:term":[{"taxonomy":"product_brand","embeddable":true,"href":"https:\/\/danila-souvenirs.com\/de\/wp-json\/wp\/v2\/product_brand?post=9874"},{"taxonomy":"product_cat","embeddable":true,"href":"https:\/\/danila-souvenirs.com\/de\/wp-json\/wp\/v2\/product_cat?post=9874"},{"taxonomy":"product_tag","embeddable":true,"href":"https:\/\/danila-souvenirs.com\/de\/wp-json\/wp\/v2\/product_tag?post=9874"}],"curies":[{"name":"wp","href":"https:\/\/api.w.org\/{rel}","templated":true}]}}