{"id":9873,"date":"2021-12-29T17:46:06","date_gmt":"2021-12-29T14:46:06","guid":{"rendered":"https:\/\/danila-souvenirs.com\/de\/product\/russische-schriftsteller-leo-lew-tolstoi-marmor-bueste-statue-skulptur-5-8\/"},"modified":"2023-04-19T23:34:47","modified_gmt":"2023-04-19T20:34:47","slug":"russischer-schriftsteller-leo-tolstoi-marmor-buste-statue-skulptur-14-cm-weis-3","status":"publish","type":"product","link":"https:\/\/danila-souvenirs.com\/de\/product\/russischer-schriftsteller-leo-tolstoi-marmor-buste-statue-skulptur-14-cm-weis-3\/?lang=de","title":{"rendered":"russischer Schriftsteller Lew Tolstoi marmor B\u00fcste Statue Skulptur 14,5 cm"},"content":{"rendered":"<div>Material: k\u00fcnstlicher Marmor.<\/div>\n<div><\/div>\n<div>H\u00f6he: 14,5 cm.<\/div>\n<div><\/div>\n<div>Gewicht: 360 Gramm.<\/div>\n<div><\/div>\n<div>Farbe: wei\u00df.<\/div>\n<div><\/div>\n<div>Lew Tolstoi war ein russischer Schriftsteller, der haupts\u00e4chlich Romane und Kurzgeschichten schrieb. Tolstoi ist gleicherma\u00dfen bekannt f\u00fcr seine komplizierte und paradoxe Pers\u00f6nlichkeit und f\u00fcr seine extrem moralischen und asketischen Ansichten.<\/div>\n","protected":false},"excerpt":{"rendered":"<p>Material: k\u00fcnstlicher Marmor. H\u00f6he: 14,5 cm. Gewicht: 360 Gramm. Farbe: wei\u00df. Lew Tolstoi war ein russischer Schriftsteller, der haupts\u00e4chlich Romane und Kurzgeschichten schrieb. Tolstoi ist gleicherma\u00dfen bekannt f\u00fcr seine komplizierte und paradoxe Pers\u00f6nlichkeit und f\u00fcr seine extrem moralischen und asketischen Ansichten.<\/p>\n","protected":false},"featured_media":7986,"comment_status":"closed","ping_status":"closed","template":"","meta":{"_et_pb_use_builder":"","_et_pb_old_content":"","_et_gb_content_width":""},"product_brand":[],"product_cat":[166,168,167],"product_tag":[],"class_list":{"0":"post-9873","1":"product","2":"type-product","3":"status-publish","4":"has-post-thumbnail","6":"product_cat-uncategorized-de","7":"product_cat-russian-de","8":"product_cat-statues-de","9":"pa_color-white-de","11":"first","12":"instock","13":"shipping-taxable","14":"purchasable","15":"product-type-simple"},"_links":{"self":[{"href":"https:\/\/danila-souvenirs.com\/de\/wp-json\/wp\/v2\/product\/9873","targetHints":{"allow":["GET"]}}],"collection":[{"href":"https:\/\/danila-souvenirs.com\/de\/wp-json\/wp\/v2\/product"}],"about":[{"href":"https:\/\/danila-souvenirs.com\/de\/wp-json\/wp\/v2\/types\/product"}],"replies":[{"embeddable":true,"href":"https:\/\/danila-souvenirs.com\/de\/wp-json\/wp\/v2\/comments?post=9873"}],"wp:featuredmedia":[{"embeddable":true,"href":"https:\/\/danila-souvenirs.com\/de\/wp-json\/wp\/v2\/media\/7986"}],"wp:attachment":[{"href":"https:\/\/danila-souvenirs.com\/de\/wp-json\/wp\/v2\/media?parent=9873"}],"wp:term":[{"taxonomy":"product_brand","embeddable":true,"href":"https:\/\/danila-souvenirs.com\/de\/wp-json\/wp\/v2\/product_brand?post=9873"},{"taxonomy":"product_cat","embeddable":true,"href":"https:\/\/danila-souvenirs.com\/de\/wp-json\/wp\/v2\/product_cat?post=9873"},{"taxonomy":"product_tag","embeddable":true,"href":"https:\/\/danila-souvenirs.com\/de\/wp-json\/wp\/v2\/product_tag?post=9873"}],"curies":[{"name":"wp","href":"https:\/\/api.w.org\/{rel}","templated":true}]}}