{"id":9869,"date":"2021-05-16T17:47:07","date_gmt":"2021-05-16T14:47:07","guid":{"rendered":"https:\/\/danila-souvenirs.com\/de\/product\/franzoesische-kaiser-napoleon-bonaparte-marmor-bueste-statue-skulptur-5-2\/"},"modified":"2023-04-19T23:26:49","modified_gmt":"2023-04-19T20:26:49","slug":"franzosischer-kaiser-napoleon-bonaparte-marmor-buste-statue-skulptur-135-cm-weis-4","status":"publish","type":"product","link":"https:\/\/danila-souvenirs.com\/de\/product\/franzosischer-kaiser-napoleon-bonaparte-marmor-buste-statue-skulptur-135-cm-weis-4\/?lang=de","title":{"rendered":"franz\u00f6sischer Kaiser Napoleon Bonaparte marmor B\u00fcste Statue Skulptur 13 cm"},"content":{"rendered":"<div>Material: k\u00fcnstlicher Marmor.<\/div>\n<div><\/div>\n<div>H\u00f6he: 13 cm.<\/div>\n<div><\/div>\n<div>Gewicht: 220 Gramm.<\/div>\n<div><\/div>\n<div>Farbe: wei\u00df.<\/div>\n<div><\/div>\n<div>Napoleon Bonaparte (15. August 1769-5. MAI 1821) war ein franz\u00f6sischer milit\u00e4rischen und politischen F\u00fchrer, der Rose in den letzten Etappen der franz\u00f6sischen Revolution und die damit verbundenen Kriege in Europa.<\/div>\n","protected":false},"excerpt":{"rendered":"<p>Material: k\u00fcnstlicher Marmor. H\u00f6he: 13 cm. Gewicht: 220 Gramm. Farbe: wei\u00df. Napoleon Bonaparte (15. August 1769-5. MAI 1821) war ein franz\u00f6sischer milit\u00e4rischen und politischen F\u00fchrer, der Rose in den letzten Etappen der franz\u00f6sischen Revolution und die damit verbundenen Kriege in Europa.<\/p>\n","protected":false},"featured_media":6130,"comment_status":"closed","ping_status":"closed","template":"","meta":{"_et_pb_use_builder":"","_et_pb_old_content":"","_et_gb_content_width":""},"product_brand":[],"product_cat":[170,166,167],"product_tag":[],"class_list":{"0":"post-9869","1":"product","2":"type-product","3":"status-publish","4":"has-post-thumbnail","6":"product_cat-european-de","7":"product_cat-uncategorized-de","8":"product_cat-statues-de","9":"pa_color-white-de","11":"first","12":"instock","13":"shipping-taxable","14":"purchasable","15":"product-type-simple"},"_links":{"self":[{"href":"https:\/\/danila-souvenirs.com\/de\/wp-json\/wp\/v2\/product\/9869","targetHints":{"allow":["GET"]}}],"collection":[{"href":"https:\/\/danila-souvenirs.com\/de\/wp-json\/wp\/v2\/product"}],"about":[{"href":"https:\/\/danila-souvenirs.com\/de\/wp-json\/wp\/v2\/types\/product"}],"replies":[{"embeddable":true,"href":"https:\/\/danila-souvenirs.com\/de\/wp-json\/wp\/v2\/comments?post=9869"}],"wp:featuredmedia":[{"embeddable":true,"href":"https:\/\/danila-souvenirs.com\/de\/wp-json\/wp\/v2\/media\/6130"}],"wp:attachment":[{"href":"https:\/\/danila-souvenirs.com\/de\/wp-json\/wp\/v2\/media?parent=9869"}],"wp:term":[{"taxonomy":"product_brand","embeddable":true,"href":"https:\/\/danila-souvenirs.com\/de\/wp-json\/wp\/v2\/product_brand?post=9869"},{"taxonomy":"product_cat","embeddable":true,"href":"https:\/\/danila-souvenirs.com\/de\/wp-json\/wp\/v2\/product_cat?post=9869"},{"taxonomy":"product_tag","embeddable":true,"href":"https:\/\/danila-souvenirs.com\/de\/wp-json\/wp\/v2\/product_tag?post=9869"}],"curies":[{"name":"wp","href":"https:\/\/api.w.org\/{rel}","templated":true}]}}