{"id":9865,"date":"2021-05-23T12:05:49","date_gmt":"2021-05-23T09:05:49","guid":{"rendered":"https:\/\/danila-souvenirs.com\/de\/product\/deutscher-philosoph-sozialistischen-karl-marx-marmor-bueste-statue-skulptur-4-8-weiss\/"},"modified":"2023-04-19T23:19:44","modified_gmt":"2023-04-19T20:19:44","slug":"deutscher-philosoph-sozialist-karl-marx-marmor-buste-statue-skulptur-125-cm-weis-4","status":"publish","type":"product","link":"https:\/\/danila-souvenirs.com\/de\/product\/deutscher-philosoph-sozialist-karl-marx-marmor-buste-statue-skulptur-125-cm-weis-4\/?lang=de","title":{"rendered":"Deutscher Philosoph Sozialist Karl Marx marmor B\u00fcste Statue Skulptur 12 cm"},"content":{"rendered":"<div>Material: k\u00fcnstlicher Marmor.<\/div>\n<div><\/div>\n<div>H\u00f6he: 12 cm.<\/div>\n<div><\/div>\n<div>Gewicht: 230 Gramm.<\/div>\n<div><\/div>\n<div>Farbe: wei\u00df.<\/div>\n<div><\/div>\n<div>Karl Heinrich Marx (5. Mai 1818-14. M\u00e4rz 1883) war ein deutscher Philosoph, \u00d6konom, soziologe, historiker, journalist und revolution\u00e4re Sozialistische. Seine Ideen spielten eine bedeutende Rolle in der Entwicklung der Sozialwissenschaft und der sozialistischen Bewegung.<\/div>\n","protected":false},"excerpt":{"rendered":"<p>Material: k\u00fcnstlicher Marmor. H\u00f6he: 12 cm. Gewicht: 230 Gramm. Farbe: wei\u00df. Karl Heinrich Marx (5. Mai 1818-14. M\u00e4rz 1883) war ein deutscher Philosoph, \u00d6konom, soziologe, historiker, journalist und revolution\u00e4re Sozialistische. Seine Ideen spielten eine bedeutende Rolle in der Entwicklung der Sozialwissenschaft und der sozialistischen Bewegung.<\/p>\n","protected":false},"featured_media":6390,"comment_status":"closed","ping_status":"closed","template":"","meta":{"_et_pb_use_builder":"","_et_pb_old_content":"","_et_gb_content_width":""},"product_brand":[],"product_cat":[170,166,167],"product_tag":[],"class_list":{"0":"post-9865","1":"product","2":"type-product","3":"status-publish","4":"has-post-thumbnail","6":"product_cat-european-de","7":"product_cat-uncategorized-de","8":"product_cat-statues-de","9":"pa_color-white-de","11":"first","12":"instock","13":"shipping-taxable","14":"purchasable","15":"product-type-simple"},"_links":{"self":[{"href":"https:\/\/danila-souvenirs.com\/de\/wp-json\/wp\/v2\/product\/9865","targetHints":{"allow":["GET"]}}],"collection":[{"href":"https:\/\/danila-souvenirs.com\/de\/wp-json\/wp\/v2\/product"}],"about":[{"href":"https:\/\/danila-souvenirs.com\/de\/wp-json\/wp\/v2\/types\/product"}],"replies":[{"embeddable":true,"href":"https:\/\/danila-souvenirs.com\/de\/wp-json\/wp\/v2\/comments?post=9865"}],"wp:featuredmedia":[{"embeddable":true,"href":"https:\/\/danila-souvenirs.com\/de\/wp-json\/wp\/v2\/media\/6390"}],"wp:attachment":[{"href":"https:\/\/danila-souvenirs.com\/de\/wp-json\/wp\/v2\/media?parent=9865"}],"wp:term":[{"taxonomy":"product_brand","embeddable":true,"href":"https:\/\/danila-souvenirs.com\/de\/wp-json\/wp\/v2\/product_brand?post=9865"},{"taxonomy":"product_cat","embeddable":true,"href":"https:\/\/danila-souvenirs.com\/de\/wp-json\/wp\/v2\/product_cat?post=9865"},{"taxonomy":"product_tag","embeddable":true,"href":"https:\/\/danila-souvenirs.com\/de\/wp-json\/wp\/v2\/product_tag?post=9865"}],"curies":[{"name":"wp","href":"https:\/\/api.w.org\/{rel}","templated":true}]}}