{"id":9864,"date":"2021-06-13T17:58:45","date_gmt":"2021-06-13T14:58:45","guid":{"rendered":"https:\/\/danila-souvenirs.com\/de\/product\/stein-statue-figur-sehen-hoeren-sprechen-nichts-boeses-drei-weisen-affen-4-4\/"},"modified":"2023-04-19T23:18:25","modified_gmt":"2023-04-19T20:18:25","slug":"nichts-sehen-horen-sprechen-stein-figur-statue-skulptur-drei-weise-affen-12-cm-schwarz-4","status":"publish","type":"product","link":"https:\/\/danila-souvenirs.com\/de\/product\/nichts-sehen-horen-sprechen-stein-figur-statue-skulptur-drei-weise-affen-12-cm-schwarz-4\/?lang=de","title":{"rendered":"stein Statue Figur &#8211; drei weise Affen &#8211; sehen, h\u00f6ren, sprechen nichts B\u00f6ses 11 cm"},"content":{"rendered":"<div>Material: k\u00fcnstlicher Stein.<\/div>\n<div><\/div>\n<div>Gr\u00f6\u00dfe: 9 cm x 11 cm x 4.5 cm.<\/div>\n<div><\/div>\n<div>Gewicht: 285 Gramm.<\/div>\n<div><\/div>\n<div>Farbe: schwarz.<\/div>\n<div><\/div>\n<div>Weise Affen (auch \u201edie drei \u00c4ffchen\u201c genannt) ist ein Symbol asiatischen Ursprungs, bestehend aus drei Affen, die jeweils einen anderen Teil des Gesichts mit ihren H\u00e4nden bedecken: der erste die Augen, der zweite den Mund und der dritte die Ohren. Sie bilden eine Art Bildmaxime: \u201eSehen Sie nichts B\u00f6ses, h\u00f6ren Sie nichts B\u00f6ses, sprechen Sie nichts B\u00f6ses\u201c. F\u00fcr diejenigen, die dieser Maxime folgen, wird nichts als Gutes dabei herauskommen.<\/div>\n","protected":false},"excerpt":{"rendered":"<p>Material: k\u00fcnstlicher Stein. Gr\u00f6\u00dfe: 9 cm x 11 cm x 4.5 cm. Gewicht: 285 Gramm. Farbe: schwarz. Weise Affen (auch \u201edie drei \u00c4ffchen\u201c genannt) ist ein Symbol asiatischen Ursprungs, bestehend aus drei Affen, die jeweils einen anderen Teil des Gesichts mit ihren H\u00e4nden bedecken: der erste die Augen, der zweite den Mund und der dritte [&hellip;]<\/p>\n","protected":false},"featured_media":6806,"comment_status":"closed","ping_status":"closed","template":"","meta":{"_et_pb_use_builder":"","_et_pb_old_content":"","_et_gb_content_width":""},"product_brand":[],"product_cat":[166,167,169],"product_tag":[],"class_list":{"0":"post-9864","1":"product","2":"type-product","3":"status-publish","4":"has-post-thumbnail","6":"product_cat-uncategorized-de","7":"product_cat-statues-de","8":"product_cat-animal-figurines-de","9":"pa_color-black-de","11":"first","12":"instock","13":"shipping-taxable","14":"purchasable","15":"product-type-simple"},"_links":{"self":[{"href":"https:\/\/danila-souvenirs.com\/de\/wp-json\/wp\/v2\/product\/9864","targetHints":{"allow":["GET"]}}],"collection":[{"href":"https:\/\/danila-souvenirs.com\/de\/wp-json\/wp\/v2\/product"}],"about":[{"href":"https:\/\/danila-souvenirs.com\/de\/wp-json\/wp\/v2\/types\/product"}],"replies":[{"embeddable":true,"href":"https:\/\/danila-souvenirs.com\/de\/wp-json\/wp\/v2\/comments?post=9864"}],"wp:featuredmedia":[{"embeddable":true,"href":"https:\/\/danila-souvenirs.com\/de\/wp-json\/wp\/v2\/media\/6806"}],"wp:attachment":[{"href":"https:\/\/danila-souvenirs.com\/de\/wp-json\/wp\/v2\/media?parent=9864"}],"wp:term":[{"taxonomy":"product_brand","embeddable":true,"href":"https:\/\/danila-souvenirs.com\/de\/wp-json\/wp\/v2\/product_brand?post=9864"},{"taxonomy":"product_cat","embeddable":true,"href":"https:\/\/danila-souvenirs.com\/de\/wp-json\/wp\/v2\/product_cat?post=9864"},{"taxonomy":"product_tag","embeddable":true,"href":"https:\/\/danila-souvenirs.com\/de\/wp-json\/wp\/v2\/product_tag?post=9864"}],"curies":[{"name":"wp","href":"https:\/\/api.w.org\/{rel}","templated":true}]}}