{"id":9861,"date":"2021-05-23T12:07:38","date_gmt":"2021-05-23T09:07:38","guid":{"rendered":"https:\/\/danila-souvenirs.com\/de\/product\/sowjetischer-russischer-udssr-leader-wladimir-lenin-marmor-bueste-statue-skulptur-6-4\/"},"modified":"2023-04-19T23:14:19","modified_gmt":"2023-04-19T20:14:19","slug":"sowjetischer-russischer-chef-wladimir-lenin-marmor-buste-statue-skulptur-17-cm-weis-4","status":"publish","type":"product","link":"https:\/\/danila-souvenirs.com\/de\/product\/sowjetischer-russischer-chef-wladimir-lenin-marmor-buste-statue-skulptur-17-cm-weis-4\/?lang=de","title":{"rendered":"Sowjetischer russischer Leader Wladimir Lenin marmor B\u00fcste Statue Skulptur 16 cm"},"content":{"rendered":"<div>Material: k\u00fcnstlicher Marmor.<\/div>\n<div><\/div>\n<div>H\u00f6he: 16 cm.<\/div>\n<div><\/div>\n<div>Gewicht: 180 Gramm.<\/div>\n<div><\/div>\n<div>Farbe: wei\u00df.<\/div>\n<div><\/div>\n<div>Wladimir Lenin (22. April 1870 &#8211; 21. Januar 1924) war ein russischer kommunistischer Revolution\u00e4r, Politiker und politischer Theoretiker, der von 1922 bis 1924 als Ministerpr\u00e4sident der Sowjetunion fungierte Bei der Gr\u00fcndung der Sowjetunion im Jahr 1922. Lenin bleibt eine umstrittene und h\u00f6chst spaltende Weltfigur.<\/div>\n<div><\/div>\n","protected":false},"excerpt":{"rendered":"<p>Material: k\u00fcnstlicher Marmor. H\u00f6he: 16 cm. Gewicht: 180 Gramm. Farbe: wei\u00df. Wladimir Lenin (22. April 1870 &#8211; 21. Januar 1924) war ein russischer kommunistischer Revolution\u00e4r, Politiker und politischer Theoretiker, der von 1922 bis 1924 als Ministerpr\u00e4sident der Sowjetunion fungierte Bei der Gr\u00fcndung der Sowjetunion im Jahr 1922. Lenin bleibt eine umstrittene und h\u00f6chst spaltende Weltfigur.<\/p>\n","protected":false},"featured_media":6318,"comment_status":"closed","ping_status":"closed","template":"","meta":{"_et_pb_use_builder":"","_et_pb_old_content":"","_et_gb_content_width":""},"product_brand":[],"product_cat":[166,168,167],"product_tag":[],"class_list":{"0":"post-9861","1":"product","2":"type-product","3":"status-publish","4":"has-post-thumbnail","6":"product_cat-uncategorized-de","7":"product_cat-russian-de","8":"product_cat-statues-de","9":"pa_color-white-de","11":"first","12":"instock","13":"shipping-taxable","14":"purchasable","15":"product-type-simple"},"_links":{"self":[{"href":"https:\/\/danila-souvenirs.com\/de\/wp-json\/wp\/v2\/product\/9861","targetHints":{"allow":["GET"]}}],"collection":[{"href":"https:\/\/danila-souvenirs.com\/de\/wp-json\/wp\/v2\/product"}],"about":[{"href":"https:\/\/danila-souvenirs.com\/de\/wp-json\/wp\/v2\/types\/product"}],"replies":[{"embeddable":true,"href":"https:\/\/danila-souvenirs.com\/de\/wp-json\/wp\/v2\/comments?post=9861"}],"wp:featuredmedia":[{"embeddable":true,"href":"https:\/\/danila-souvenirs.com\/de\/wp-json\/wp\/v2\/media\/6318"}],"wp:attachment":[{"href":"https:\/\/danila-souvenirs.com\/de\/wp-json\/wp\/v2\/media?parent=9861"}],"wp:term":[{"taxonomy":"product_brand","embeddable":true,"href":"https:\/\/danila-souvenirs.com\/de\/wp-json\/wp\/v2\/product_brand?post=9861"},{"taxonomy":"product_cat","embeddable":true,"href":"https:\/\/danila-souvenirs.com\/de\/wp-json\/wp\/v2\/product_cat?post=9861"},{"taxonomy":"product_tag","embeddable":true,"href":"https:\/\/danila-souvenirs.com\/de\/wp-json\/wp\/v2\/product_tag?post=9861"}],"curies":[{"name":"wp","href":"https:\/\/api.w.org\/{rel}","templated":true}]}}