{"id":9854,"date":"2021-12-29T17:40:47","date_gmt":"2021-12-29T14:40:47","guid":{"rendered":"https:\/\/danila-souvenirs.com\/de\/product\/dekorative-marmor-statue-figur-skulptur-elefant-4-2-10-5-cm-weiss\/"},"modified":"2023-04-19T02:35:13","modified_gmt":"2023-04-18T23:35:13","slug":"dekorative-marmor-skulptur-statue-figur-elefant-11-cm-weis-3","status":"publish","type":"product","link":"https:\/\/danila-souvenirs.com\/de\/product\/dekorative-marmor-skulptur-statue-figur-elefant-11-cm-weis-3\/?lang=de","title":{"rendered":"Dekorative marmor Statue Figur Skulptur Elefant 10,5 cm wei\u00df"},"content":{"rendered":"<div>Material: k\u00fcnstlicher Marmor.<\/div>\n<div><\/div>\n<div>Gr\u00f6\u00dfe: 10,5 cm x 8 cm x 5 cm.<\/div>\n<div><\/div>\n<div>Gewicht: 155 Gramm.<\/div>\n<div><\/div>\n<div>Farbe: wei\u00df.<\/div>\n","protected":false},"excerpt":{"rendered":"<p>Material: k\u00fcnstlicher Marmor. Gr\u00f6\u00dfe: 10,5 cm x 8 cm x 5 cm. Gewicht: 155 Gramm. Farbe: wei\u00df.<\/p>\n","protected":false},"featured_media":7446,"comment_status":"closed","ping_status":"closed","template":"","meta":{"_et_pb_use_builder":"","_et_pb_old_content":"","_et_gb_content_width":""},"product_brand":[],"product_cat":[166,167,169],"product_tag":[],"class_list":{"0":"post-9854","1":"product","2":"type-product","3":"status-publish","4":"has-post-thumbnail","6":"product_cat-uncategorized-de","7":"product_cat-statues-de","8":"product_cat-animal-figurines-de","9":"pa_color-white-de","11":"first","12":"instock","13":"shipping-taxable","14":"purchasable","15":"product-type-simple"},"_links":{"self":[{"href":"https:\/\/danila-souvenirs.com\/de\/wp-json\/wp\/v2\/product\/9854","targetHints":{"allow":["GET"]}}],"collection":[{"href":"https:\/\/danila-souvenirs.com\/de\/wp-json\/wp\/v2\/product"}],"about":[{"href":"https:\/\/danila-souvenirs.com\/de\/wp-json\/wp\/v2\/types\/product"}],"replies":[{"embeddable":true,"href":"https:\/\/danila-souvenirs.com\/de\/wp-json\/wp\/v2\/comments?post=9854"}],"wp:featuredmedia":[{"embeddable":true,"href":"https:\/\/danila-souvenirs.com\/de\/wp-json\/wp\/v2\/media\/7446"}],"wp:attachment":[{"href":"https:\/\/danila-souvenirs.com\/de\/wp-json\/wp\/v2\/media?parent=9854"}],"wp:term":[{"taxonomy":"product_brand","embeddable":true,"href":"https:\/\/danila-souvenirs.com\/de\/wp-json\/wp\/v2\/product_brand?post=9854"},{"taxonomy":"product_cat","embeddable":true,"href":"https:\/\/danila-souvenirs.com\/de\/wp-json\/wp\/v2\/product_cat?post=9854"},{"taxonomy":"product_tag","embeddable":true,"href":"https:\/\/danila-souvenirs.com\/de\/wp-json\/wp\/v2\/product_tag?post=9854"}],"curies":[{"name":"wp","href":"https:\/\/api.w.org\/{rel}","templated":true}]}}