{"id":9851,"date":"2021-06-10T13:13:27","date_gmt":"2021-06-10T10:13:27","guid":{"rendered":"https:\/\/danila-souvenirs.com\/de\/product\/deko-stein-statue-figur-skulptur-liegend-schwarz-cat-4-10-cm\/"},"modified":"2023-04-19T02:31:49","modified_gmt":"2023-04-18T23:31:49","slug":"dekorative-stein-skulptur-statue-figur-schwarze-katze-liegend-10-cm-4","status":"publish","type":"product","link":"https:\/\/danila-souvenirs.com\/de\/product\/dekorative-stein-skulptur-statue-figur-schwarze-katze-liegend-10-cm-4\/?lang=de","title":{"rendered":"Dekorative stein Statue Figur Skulptur liegende schwarze Katze 10 cm"},"content":{"rendered":"<div>Material: k\u00fcnstlicher Stein.<\/div>\n<div><\/div>\n<div>Gr\u00f6\u00dfe: 10 cm x 6.5 cm x 5.5 cm.<\/div>\n<div><\/div>\n<div>Gewicht: 230 Gramm.<\/div>\n<div><\/div>\n<div>Farbe: schwarz.<\/div>\n","protected":false},"excerpt":{"rendered":"<p>Material: k\u00fcnstlicher Stein. Gr\u00f6\u00dfe: 10 cm x 6.5 cm x 5.5 cm. Gewicht: 230 Gramm. Farbe: schwarz.<\/p>\n","protected":false},"featured_media":7002,"comment_status":"closed","ping_status":"closed","template":"","meta":{"_et_pb_use_builder":"","_et_pb_old_content":"","_et_gb_content_width":""},"product_brand":[],"product_cat":[166,167,169],"product_tag":[],"class_list":{"0":"post-9851","1":"product","2":"type-product","3":"status-publish","4":"has-post-thumbnail","6":"product_cat-uncategorized-de","7":"product_cat-statues-de","8":"product_cat-animal-figurines-de","9":"pa_color-black-de","11":"first","12":"instock","13":"shipping-taxable","14":"purchasable","15":"product-type-simple"},"_links":{"self":[{"href":"https:\/\/danila-souvenirs.com\/de\/wp-json\/wp\/v2\/product\/9851","targetHints":{"allow":["GET"]}}],"collection":[{"href":"https:\/\/danila-souvenirs.com\/de\/wp-json\/wp\/v2\/product"}],"about":[{"href":"https:\/\/danila-souvenirs.com\/de\/wp-json\/wp\/v2\/types\/product"}],"replies":[{"embeddable":true,"href":"https:\/\/danila-souvenirs.com\/de\/wp-json\/wp\/v2\/comments?post=9851"}],"wp:featuredmedia":[{"embeddable":true,"href":"https:\/\/danila-souvenirs.com\/de\/wp-json\/wp\/v2\/media\/7002"}],"wp:attachment":[{"href":"https:\/\/danila-souvenirs.com\/de\/wp-json\/wp\/v2\/media?parent=9851"}],"wp:term":[{"taxonomy":"product_brand","embeddable":true,"href":"https:\/\/danila-souvenirs.com\/de\/wp-json\/wp\/v2\/product_brand?post=9851"},{"taxonomy":"product_cat","embeddable":true,"href":"https:\/\/danila-souvenirs.com\/de\/wp-json\/wp\/v2\/product_cat?post=9851"},{"taxonomy":"product_tag","embeddable":true,"href":"https:\/\/danila-souvenirs.com\/de\/wp-json\/wp\/v2\/product_tag?post=9851"}],"curies":[{"name":"wp","href":"https:\/\/api.w.org\/{rel}","templated":true}]}}