{"id":9829,"date":"2021-12-25T21:33:10","date_gmt":"2021-12-25T18:33:10","guid":{"rendered":"https:\/\/danila-souvenirs.com\/de\/product\/transsibirisches-eisenbahn-faberge-ei-schmuckkaestchen-125-cm-gruen\/"},"modified":"2023-08-02T23:01:22","modified_gmt":"2023-08-02T20:01:22","slug":"transsibirisches-eisenbahn-faberge-ei-schmuckkaestchen-125-cm-gruen","status":"publish","type":"product","link":"https:\/\/danila-souvenirs.com\/de\/product\/transsibirisches-eisenbahn-faberge-ei-schmuckkaestchen-125-cm-gruen\/?lang=de","title":{"rendered":"Transsibirisches Eisenbahn Osterei im glamour\u00f6sen Stil \/ Schmuckk\u00e4stchen 12,5 cm gr\u00fcn"},"content":{"rendered":"<div>Material: Legierung von Nichteisenmetallen, Email, Kristallen.<\/div>\n<div><\/div>\n<div>H\u00f6he: 12,5 cm.<\/div>\n<div><\/div>\n<div>Gewicht: 250 Gramm.<\/div>\n<div><\/div>\n<div>Farbe: gr\u00fcn.<\/div>\n<div><\/div>\n<div>Dieses Ei ist eine Nachbildung der ber\u00fchmten Transsibirischen Eisenbahn Faberge Ei. Das Transsibirische Eisenbahn-Ei ist ein juwelenbesetztes Osterei, das 1900 unter der Aufsicht des russischen Juweliers Peter Carl Faberge f\u00fcr Zar Nikolaus II. Von Russland hergestellt wurde. Nikolaus II. Hat es seiner Frau, der Zarin Alexandra Fjodorowna, als Ostergeschenk \u00fcberreicht. Im Ei finden Sie eine kleine Figur des Zuges. Das Ei kann als Schmuckk\u00e4stchen verwendet werden.<\/div>\n","protected":false},"excerpt":{"rendered":"<p>Material: Legierung von Nichteisenmetallen, Email, Kristallen. H\u00f6he: 12,5 cm. Gewicht: 250 Gramm. Farbe: gr\u00fcn. Dieses Ei ist eine Nachbildung der ber\u00fchmten Transsibirischen Eisenbahn Faberge Ei. Das Transsibirische Eisenbahn-Ei ist ein juwelenbesetztes Osterei, das 1900 unter der Aufsicht des russischen Juweliers Peter Carl Faberge f\u00fcr Zar Nikolaus II. Von Russland hergestellt wurde. Nikolaus II. Hat es [&hellip;]<\/p>\n","protected":false},"featured_media":8654,"comment_status":"closed","ping_status":"closed","template":"","meta":{"_et_pb_use_builder":"","_et_pb_old_content":"","_et_gb_content_width":""},"product_brand":[],"product_cat":[164,160,162],"product_tag":[],"class_list":{"0":"post-9829","1":"product","2":"type-product","3":"status-publish","4":"has-post-thumbnail","6":"product_cat-eggs-with-surprise-de","7":"product_cat-ostereier","8":"product_cat-trinket-boxes-de","9":"pa_color-green-de","11":"first","12":"instock","13":"shipping-taxable","14":"purchasable","15":"product-type-simple"},"_links":{"self":[{"href":"https:\/\/danila-souvenirs.com\/de\/wp-json\/wp\/v2\/product\/9829","targetHints":{"allow":["GET"]}}],"collection":[{"href":"https:\/\/danila-souvenirs.com\/de\/wp-json\/wp\/v2\/product"}],"about":[{"href":"https:\/\/danila-souvenirs.com\/de\/wp-json\/wp\/v2\/types\/product"}],"replies":[{"embeddable":true,"href":"https:\/\/danila-souvenirs.com\/de\/wp-json\/wp\/v2\/comments?post=9829"}],"wp:featuredmedia":[{"embeddable":true,"href":"https:\/\/danila-souvenirs.com\/de\/wp-json\/wp\/v2\/media\/8654"}],"wp:attachment":[{"href":"https:\/\/danila-souvenirs.com\/de\/wp-json\/wp\/v2\/media?parent=9829"}],"wp:term":[{"taxonomy":"product_brand","embeddable":true,"href":"https:\/\/danila-souvenirs.com\/de\/wp-json\/wp\/v2\/product_brand?post=9829"},{"taxonomy":"product_cat","embeddable":true,"href":"https:\/\/danila-souvenirs.com\/de\/wp-json\/wp\/v2\/product_cat?post=9829"},{"taxonomy":"product_tag","embeddable":true,"href":"https:\/\/danila-souvenirs.com\/de\/wp-json\/wp\/v2\/product_tag?post=9829"}],"curies":[{"name":"wp","href":"https:\/\/api.w.org\/{rel}","templated":true}]}}