{"id":9824,"date":"2021-08-08T16:12:48","date_gmt":"2021-08-08T13:12:48","guid":{"rendered":"https:\/\/danila-souvenirs.com\/de\/product\/faberge-koenigliches-daenisches-ei-schmuckkaestchen-mit-loewen-13-cm-rot\/"},"modified":"2025-04-02T16:03:04","modified_gmt":"2025-04-02T13:03:04","slug":"faberge-koenigliches-daenisches-ei-schmuckkaestchen-mit-loewen-13-cm-rot","status":"publish","type":"product","link":"https:\/\/danila-souvenirs.com\/de\/product\/faberge-koenigliches-daenisches-ei-schmuckkaestchen-mit-loewen-13-cm-rot\/?lang=de","title":{"rendered":"Osterei im glamour\u00f6sen Stil K\u00f6nigliches D\u00e4nisches (D\u00e4nisches Jubil\u00e4um) \/ Schmuckk\u00e4stchen mit L\u00f6wen 13 cm rot"},"content":{"rendered":"<div>Material: Legierung von Nichteisenmetallen, Email, Kristallen.<\/div>\n<div><\/div>\n<div>H\u00f6he: 13 cm.<\/div>\n<div><\/div>\n<div>Gewicht: 210 Gramm.<\/div>\n<div><\/div>\n<div>Farbe: rot.<\/div>\n<div><\/div>\n<div>Dieses Ei ist eine Nachbildung des ber\u00fchmten Faberge K\u00f6nigliches d\u00e4nisches Ei. Das k\u00f6nigliche d\u00e4nische Ei (auch als d\u00e4nisches Jubil\u00e4umsei bekannt) ist ein emailliertes, emailliertes Osterei, das 1903 unter der Aufsicht des russischen Juweliers Peter Carl Faberg\u00e9 f\u00fcr Nikolaus II. Von Russland hergestellt wurde und das Ei seiner Mutter, der Kaiserin der Witwe, \u00fcberreichte Maria Feodorovna. Als eines von sieben Faberg\u00e9-Eiern, die derzeit verloren gehen, ist es eines von zwei Eiern, deren Existenz nur aus einem einzigen Foto bekannt ist. Das Ei kann als Schmuckk\u00e4stchen verwendet werden.<\/div>\n<div><\/div>\n","protected":false},"excerpt":{"rendered":"<p>Material: Legierung von Nichteisenmetallen, Email, Kristallen. H\u00f6he: 13 cm. Gewicht: 210 Gramm. Farbe: rot. Dieses Ei ist eine Nachbildung des ber\u00fchmten Faberge K\u00f6nigliches d\u00e4nisches Ei. Das k\u00f6nigliche d\u00e4nische Ei (auch als d\u00e4nisches Jubil\u00e4umsei bekannt) ist ein emailliertes, emailliertes Osterei, das 1903 unter der Aufsicht des russischen Juweliers Peter Carl Faberg\u00e9 f\u00fcr Nikolaus II. Von Russland [&hellip;]<\/p>\n","protected":false},"featured_media":9262,"comment_status":"closed","ping_status":"closed","template":"","meta":{"_et_pb_use_builder":"","_et_pb_old_content":"","_et_gb_content_width":""},"product_brand":[],"product_cat":[160,162],"product_tag":[],"class_list":{"0":"post-9824","1":"product","2":"type-product","3":"status-publish","4":"has-post-thumbnail","6":"product_cat-ostereier","7":"product_cat-trinket-boxes-de","8":"pa_color-red-de","10":"first","11":"instock","12":"shipping-taxable","13":"purchasable","14":"product-type-simple"},"_links":{"self":[{"href":"https:\/\/danila-souvenirs.com\/de\/wp-json\/wp\/v2\/product\/9824","targetHints":{"allow":["GET"]}}],"collection":[{"href":"https:\/\/danila-souvenirs.com\/de\/wp-json\/wp\/v2\/product"}],"about":[{"href":"https:\/\/danila-souvenirs.com\/de\/wp-json\/wp\/v2\/types\/product"}],"replies":[{"embeddable":true,"href":"https:\/\/danila-souvenirs.com\/de\/wp-json\/wp\/v2\/comments?post=9824"}],"wp:featuredmedia":[{"embeddable":true,"href":"https:\/\/danila-souvenirs.com\/de\/wp-json\/wp\/v2\/media\/9262"}],"wp:attachment":[{"href":"https:\/\/danila-souvenirs.com\/de\/wp-json\/wp\/v2\/media?parent=9824"}],"wp:term":[{"taxonomy":"product_brand","embeddable":true,"href":"https:\/\/danila-souvenirs.com\/de\/wp-json\/wp\/v2\/product_brand?post=9824"},{"taxonomy":"product_cat","embeddable":true,"href":"https:\/\/danila-souvenirs.com\/de\/wp-json\/wp\/v2\/product_cat?post=9824"},{"taxonomy":"product_tag","embeddable":true,"href":"https:\/\/danila-souvenirs.com\/de\/wp-json\/wp\/v2\/product_tag?post=9824"}],"curies":[{"name":"wp","href":"https:\/\/api.w.org\/{rel}","templated":true}]}}