{"id":9821,"date":"2021-05-23T12:04:23","date_gmt":"2021-05-23T09:04:23","guid":{"rendered":"https:\/\/danila-souvenirs.com\/de\/product\/faberge-ei-schmuckkaestchen-lorbeerbaum-orangenbaum-mit-vogel-16-cm\/"},"modified":"2023-08-03T00:58:02","modified_gmt":"2023-08-02T21:58:02","slug":"faberge-ei-schmuckkaestchen-lorbeerbaum-orangenbaum-mit-vogel-16-cm","status":"publish","type":"product","link":"https:\/\/danila-souvenirs.com\/de\/product\/faberge-ei-schmuckkaestchen-lorbeerbaum-orangenbaum-mit-vogel-16-cm\/?lang=de","title":{"rendered":"Osterei im glamour\u00f6sen Stil \/ Schmuckk\u00e4stchen Lorbeerbaum (Orangenbaum) mit Vogel 16 cm"},"content":{"rendered":"<div>Material: Legierung von Nichteisenmetallen, Email, Kristallen.<\/div>\n<div><\/div>\n<div>H\u00f6he: 16 cm.<\/div>\n<div><\/div>\n<div>Gewicht: 465 Gramm.<\/div>\n<div><\/div>\n<div>Farbe: gr\u00fcn.<\/div>\n<div><\/div>\n<div>Diese Figur ist eine Nachbildung des ber\u00fchmten Lorbeerbaum Faberg\u00e9 Ei. Das Lorbeerbaum Ei (auch bekannt als das Orangenbaum-Ei) ist ein juwelengeschnitztes Nephrit und ein emailliertes Osterei, das 1911 unter der Aufsicht des russischen Juweliers Peter Carl Faberg\u00e9 f\u00fcr Nikolaus II. Von Russland angefertigt wurde, der seiner Mutter das Ei schenkte, die Kaiserin Maria Feodorowna am 12. April 1911. Innerhalb des Baumes k\u00f6nnen Sie einen kleinen Vogel finden. Das Ei kann als Schmuckk\u00e4stchen verwendet werden.<\/div>\n","protected":false},"excerpt":{"rendered":"<p>Material: Legierung von Nichteisenmetallen, Email, Kristallen. H\u00f6he: 16 cm. Gewicht: 465 Gramm. Farbe: gr\u00fcn. Diese Figur ist eine Nachbildung des ber\u00fchmten Lorbeerbaum Faberg\u00e9 Ei. Das Lorbeerbaum Ei (auch bekannt als das Orangenbaum-Ei) ist ein juwelengeschnitztes Nephrit und ein emailliertes Osterei, das 1911 unter der Aufsicht des russischen Juweliers Peter Carl Faberg\u00e9 f\u00fcr Nikolaus II. Von [&hellip;]<\/p>\n","protected":false},"featured_media":9190,"comment_status":"closed","ping_status":"closed","template":"","meta":{"_et_pb_use_builder":"","_et_pb_old_content":"","_et_gb_content_width":""},"product_brand":[],"product_cat":[164,163,160,162,222],"product_tag":[],"class_list":{"0":"post-9821","1":"product","2":"type-product","3":"status-publish","4":"has-post-thumbnail","6":"product_cat-eggs-with-surprise-de","7":"product_cat-carved-eggs-de","8":"product_cat-ostereier","9":"product_cat-trinket-boxes-de","10":"product_cat-clock-eggs-de","11":"pa_color-green-de","13":"first","14":"instock","15":"shipping-taxable","16":"purchasable","17":"product-type-simple"},"_links":{"self":[{"href":"https:\/\/danila-souvenirs.com\/de\/wp-json\/wp\/v2\/product\/9821","targetHints":{"allow":["GET"]}}],"collection":[{"href":"https:\/\/danila-souvenirs.com\/de\/wp-json\/wp\/v2\/product"}],"about":[{"href":"https:\/\/danila-souvenirs.com\/de\/wp-json\/wp\/v2\/types\/product"}],"replies":[{"embeddable":true,"href":"https:\/\/danila-souvenirs.com\/de\/wp-json\/wp\/v2\/comments?post=9821"}],"wp:featuredmedia":[{"embeddable":true,"href":"https:\/\/danila-souvenirs.com\/de\/wp-json\/wp\/v2\/media\/9190"}],"wp:attachment":[{"href":"https:\/\/danila-souvenirs.com\/de\/wp-json\/wp\/v2\/media?parent=9821"}],"wp:term":[{"taxonomy":"product_brand","embeddable":true,"href":"https:\/\/danila-souvenirs.com\/de\/wp-json\/wp\/v2\/product_brand?post=9821"},{"taxonomy":"product_cat","embeddable":true,"href":"https:\/\/danila-souvenirs.com\/de\/wp-json\/wp\/v2\/product_cat?post=9821"},{"taxonomy":"product_tag","embeddable":true,"href":"https:\/\/danila-souvenirs.com\/de\/wp-json\/wp\/v2\/product_tag?post=9821"}],"curies":[{"name":"wp","href":"https:\/\/api.w.org\/{rel}","templated":true}]}}