{"id":9813,"date":"2021-12-26T20:35:37","date_gmt":"2021-12-26T17:35:37","guid":{"rendered":"https:\/\/danila-souvenirs.com\/de\/product\/faberge-ei-schmuckkaestchen-mit-loewen-11-cm-blau\/"},"modified":"2023-08-02T23:47:36","modified_gmt":"2023-08-02T20:47:36","slug":"faberge-ei-schmuckkaestchen-mit-loewen-11-cm-blau","status":"publish","type":"product","link":"https:\/\/danila-souvenirs.com\/de\/product\/faberge-ei-schmuckkaestchen-mit-loewen-11-cm-blau\/?lang=de","title":{"rendered":"Osterei im glamour\u00f6sen Stil \/ Schmuckk\u00e4stchen mit L\u00f6wen 11 cm blau"},"content":{"rendered":"<div>Material: Legierung von Nichteisenmetallen, Email, Kristallen.<\/div>\n<div><\/div>\n<div>H\u00f6he: 11 cm.<\/div>\n<div><\/div>\n<div>Gewicht: 255 Gramm.<\/div>\n<div><\/div>\n<div>Farbe: blau.<\/div>\n<div><\/div>\n<div>Das Ei ist mit vier L\u00f6wen verziert. Diese L\u00f6wen sind eines der Symbole von St. Petersburg, Russland. Sie schm\u00fccken in vielen Teilen der Stadt Br\u00fccken und B\u00f6schungen. Das Ei kann als Schmuckk\u00e4stchen verwendet werden.<\/div>\n","protected":false},"excerpt":{"rendered":"<p>Material: Legierung von Nichteisenmetallen, Email, Kristallen. H\u00f6he: 11 cm. Gewicht: 255 Gramm. Farbe: blau. Das Ei ist mit vier L\u00f6wen verziert. Diese L\u00f6wen sind eines der Symbole von St. Petersburg, Russland. Sie schm\u00fccken in vielen Teilen der Stadt Br\u00fccken und B\u00f6schungen. Das Ei kann als Schmuckk\u00e4stchen verwendet werden.<\/p>\n","protected":false},"featured_media":8618,"comment_status":"closed","ping_status":"closed","template":"","meta":{"_et_pb_use_builder":"","_et_pb_old_content":"","_et_gb_content_width":""},"product_brand":[],"product_cat":[160,162],"product_tag":[],"class_list":{"0":"post-9813","1":"product","2":"type-product","3":"status-publish","4":"has-post-thumbnail","6":"product_cat-ostereier","7":"product_cat-trinket-boxes-de","8":"pa_color-blue-de","10":"first","11":"instock","12":"shipping-taxable","13":"purchasable","14":"product-type-simple"},"_links":{"self":[{"href":"https:\/\/danila-souvenirs.com\/de\/wp-json\/wp\/v2\/product\/9813","targetHints":{"allow":["GET"]}}],"collection":[{"href":"https:\/\/danila-souvenirs.com\/de\/wp-json\/wp\/v2\/product"}],"about":[{"href":"https:\/\/danila-souvenirs.com\/de\/wp-json\/wp\/v2\/types\/product"}],"replies":[{"embeddable":true,"href":"https:\/\/danila-souvenirs.com\/de\/wp-json\/wp\/v2\/comments?post=9813"}],"wp:featuredmedia":[{"embeddable":true,"href":"https:\/\/danila-souvenirs.com\/de\/wp-json\/wp\/v2\/media\/8618"}],"wp:attachment":[{"href":"https:\/\/danila-souvenirs.com\/de\/wp-json\/wp\/v2\/media?parent=9813"}],"wp:term":[{"taxonomy":"product_brand","embeddable":true,"href":"https:\/\/danila-souvenirs.com\/de\/wp-json\/wp\/v2\/product_brand?post=9813"},{"taxonomy":"product_cat","embeddable":true,"href":"https:\/\/danila-souvenirs.com\/de\/wp-json\/wp\/v2\/product_cat?post=9813"},{"taxonomy":"product_tag","embeddable":true,"href":"https:\/\/danila-souvenirs.com\/de\/wp-json\/wp\/v2\/product_tag?post=9813"}],"curies":[{"name":"wp","href":"https:\/\/api.w.org\/{rel}","templated":true}]}}