{"id":9801,"date":"2021-12-26T20:33:22","date_gmt":"2021-12-26T17:33:22","guid":{"rendered":"https:\/\/danila-souvenirs.com\/de\/product\/faberge-ei-spieluhr-fruehlingsblumen-mit-korb-der-blumen-165-cm-blau\/"},"modified":"2023-09-27T14:34:02","modified_gmt":"2023-09-27T11:34:02","slug":"faberge-ei-spieluhr-fruehlingsblumen-mit-korb-der-blumen-165-cm-blau","status":"publish","type":"product","link":"https:\/\/danila-souvenirs.com\/de\/product\/faberge-ei-spieluhr-fruehlingsblumen-mit-korb-der-blumen-165-cm-blau\/?lang=de","title":{"rendered":"Osterei im glamour\u00f6sen Stil \/ Spieluhr Fr\u00fchlingsblumen mit Korb der Blumen 16,5 cm blau"},"content":{"rendered":"<div>Material: Legierung von Nichteisenmetallen, Email, Kristallen.<\/div>\n<div><\/div>\n<div>H\u00f6he: 16,5 cm.<\/div>\n<div><\/div>\n<div>Gewicht: 860 Gramm.<\/div>\n<div><\/div>\n<div>Farbe: blau.<\/div>\n<div><\/div>\n<div>Dieses Ei ist eine Nachbildung des ber\u00fchmten Fr\u00fchlingsblumen Faberg\u00e9-Eies. Das Fr\u00fchlingsblumen-Ei, manchmal auch als kaiserliches Fr\u00fchlingsblumen-Ei bezeichnet, gilt als eines der kaiserlichen Ostereier, die Peter Carl Faberg\u00e9 zugeschrieben werden. Wenn es sich um ein echtes imperiales Ei handelt, dann w\u00e4re das Fr\u00fchlingsblumen-Ei das erste in der Reihe der &#8220;Blumeneier&#8221; gewesen und w\u00e4re zwischen 1885 und 1890 entstanden. Im Ei finden Sie einen kleinen Korb voller Blumen. Dieser kleine Korb kann als Schmuckk\u00e4stchen verwendet werden. Gleichzeitig ist dieses Ei eine Spieluhr.<\/div>\n","protected":false},"excerpt":{"rendered":"<p>Material: Legierung von Nichteisenmetallen, Email, Kristallen. H\u00f6he: 16,5 cm. Gewicht: 860 Gramm. Farbe: blau. Dieses Ei ist eine Nachbildung des ber\u00fchmten Fr\u00fchlingsblumen Faberg\u00e9-Eies. Das Fr\u00fchlingsblumen-Ei, manchmal auch als kaiserliches Fr\u00fchlingsblumen-Ei bezeichnet, gilt als eines der kaiserlichen Ostereier, die Peter Carl Faberg\u00e9 zugeschrieben werden. Wenn es sich um ein echtes imperiales Ei handelt, dann w\u00e4re das [&hellip;]<\/p>\n","protected":false},"featured_media":8874,"comment_status":"closed","ping_status":"closed","template":"","meta":{"_et_pb_use_builder":"","_et_pb_old_content":"","_et_gb_content_width":""},"product_brand":[],"product_cat":[164,160,162,165,222],"product_tag":[],"class_list":{"0":"post-9801","1":"product","2":"type-product","3":"status-publish","4":"has-post-thumbnail","6":"product_cat-eggs-with-surprise-de","7":"product_cat-ostereier","8":"product_cat-trinket-boxes-de","9":"product_cat-music-boxes-de","10":"product_cat-clock-eggs-de","11":"pa_color-blue-de","13":"first","14":"instock","15":"shipping-taxable","16":"purchasable","17":"product-type-simple"},"_links":{"self":[{"href":"https:\/\/danila-souvenirs.com\/de\/wp-json\/wp\/v2\/product\/9801","targetHints":{"allow":["GET"]}}],"collection":[{"href":"https:\/\/danila-souvenirs.com\/de\/wp-json\/wp\/v2\/product"}],"about":[{"href":"https:\/\/danila-souvenirs.com\/de\/wp-json\/wp\/v2\/types\/product"}],"replies":[{"embeddable":true,"href":"https:\/\/danila-souvenirs.com\/de\/wp-json\/wp\/v2\/comments?post=9801"}],"wp:featuredmedia":[{"embeddable":true,"href":"https:\/\/danila-souvenirs.com\/de\/wp-json\/wp\/v2\/media\/8874"}],"wp:attachment":[{"href":"https:\/\/danila-souvenirs.com\/de\/wp-json\/wp\/v2\/media?parent=9801"}],"wp:term":[{"taxonomy":"product_brand","embeddable":true,"href":"https:\/\/danila-souvenirs.com\/de\/wp-json\/wp\/v2\/product_brand?post=9801"},{"taxonomy":"product_cat","embeddable":true,"href":"https:\/\/danila-souvenirs.com\/de\/wp-json\/wp\/v2\/product_cat?post=9801"},{"taxonomy":"product_tag","embeddable":true,"href":"https:\/\/danila-souvenirs.com\/de\/wp-json\/wp\/v2\/product_tag?post=9801"}],"curies":[{"name":"wp","href":"https:\/\/api.w.org\/{rel}","templated":true}]}}