{"id":9787,"date":"2021-12-25T21:30:16","date_gmt":"2021-12-25T18:30:16","guid":{"rendered":"https:\/\/danila-souvenirs.com\/de\/product\/faberge-geschnitzt-ei-schmuckkaestchen-mit-gitter-75-cm-gruen\/"},"modified":"2023-08-02T23:04:53","modified_gmt":"2023-08-02T20:04:53","slug":"faberge-geschnitzt-ei-schmuckkaestchen-mit-gitter-75-cm-gruen","status":"publish","type":"product","link":"https:\/\/danila-souvenirs.com\/de\/product\/faberge-geschnitzt-ei-schmuckkaestchen-mit-gitter-75-cm-gruen\/?lang=de","title":{"rendered":"Osterei im glamour\u00f6sen Stil geschnitzt \/ Schmuckk\u00e4stchen mit Gitter 7,5 cm gr\u00fcn"},"content":{"rendered":"<div>Material: Legierung von Nichteisenmetallen, Email, Kristallen.<\/div>\n<div><\/div>\n<div>H\u00f6he: 7,5 cm.<\/div>\n<div><\/div>\n<div>Gewicht: 150 Gramm.<\/div>\n<div><\/div>\n<div>Farbe: gr\u00fcn.<\/div>\n<div><\/div>\n<div>Das Ei kann als Schmuckk\u00e4stchen verwendet werden.<\/div>\n","protected":false},"excerpt":{"rendered":"<p>Material: Legierung von Nichteisenmetallen, Email, Kristallen. H\u00f6he: 7,5 cm. Gewicht: 150 Gramm. Farbe: gr\u00fcn. Das Ei kann als Schmuckk\u00e4stchen verwendet werden.<\/p>\n","protected":false},"featured_media":8666,"comment_status":"closed","ping_status":"closed","template":"","meta":{"_et_pb_use_builder":"","_et_pb_old_content":"","_et_gb_content_width":""},"product_brand":[],"product_cat":[163,160,162],"product_tag":[],"class_list":{"0":"post-9787","1":"product","2":"type-product","3":"status-publish","4":"has-post-thumbnail","6":"product_cat-carved-eggs-de","7":"product_cat-ostereier","8":"product_cat-trinket-boxes-de","9":"pa_color-green-de","11":"first","12":"instock","13":"shipping-taxable","14":"purchasable","15":"product-type-simple"},"_links":{"self":[{"href":"https:\/\/danila-souvenirs.com\/de\/wp-json\/wp\/v2\/product\/9787","targetHints":{"allow":["GET"]}}],"collection":[{"href":"https:\/\/danila-souvenirs.com\/de\/wp-json\/wp\/v2\/product"}],"about":[{"href":"https:\/\/danila-souvenirs.com\/de\/wp-json\/wp\/v2\/types\/product"}],"replies":[{"embeddable":true,"href":"https:\/\/danila-souvenirs.com\/de\/wp-json\/wp\/v2\/comments?post=9787"}],"wp:featuredmedia":[{"embeddable":true,"href":"https:\/\/danila-souvenirs.com\/de\/wp-json\/wp\/v2\/media\/8666"}],"wp:attachment":[{"href":"https:\/\/danila-souvenirs.com\/de\/wp-json\/wp\/v2\/media?parent=9787"}],"wp:term":[{"taxonomy":"product_brand","embeddable":true,"href":"https:\/\/danila-souvenirs.com\/de\/wp-json\/wp\/v2\/product_brand?post=9787"},{"taxonomy":"product_cat","embeddable":true,"href":"https:\/\/danila-souvenirs.com\/de\/wp-json\/wp\/v2\/product_cat?post=9787"},{"taxonomy":"product_tag","embeddable":true,"href":"https:\/\/danila-souvenirs.com\/de\/wp-json\/wp\/v2\/product_tag?post=9787"}],"curies":[{"name":"wp","href":"https:\/\/api.w.org\/{rel}","templated":true}]}}