{"id":9779,"date":"2021-08-08T16:06:19","date_gmt":"2021-08-08T13:06:19","guid":{"rendered":"https:\/\/danila-souvenirs.com\/de\/product\/faberge-ei-schmuckkaestchen-maigloeckchen-mit-kaiserkrone-85-cm-blau\/"},"modified":"2023-08-03T00:09:53","modified_gmt":"2023-08-02T21:09:53","slug":"faberge-ei-schmuckkaestchen-maigloeckchen-mit-kaiserkrone-85-cm-blau","status":"publish","type":"product","link":"https:\/\/danila-souvenirs.com\/de\/product\/faberge-ei-schmuckkaestchen-maigloeckchen-mit-kaiserkrone-85-cm-blau\/?lang=de","title":{"rendered":"Osterei im glamour\u00f6sen Stil \/ Schmuckk\u00e4stchen Maigl\u00f6ckchen mit Kaiserkrone 8,5 cm blau"},"content":{"rendered":"<div>Material: Legierung von Nichteisenmetallen, Email, Kristallen.<\/div>\n<div><\/div>\n<div>H\u00f6he: 8,5 cm.<\/div>\n<div><\/div>\n<div>Gewicht: 170 Gramm.<\/div>\n<div><\/div>\n<div>Farbe: blau.<\/div>\n<div><\/div>\n<div>Dieses Ei ist eine Nachbildung des ber\u00fchmten Maigl\u00f6ckchens. Das Maigl\u00f6ckchen-Ei ist ein juwelenbesetztes Faberg\u00e9-Ei, das 1898 von Faberg\u00e9-Ateliers unter der Aufsicht des russischen Juweliers Peter Carl Faberg\u00e9 hergestellt wurde. Der \u00fcberwachende Goldschmied war Michael Perchin. Das Ei ist eines der beiden Eier im Jugendstil. Es wurde am 5. April dem Kaiser Nikolaus II. \u00dcbergeben, der es Kaiserin Alexandra Fjodorowna geschenkt hat. Das Ei kann als Schmuckk\u00e4stchen verwendet werden.<\/div>\n<div><\/div>\n","protected":false},"excerpt":{"rendered":"<p>Material: Legierung von Nichteisenmetallen, Email, Kristallen. H\u00f6he: 8,5 cm. Gewicht: 170 Gramm. Farbe: blau. Dieses Ei ist eine Nachbildung des ber\u00fchmten Maigl\u00f6ckchens. Das Maigl\u00f6ckchen-Ei ist ein juwelenbesetztes Faberg\u00e9-Ei, das 1898 von Faberg\u00e9-Ateliers unter der Aufsicht des russischen Juweliers Peter Carl Faberg\u00e9 hergestellt wurde. Der \u00fcberwachende Goldschmied war Michael Perchin. Das Ei ist eines der beiden [&hellip;]<\/p>\n","protected":false},"featured_media":9174,"comment_status":"closed","ping_status":"closed","template":"","meta":{"_et_pb_use_builder":"","_et_pb_old_content":"","_et_gb_content_width":""},"product_brand":[],"product_cat":[160,162,222],"product_tag":[],"class_list":{"0":"post-9779","1":"product","2":"type-product","3":"status-publish","4":"has-post-thumbnail","6":"product_cat-ostereier","7":"product_cat-trinket-boxes-de","8":"product_cat-clock-eggs-de","9":"pa_color-blue-de","11":"first","12":"instock","13":"shipping-taxable","14":"purchasable","15":"product-type-simple"},"_links":{"self":[{"href":"https:\/\/danila-souvenirs.com\/de\/wp-json\/wp\/v2\/product\/9779","targetHints":{"allow":["GET"]}}],"collection":[{"href":"https:\/\/danila-souvenirs.com\/de\/wp-json\/wp\/v2\/product"}],"about":[{"href":"https:\/\/danila-souvenirs.com\/de\/wp-json\/wp\/v2\/types\/product"}],"replies":[{"embeddable":true,"href":"https:\/\/danila-souvenirs.com\/de\/wp-json\/wp\/v2\/comments?post=9779"}],"wp:featuredmedia":[{"embeddable":true,"href":"https:\/\/danila-souvenirs.com\/de\/wp-json\/wp\/v2\/media\/9174"}],"wp:attachment":[{"href":"https:\/\/danila-souvenirs.com\/de\/wp-json\/wp\/v2\/media?parent=9779"}],"wp:term":[{"taxonomy":"product_brand","embeddable":true,"href":"https:\/\/danila-souvenirs.com\/de\/wp-json\/wp\/v2\/product_brand?post=9779"},{"taxonomy":"product_cat","embeddable":true,"href":"https:\/\/danila-souvenirs.com\/de\/wp-json\/wp\/v2\/product_cat?post=9779"},{"taxonomy":"product_tag","embeddable":true,"href":"https:\/\/danila-souvenirs.com\/de\/wp-json\/wp\/v2\/product_tag?post=9779"}],"curies":[{"name":"wp","href":"https:\/\/api.w.org\/{rel}","templated":true}]}}