{"id":9774,"date":"2019-09-24T19:08:14","date_gmt":"2019-09-24T16:08:14","guid":{"rendered":"https:\/\/danila-souvenirs.com\/de\/product\/faberge-ei-fruehlingsblumen-mit-korb-der-blumen-85-cm-blau\/"},"modified":"2023-08-03T01:01:53","modified_gmt":"2023-08-02T22:01:53","slug":"danila-souvenirs-russische-faberge-stil-ei-fruhlingsblumen-mit-korb-der-blumen-85-cm-blau-2","status":"publish","type":"product","link":"https:\/\/danila-souvenirs.com\/de\/product\/danila-souvenirs-russische-faberge-stil-ei-fruhlingsblumen-mit-korb-der-blumen-85-cm-blau-2\/?lang=de","title":{"rendered":"Osterei im glamour\u00f6sen Stil Fr\u00fchlingsblumen mit Korb der Blumen 8,5 cm blau"},"content":{"rendered":"<div>Material: Legierung von Nichteisenmetallen, Email, Kristallen.<\/div>\n<div><\/div>\n<div>H\u00f6he: 8,5 cm.<\/div>\n<div><\/div>\n<div>Gewicht: 150 Gramm.<\/div>\n<div><\/div>\n<div>Farbe: blau.<\/div>\n<div><\/div>\n<div>Dieses Ei ist eine Nachbildung des ber\u00fchmten Fr\u00fchlingsblumen Faberg\u00e9-Eies. Das Fr\u00fchlingsblumen-Ei, manchmal auch als kaiserliches Fr\u00fchlingsblumen-Ei bezeichnet, gilt als eines der kaiserlichen Ostereier, die Peter Carl Faberg\u00e9 zugeschrieben werden. Wenn es sich um ein echtes imperiales Ei handelt, dann w\u00e4re das Fr\u00fchlingsblumen-Ei das erste in der Reihe der &#8220;Blumeneier&#8221; gewesen und w\u00e4re zwischen 1885 und 1890 entstanden. Im Ei finden Sie einen kleinen Korb voller Blumen.<\/div>\n","protected":false},"excerpt":{"rendered":"<p>Material: Legierung von Nichteisenmetallen, Email, Kristallen. H\u00f6he: 8,5 cm. Gewicht: 150 Gramm. Farbe: blau. Dieses Ei ist eine Nachbildung des ber\u00fchmten Fr\u00fchlingsblumen Faberg\u00e9-Eies. Das Fr\u00fchlingsblumen-Ei, manchmal auch als kaiserliches Fr\u00fchlingsblumen-Ei bezeichnet, gilt als eines der kaiserlichen Ostereier, die Peter Carl Faberg\u00e9 zugeschrieben werden. Wenn es sich um ein echtes imperiales Ei handelt, dann w\u00e4re das [&hellip;]<\/p>\n","protected":false},"featured_media":9010,"comment_status":"closed","ping_status":"closed","template":"","meta":{"_et_pb_use_builder":"","_et_pb_old_content":"","_et_gb_content_width":""},"product_brand":[],"product_cat":[164,160,222],"product_tag":[],"class_list":{"0":"post-9774","1":"product","2":"type-product","3":"status-publish","4":"has-post-thumbnail","6":"product_cat-eggs-with-surprise-de","7":"product_cat-ostereier","8":"product_cat-clock-eggs-de","9":"pa_color-blue-de","11":"first","12":"instock","13":"shipping-taxable","14":"purchasable","15":"product-type-simple"},"_links":{"self":[{"href":"https:\/\/danila-souvenirs.com\/de\/wp-json\/wp\/v2\/product\/9774","targetHints":{"allow":["GET"]}}],"collection":[{"href":"https:\/\/danila-souvenirs.com\/de\/wp-json\/wp\/v2\/product"}],"about":[{"href":"https:\/\/danila-souvenirs.com\/de\/wp-json\/wp\/v2\/types\/product"}],"replies":[{"embeddable":true,"href":"https:\/\/danila-souvenirs.com\/de\/wp-json\/wp\/v2\/comments?post=9774"}],"wp:featuredmedia":[{"embeddable":true,"href":"https:\/\/danila-souvenirs.com\/de\/wp-json\/wp\/v2\/media\/9010"}],"wp:attachment":[{"href":"https:\/\/danila-souvenirs.com\/de\/wp-json\/wp\/v2\/media?parent=9774"}],"wp:term":[{"taxonomy":"product_brand","embeddable":true,"href":"https:\/\/danila-souvenirs.com\/de\/wp-json\/wp\/v2\/product_brand?post=9774"},{"taxonomy":"product_cat","embeddable":true,"href":"https:\/\/danila-souvenirs.com\/de\/wp-json\/wp\/v2\/product_cat?post=9774"},{"taxonomy":"product_tag","embeddable":true,"href":"https:\/\/danila-souvenirs.com\/de\/wp-json\/wp\/v2\/product_tag?post=9774"}],"curies":[{"name":"wp","href":"https:\/\/api.w.org\/{rel}","templated":true}]}}