{"id":9764,"date":"2022-01-06T19:14:30","date_gmt":"2022-01-06T16:14:30","guid":{"rendered":"https:\/\/danila-souvenirs.com\/de\/product\/faberge-ei-schmuckkaestchen-alexanderpalast-14-cm-rot\/"},"modified":"2023-08-02T23:41:34","modified_gmt":"2023-08-02T20:41:34","slug":"faberge-ei-schmuckkaestchen-alexanderpalast-14-cm-rot","status":"publish","type":"product","link":"https:\/\/danila-souvenirs.com\/de\/product\/faberge-ei-schmuckkaestchen-alexanderpalast-14-cm-rot\/?lang=de","title":{"rendered":"Osterei im glamour\u00f6sen Stil \/ Schmuckk\u00e4stchen Alexanderpalast 14 cm rot"},"content":{"rendered":"<div>Material: Legierung von Nichteisenmetallen, Email, Kristallen.<\/div>\n<div><\/div>\n<div>H\u00f6he: 14 cm.<\/div>\n<div><\/div>\n<div>Gewicht: 480 Gramm.<\/div>\n<div><\/div>\n<div>Farbe: rot.<\/div>\n<div><\/div>\n<div>Dieses Ei ist eine Nachbildung des ber\u00fchmten Alexanderpalast Faberg\u00e9 Ei. Das Alexander-Palast-Ei ist ein juwelenbesetztes Osterei, das 1908 unter der Aufsicht des russischen Juweliers Peter Carl Faberg\u00e9 f\u00fcr den damaligen Zaren von Russland, Nikolaus II., hergestellt wurde. Nikolaus \u00fcberreichte es seiner Frau Alexandra Fjodorowna als Ostergeschenk. Im Ei befindet sich die kleine Nachbildung des Alexanderpalastes, der Lieblingsresidenz der russischen Kaiserfamilie in Zarskoje Selo. Das Ei kann als Schmuckk\u00e4stchen verwendet werden.<\/div>\n","protected":false},"excerpt":{"rendered":"<p>Material: Legierung von Nichteisenmetallen, Email, Kristallen. H\u00f6he: 14 cm. Gewicht: 480 Gramm. Farbe: rot. Dieses Ei ist eine Nachbildung des ber\u00fchmten Alexanderpalast Faberg\u00e9 Ei. Das Alexander-Palast-Ei ist ein juwelenbesetztes Osterei, das 1908 unter der Aufsicht des russischen Juweliers Peter Carl Faberg\u00e9 f\u00fcr den damaligen Zaren von Russland, Nikolaus II., hergestellt wurde. Nikolaus \u00fcberreichte es seiner [&hellip;]<\/p>\n","protected":false},"featured_media":8474,"comment_status":"closed","ping_status":"closed","template":"","meta":{"_et_pb_use_builder":"","_et_pb_old_content":"","_et_gb_content_width":""},"product_brand":[],"product_cat":[164,160,162,222],"product_tag":[],"class_list":{"0":"post-9764","1":"product","2":"type-product","3":"status-publish","4":"has-post-thumbnail","6":"product_cat-eggs-with-surprise-de","7":"product_cat-ostereier","8":"product_cat-trinket-boxes-de","9":"product_cat-clock-eggs-de","10":"pa_color-red-de","12":"first","13":"instock","14":"shipping-taxable","15":"purchasable","16":"product-type-simple"},"_links":{"self":[{"href":"https:\/\/danila-souvenirs.com\/de\/wp-json\/wp\/v2\/product\/9764","targetHints":{"allow":["GET"]}}],"collection":[{"href":"https:\/\/danila-souvenirs.com\/de\/wp-json\/wp\/v2\/product"}],"about":[{"href":"https:\/\/danila-souvenirs.com\/de\/wp-json\/wp\/v2\/types\/product"}],"replies":[{"embeddable":true,"href":"https:\/\/danila-souvenirs.com\/de\/wp-json\/wp\/v2\/comments?post=9764"}],"wp:featuredmedia":[{"embeddable":true,"href":"https:\/\/danila-souvenirs.com\/de\/wp-json\/wp\/v2\/media\/8474"}],"wp:attachment":[{"href":"https:\/\/danila-souvenirs.com\/de\/wp-json\/wp\/v2\/media?parent=9764"}],"wp:term":[{"taxonomy":"product_brand","embeddable":true,"href":"https:\/\/danila-souvenirs.com\/de\/wp-json\/wp\/v2\/product_brand?post=9764"},{"taxonomy":"product_cat","embeddable":true,"href":"https:\/\/danila-souvenirs.com\/de\/wp-json\/wp\/v2\/product_cat?post=9764"},{"taxonomy":"product_tag","embeddable":true,"href":"https:\/\/danila-souvenirs.com\/de\/wp-json\/wp\/v2\/product_tag?post=9764"}],"curies":[{"name":"wp","href":"https:\/\/api.w.org\/{rel}","templated":true}]}}