{"id":9761,"date":"2021-12-26T20:01:45","date_gmt":"2021-12-26T17:01:45","guid":{"rendered":"https:\/\/danila-souvenirs.com\/de\/product\/faberge-ei-schmuckkaestchen-mit-loewen-anhaenger-155-cm-rosa\/"},"modified":"2023-08-02T23:51:35","modified_gmt":"2023-08-02T20:51:35","slug":"faberge-ei-schmuckkaestchen-mit-loewen-anhaenger-155-cm-rosa","status":"publish","type":"product","link":"https:\/\/danila-souvenirs.com\/de\/product\/faberge-ei-schmuckkaestchen-mit-loewen-anhaenger-155-cm-rosa\/?lang=de","title":{"rendered":"Osterei im glamour\u00f6sen Stil \/ Schmuckk\u00e4stchen mit L\u00f6wen &amp; Anh\u00e4nger 15,5 cm rosa"},"content":{"rendered":"<div>Material: Legierung von Nichteisenmetallen, Email, Kristallen.<\/div>\n<div><\/div>\n<div>H\u00f6he: 15,5 cm.<\/div>\n<div><\/div>\n<div>Gewicht: 600 Gramm.<\/div>\n<div><\/div>\n<div>Farbe: rosa.<\/div>\n<div><\/div>\n<div>Das Ei kann als Schmuckk\u00e4stchen verwendet werden. Der Geschenkanh\u00e4nger ist im Lieferumfang enthalten.<\/div>\n","protected":false},"excerpt":{"rendered":"<p>Material: Legierung von Nichteisenmetallen, Email, Kristallen. H\u00f6he: 15,5 cm. Gewicht: 600 Gramm. Farbe: rosa. Das Ei kann als Schmuckk\u00e4stchen verwendet werden. Der Geschenkanh\u00e4nger ist im Lieferumfang enthalten.<\/p>\n","protected":false},"featured_media":8838,"comment_status":"closed","ping_status":"closed","template":"","meta":{"_et_pb_use_builder":"","_et_pb_old_content":"","_et_gb_content_width":""},"product_brand":[],"product_cat":[164,160,162],"product_tag":[],"class_list":{"0":"post-9761","1":"product","2":"type-product","3":"status-publish","4":"has-post-thumbnail","6":"product_cat-eggs-with-surprise-de","7":"product_cat-ostereier","8":"product_cat-trinket-boxes-de","9":"pa_color-pink-de","11":"first","12":"instock","13":"shipping-taxable","14":"purchasable","15":"product-type-simple"},"_links":{"self":[{"href":"https:\/\/danila-souvenirs.com\/de\/wp-json\/wp\/v2\/product\/9761","targetHints":{"allow":["GET"]}}],"collection":[{"href":"https:\/\/danila-souvenirs.com\/de\/wp-json\/wp\/v2\/product"}],"about":[{"href":"https:\/\/danila-souvenirs.com\/de\/wp-json\/wp\/v2\/types\/product"}],"replies":[{"embeddable":true,"href":"https:\/\/danila-souvenirs.com\/de\/wp-json\/wp\/v2\/comments?post=9761"}],"wp:featuredmedia":[{"embeddable":true,"href":"https:\/\/danila-souvenirs.com\/de\/wp-json\/wp\/v2\/media\/8838"}],"wp:attachment":[{"href":"https:\/\/danila-souvenirs.com\/de\/wp-json\/wp\/v2\/media?parent=9761"}],"wp:term":[{"taxonomy":"product_brand","embeddable":true,"href":"https:\/\/danila-souvenirs.com\/de\/wp-json\/wp\/v2\/product_brand?post=9761"},{"taxonomy":"product_cat","embeddable":true,"href":"https:\/\/danila-souvenirs.com\/de\/wp-json\/wp\/v2\/product_cat?post=9761"},{"taxonomy":"product_tag","embeddable":true,"href":"https:\/\/danila-souvenirs.com\/de\/wp-json\/wp\/v2\/product_tag?post=9761"}],"curies":[{"name":"wp","href":"https:\/\/api.w.org\/{rel}","templated":true}]}}