{"id":9756,"date":"2021-08-08T16:29:13","date_gmt":"2021-08-08T13:29:13","guid":{"rendered":"https:\/\/danila-souvenirs.com\/de\/product\/faberge-ei-schmuckkaestchen-globus-mit-schiff-145-cm-blau\/"},"modified":"2023-08-03T00:13:40","modified_gmt":"2023-08-02T21:13:40","slug":"faberge-ei-schmuckkaestchen-globus-mit-schiff-145-cm-blau","status":"publish","type":"product","link":"https:\/\/danila-souvenirs.com\/de\/product\/faberge-ei-schmuckkaestchen-globus-mit-schiff-145-cm-blau\/?lang=de","title":{"rendered":"Osterei im glamour\u00f6sen Stil \/ Schmuckk\u00e4stchen Globus mit Schiff 14,5 cm blau"},"content":{"rendered":"<div>Material: Legierung von Nichteisenmetallen, Email, Kristallen.<\/div>\n<div><\/div>\n<div>H\u00f6he: 14,5 cm.<\/div>\n<div><\/div>\n<div>Gewicht: 680 Gramm.<\/div>\n<div><\/div>\n<div>Farbe: blau.<\/div>\n<div><\/div>\n<div>Dies ist ein kleiner Globus, der auf zwei gro\u00dfen Fischen steht. Im Inneren befindet sich ein kleines Schiff. Das Globus kann als Schmuckk\u00e4stchen verwendet werden.<\/div>\n","protected":false},"excerpt":{"rendered":"<p>Material: Legierung von Nichteisenmetallen, Email, Kristallen. H\u00f6he: 14,5 cm. Gewicht: 680 Gramm. Farbe: blau. Dies ist ein kleiner Globus, der auf zwei gro\u00dfen Fischen steht. Im Inneren befindet sich ein kleines Schiff. Das Globus kann als Schmuckk\u00e4stchen verwendet werden.<\/p>\n","protected":false},"featured_media":9514,"comment_status":"closed","ping_status":"closed","template":"","meta":{"_et_pb_use_builder":"","_et_pb_old_content":"","_et_gb_content_width":""},"product_brand":[],"product_cat":[164,160,162],"product_tag":[],"class_list":{"0":"post-9756","1":"product","2":"type-product","3":"status-publish","4":"has-post-thumbnail","6":"product_cat-eggs-with-surprise-de","7":"product_cat-ostereier","8":"product_cat-trinket-boxes-de","9":"pa_color-blue-de","11":"first","12":"instock","13":"shipping-taxable","14":"purchasable","15":"product-type-simple"},"_links":{"self":[{"href":"https:\/\/danila-souvenirs.com\/de\/wp-json\/wp\/v2\/product\/9756","targetHints":{"allow":["GET"]}}],"collection":[{"href":"https:\/\/danila-souvenirs.com\/de\/wp-json\/wp\/v2\/product"}],"about":[{"href":"https:\/\/danila-souvenirs.com\/de\/wp-json\/wp\/v2\/types\/product"}],"replies":[{"embeddable":true,"href":"https:\/\/danila-souvenirs.com\/de\/wp-json\/wp\/v2\/comments?post=9756"}],"wp:featuredmedia":[{"embeddable":true,"href":"https:\/\/danila-souvenirs.com\/de\/wp-json\/wp\/v2\/media\/9514"}],"wp:attachment":[{"href":"https:\/\/danila-souvenirs.com\/de\/wp-json\/wp\/v2\/media?parent=9756"}],"wp:term":[{"taxonomy":"product_brand","embeddable":true,"href":"https:\/\/danila-souvenirs.com\/de\/wp-json\/wp\/v2\/product_brand?post=9756"},{"taxonomy":"product_cat","embeddable":true,"href":"https:\/\/danila-souvenirs.com\/de\/wp-json\/wp\/v2\/product_cat?post=9756"},{"taxonomy":"product_tag","embeddable":true,"href":"https:\/\/danila-souvenirs.com\/de\/wp-json\/wp\/v2\/product_tag?post=9756"}],"curies":[{"name":"wp","href":"https:\/\/api.w.org\/{rel}","templated":true}]}}