{"id":9755,"date":"2021-05-24T16:47:42","date_gmt":"2021-05-24T13:47:42","guid":{"rendered":"https:\/\/danila-souvenirs.com\/de\/product\/faberge-kroenungs-ei-schmuckkaestchen-mit-kutsche-10-cm-rot\/"},"modified":"2023-08-03T00:56:42","modified_gmt":"2023-08-02T21:56:42","slug":"faberge-kroenungs-ei-schmuckkaestchen-mit-kutsche-10-cm-rot","status":"publish","type":"product","link":"https:\/\/danila-souvenirs.com\/de\/product\/faberge-kroenungs-ei-schmuckkaestchen-mit-kutsche-10-cm-rot\/?lang=de","title":{"rendered":"Kr\u00f6nungs Osterei im glamour\u00f6sen Stil \/ Schmuckk\u00e4stchen mit Kutsche 10 cm rot"},"content":{"rendered":"<div>Material: Legierung von Nichteisenmetallen, Email, Kristallen.<\/div>\n<div><\/div>\n<div>H\u00f6he: 10 cm.<\/div>\n<div><\/div>\n<div>Gewicht: 425 Gramm.<\/div>\n<div><\/div>\n<div>Farbe: rot.<\/div>\n<div><\/div>\n<div>Dieses Ei ist eine kleine Replik des ber\u00fchmten Kaiserlichen Kr\u00f6nungs Faberg\u00e9 Ei.\u00a0 Das kaiserliche Kr\u00f6nungs-Ei ist ein juwelenbesetztes Faberg\u00e9-Ei, das 1897 von den Faberg\u00e9-Ateliers Mikhail Perkhin und Henrik Wigstrom unter der Aufsicht des russischen Juweliers Peter Carl Faberg\u00e9 hergestellt wurde. Das Ei wurde zum Gedenken an Zariza, Kaiserin Alexandra Fjodorowna gemacht.\u00a0 Im Ei finden Sie einen kleinen Wagen. Das Ei kann als Schmuckk\u00e4stchen verwendet werden.<\/div>\n<div><\/div>\n<div><\/div>\n<div><\/div>\n","protected":false},"excerpt":{"rendered":"<p>Material: Legierung von Nichteisenmetallen, Email, Kristallen. H\u00f6he: 10 cm. Gewicht: 425 Gramm. Farbe: rot. Dieses Ei ist eine kleine Replik des ber\u00fchmten Kaiserlichen Kr\u00f6nungs Faberg\u00e9 Ei.\u00a0 Das kaiserliche Kr\u00f6nungs-Ei ist ein juwelenbesetztes Faberg\u00e9-Ei, das 1897 von den Faberg\u00e9-Ateliers Mikhail Perkhin und Henrik Wigstrom unter der Aufsicht des russischen Juweliers Peter Carl Faberg\u00e9 hergestellt wurde. Das [&hellip;]<\/p>\n","protected":false},"featured_media":9426,"comment_status":"closed","ping_status":"closed","template":"","meta":{"_et_pb_use_builder":"","_et_pb_old_content":"","_et_gb_content_width":""},"product_brand":[],"product_cat":[164,160,162],"product_tag":[],"class_list":{"0":"post-9755","1":"product","2":"type-product","3":"status-publish","4":"has-post-thumbnail","6":"product_cat-eggs-with-surprise-de","7":"product_cat-ostereier","8":"product_cat-trinket-boxes-de","9":"pa_color-red-de","11":"first","12":"instock","13":"shipping-taxable","14":"purchasable","15":"product-type-simple"},"_links":{"self":[{"href":"https:\/\/danila-souvenirs.com\/de\/wp-json\/wp\/v2\/product\/9755","targetHints":{"allow":["GET"]}}],"collection":[{"href":"https:\/\/danila-souvenirs.com\/de\/wp-json\/wp\/v2\/product"}],"about":[{"href":"https:\/\/danila-souvenirs.com\/de\/wp-json\/wp\/v2\/types\/product"}],"replies":[{"embeddable":true,"href":"https:\/\/danila-souvenirs.com\/de\/wp-json\/wp\/v2\/comments?post=9755"}],"wp:featuredmedia":[{"embeddable":true,"href":"https:\/\/danila-souvenirs.com\/de\/wp-json\/wp\/v2\/media\/9426"}],"wp:attachment":[{"href":"https:\/\/danila-souvenirs.com\/de\/wp-json\/wp\/v2\/media?parent=9755"}],"wp:term":[{"taxonomy":"product_brand","embeddable":true,"href":"https:\/\/danila-souvenirs.com\/de\/wp-json\/wp\/v2\/product_brand?post=9755"},{"taxonomy":"product_cat","embeddable":true,"href":"https:\/\/danila-souvenirs.com\/de\/wp-json\/wp\/v2\/product_cat?post=9755"},{"taxonomy":"product_tag","embeddable":true,"href":"https:\/\/danila-souvenirs.com\/de\/wp-json\/wp\/v2\/product_tag?post=9755"}],"curies":[{"name":"wp","href":"https:\/\/api.w.org\/{rel}","templated":true}]}}