{"id":15384,"date":"2025-10-23T19:45:36","date_gmt":"2025-10-23T16:45:36","guid":{"rendered":"https:\/\/danila-souvenirs.com\/de\/product\/russian-writer-leo-lev-tolstoy-stone-bust-statue-sculpture-14-5-cm\/"},"modified":"2025-10-23T20:00:05","modified_gmt":"2025-10-23T17:00:05","slug":"russian-writer-leo-lev-tolstoy-stone-bust-statue-sculpture-14-5-cm","status":"publish","type":"product","link":"https:\/\/danila-souvenirs.com\/de\/product\/russian-writer-leo-lev-tolstoy-stone-bust-statue-sculpture-14-5-cm\/?lang=es","title":{"rendered":"Busto \/ Estatua de piedra del escritor ruso Lev (Le\u00f3n) Tolst\u00f3i 14,5 cm"},"content":{"rendered":"<div>Material: m\u00e1rmol artificial.<\/div>\n<div><\/div>\n<div>Altura: 14,5 cm.<\/div>\n<div><\/div>\n<div>Peso: 360 g.<\/div>\n<div><\/div>\n<div>Color: negro.<\/div>\n<div><\/div>\n<div>Lev (Le\u00f3n) Tolst\u00f3i (9 de septiembre de 1828 &#8211; 20 de noviembre de 1910) fue un escritor ruso que principalmente escribi\u00f3 novelas y cuentos cortos. Tolstoy es igualmente conocido por su personalidad complicada y parad\u00f3jica y por sus vistas moralistas y asc\u00e9ticas extremas.<\/div>\n","protected":false},"excerpt":{"rendered":"<p>Material: m\u00e1rmol artificial. Altura: 14,5 cm. Peso: 360 g. Color: negro. Lev (Le\u00f3n) Tolst\u00f3i (9 de septiembre de 1828 &#8211; 20 de noviembre de 1910) fue un escritor ruso que principalmente escribi\u00f3 novelas y cuentos cortos. Tolstoy es igualmente conocido por su personalidad complicada y parad\u00f3jica y por sus vistas moralistas y asc\u00e9ticas extremas.<\/p>\n","protected":false},"featured_media":15380,"comment_status":"closed","ping_status":"closed","template":"","meta":{"_et_pb_use_builder":"","_et_pb_old_content":"","_et_gb_content_width":""},"product_brand":[],"product_cat":[235,246,245],"product_tag":[],"class_list":{"0":"post-15384","1":"product","2":"type-product","3":"status-publish","4":"has-post-thumbnail","6":"product_cat-statues-es","7":"product_cat-russian-es","8":"product_cat-uncategorized-es","9":"pa_color-white-es","11":"first","12":"instock","13":"shipping-taxable","14":"purchasable","15":"product-type-simple"},"_links":{"self":[{"href":"https:\/\/danila-souvenirs.com\/de\/wp-json\/wp\/v2\/product\/15384","targetHints":{"allow":["GET"]}}],"collection":[{"href":"https:\/\/danila-souvenirs.com\/de\/wp-json\/wp\/v2\/product"}],"about":[{"href":"https:\/\/danila-souvenirs.com\/de\/wp-json\/wp\/v2\/types\/product"}],"replies":[{"embeddable":true,"href":"https:\/\/danila-souvenirs.com\/de\/wp-json\/wp\/v2\/comments?post=15384"}],"wp:featuredmedia":[{"embeddable":true,"href":"https:\/\/danila-souvenirs.com\/de\/wp-json\/wp\/v2\/media\/15380"}],"wp:attachment":[{"href":"https:\/\/danila-souvenirs.com\/de\/wp-json\/wp\/v2\/media?parent=15384"}],"wp:term":[{"taxonomy":"product_brand","embeddable":true,"href":"https:\/\/danila-souvenirs.com\/de\/wp-json\/wp\/v2\/product_brand?post=15384"},{"taxonomy":"product_cat","embeddable":true,"href":"https:\/\/danila-souvenirs.com\/de\/wp-json\/wp\/v2\/product_cat?post=15384"},{"taxonomy":"product_tag","embeddable":true,"href":"https:\/\/danila-souvenirs.com\/de\/wp-json\/wp\/v2\/product_tag?post=15384"}],"curies":[{"name":"wp","href":"https:\/\/api.w.org\/{rel}","templated":true}]}}