{"id":15382,"date":"2025-10-23T19:45:36","date_gmt":"2025-10-23T16:45:36","guid":{"rendered":"https:\/\/danila-souvenirs.com\/de\/product\/russian-writer-leo-lev-tolstoy-stone-bust-statue-sculpture-14-5-cm\/"},"modified":"2025-10-23T19:54:24","modified_gmt":"2025-10-23T16:54:24","slug":"russian-writer-leo-lev-tolstoy-stone-bust-statue-sculpture-14-5-cm","status":"publish","type":"product","link":"https:\/\/danila-souvenirs.com\/de\/product\/russian-writer-leo-lev-tolstoy-stone-bust-statue-sculpture-14-5-cm\/?lang=de","title":{"rendered":"russischer Schriftsteller Lew Tolstoi stein B\u00fcste Statue Skulptur 14,5 cm"},"content":{"rendered":"<div>Material: k\u00fcnstlicher Marmor.<\/div>\n<div><\/div>\n<div>H\u00f6he: 14,5 cm.<\/div>\n<div><\/div>\n<div>Gewicht: 360 Gramm.<\/div>\n<div><\/div>\n<div>Farbe: schwarz.<\/div>\n<div><\/div>\n<div>Lew Tolstoi war ein russischer Schriftsteller, der haupts\u00e4chlich Romane und Kurzgeschichten schrieb. Tolstoi ist gleicherma\u00dfen bekannt f\u00fcr seine komplizierte und paradoxe Pers\u00f6nlichkeit und f\u00fcr seine extrem moralischen und asketischen Ansichten.<\/div>\n","protected":false},"excerpt":{"rendered":"<p>Material: k\u00fcnstlicher Marmor. H\u00f6he: 14,5 cm. Gewicht: 360 Gramm. Farbe: schwarz. Lew Tolstoi war ein russischer Schriftsteller, der haupts\u00e4chlich Romane und Kurzgeschichten schrieb. Tolstoi ist gleicherma\u00dfen bekannt f\u00fcr seine komplizierte und paradoxe Pers\u00f6nlichkeit und f\u00fcr seine extrem moralischen und asketischen Ansichten.<\/p>\n","protected":false},"featured_media":15378,"comment_status":"closed","ping_status":"closed","template":"","meta":{"_et_pb_use_builder":"","_et_pb_old_content":"","_et_gb_content_width":""},"product_brand":[],"product_cat":[166,168,167],"product_tag":[],"class_list":{"0":"post-15382","1":"product","2":"type-product","3":"status-publish","4":"has-post-thumbnail","6":"product_cat-uncategorized-de","7":"product_cat-russian-de","8":"product_cat-statues-de","9":"pa_color-white-de","11":"first","12":"instock","13":"shipping-taxable","14":"purchasable","15":"product-type-simple"},"_links":{"self":[{"href":"https:\/\/danila-souvenirs.com\/de\/wp-json\/wp\/v2\/product\/15382","targetHints":{"allow":["GET"]}}],"collection":[{"href":"https:\/\/danila-souvenirs.com\/de\/wp-json\/wp\/v2\/product"}],"about":[{"href":"https:\/\/danila-souvenirs.com\/de\/wp-json\/wp\/v2\/types\/product"}],"replies":[{"embeddable":true,"href":"https:\/\/danila-souvenirs.com\/de\/wp-json\/wp\/v2\/comments?post=15382"}],"wp:featuredmedia":[{"embeddable":true,"href":"https:\/\/danila-souvenirs.com\/de\/wp-json\/wp\/v2\/media\/15378"}],"wp:attachment":[{"href":"https:\/\/danila-souvenirs.com\/de\/wp-json\/wp\/v2\/media?parent=15382"}],"wp:term":[{"taxonomy":"product_brand","embeddable":true,"href":"https:\/\/danila-souvenirs.com\/de\/wp-json\/wp\/v2\/product_brand?post=15382"},{"taxonomy":"product_cat","embeddable":true,"href":"https:\/\/danila-souvenirs.com\/de\/wp-json\/wp\/v2\/product_cat?post=15382"},{"taxonomy":"product_tag","embeddable":true,"href":"https:\/\/danila-souvenirs.com\/de\/wp-json\/wp\/v2\/product_tag?post=15382"}],"curies":[{"name":"wp","href":"https:\/\/api.w.org\/{rel}","templated":true}]}}