{"id":15381,"date":"2025-10-23T19:45:36","date_gmt":"2025-10-23T16:45:36","guid":{"rendered":"https:\/\/danila-souvenirs.com\/de\/product\/russian-writer-leo-lev-tolstoy-stone-bust-statue-sculpture-14-5-cm\/"},"modified":"2025-10-23T19:53:16","modified_gmt":"2025-10-23T16:53:16","slug":"russian-writer-leo-lev-tolstoy-stone-bust-statue-sculpture-14-5-cm","status":"publish","type":"product","link":"https:\/\/danila-souvenirs.com\/de\/product\/russian-writer-leo-lev-tolstoy-stone-bust-statue-sculpture-14-5-cm\/?lang=fr","title":{"rendered":"buste \/ statue en pierre de l&#8217;\u00e9crivain russe L\u00e9v Tolsto\u00ef 14,5 cm"},"content":{"rendered":"<div>Mat\u00e9riau: marbre artificiel.<\/div>\n<div><\/div>\n<div>Hauteur: 14,5 cm.<\/div>\n<div><\/div>\n<div>Poids: 360 g.<\/div>\n<div><\/div>\n<div>Couleur: noir.<\/div>\n<div><\/div>\n<div>L\u00e9v Tolsto\u00ef (9 septembre 1828\u201320 novembre 1910) \u00e9tait un \u00e9crivain russe qui principalement \u00e9crit des romans et des histoires courtes. tolsto\u00ef est \u00e9galement connu pour son complexe et paradoxale Persona et pour son extr\u00eame moralisante et ascetic vues.<\/div>\n","protected":false},"excerpt":{"rendered":"<p>Mat\u00e9riau: marbre artificiel. Hauteur: 14,5 cm. Poids: 360 g. Couleur: noir. L\u00e9v Tolsto\u00ef (9 septembre 1828\u201320 novembre 1910) \u00e9tait un \u00e9crivain russe qui principalement \u00e9crit des romans et des histoires courtes. tolsto\u00ef est \u00e9galement connu pour son complexe et paradoxale Persona et pour son extr\u00eame moralisante et ascetic vues.<\/p>\n","protected":false},"featured_media":15377,"comment_status":"closed","ping_status":"closed","template":"","meta":{"_et_pb_use_builder":"","_et_pb_old_content":"","_et_gb_content_width":""},"product_brand":[],"product_cat":[179,181,180],"product_tag":[],"class_list":{"0":"post-15381","1":"product","2":"type-product","3":"status-publish","4":"has-post-thumbnail","6":"product_cat-uncategorized-fr","7":"product_cat-russian-fr","8":"product_cat-statues-fr","9":"pa_color-white-fr","11":"first","12":"instock","13":"shipping-taxable","14":"purchasable","15":"product-type-simple"},"_links":{"self":[{"href":"https:\/\/danila-souvenirs.com\/de\/wp-json\/wp\/v2\/product\/15381","targetHints":{"allow":["GET"]}}],"collection":[{"href":"https:\/\/danila-souvenirs.com\/de\/wp-json\/wp\/v2\/product"}],"about":[{"href":"https:\/\/danila-souvenirs.com\/de\/wp-json\/wp\/v2\/types\/product"}],"replies":[{"embeddable":true,"href":"https:\/\/danila-souvenirs.com\/de\/wp-json\/wp\/v2\/comments?post=15381"}],"wp:featuredmedia":[{"embeddable":true,"href":"https:\/\/danila-souvenirs.com\/de\/wp-json\/wp\/v2\/media\/15377"}],"wp:attachment":[{"href":"https:\/\/danila-souvenirs.com\/de\/wp-json\/wp\/v2\/media?parent=15381"}],"wp:term":[{"taxonomy":"product_brand","embeddable":true,"href":"https:\/\/danila-souvenirs.com\/de\/wp-json\/wp\/v2\/product_brand?post=15381"},{"taxonomy":"product_cat","embeddable":true,"href":"https:\/\/danila-souvenirs.com\/de\/wp-json\/wp\/v2\/product_cat?post=15381"},{"taxonomy":"product_tag","embeddable":true,"href":"https:\/\/danila-souvenirs.com\/de\/wp-json\/wp\/v2\/product_tag?post=15381"}],"curies":[{"name":"wp","href":"https:\/\/api.w.org\/{rel}","templated":true}]}}