{"id":15371,"date":"2025-10-23T19:14:02","date_gmt":"2025-10-23T16:14:02","guid":{"rendered":"https:\/\/danila-souvenirs.com\/de\/product\/glamorous-style-easter-egg-music-box-trinket-jewel-box-with-two-swans-17-cm-green\/"},"modified":"2025-10-23T19:26:53","modified_gmt":"2025-10-23T16:26:53","slug":"glamorous-style-easter-egg-music-box-trinket-jewel-box-with-two-swans-17-cm-green","status":"publish","type":"product","link":"https:\/\/danila-souvenirs.com\/de\/product\/glamorous-style-easter-egg-music-box-trinket-jewel-box-with-two-swans-17-cm-green\/?lang=de","title":{"rendered":"Osterei im glamour\u00f6sen Stil \/ Spieluhr \/ Schmuckk\u00e4stchen mit zwei Schw\u00e4nen 17cm gr\u00fcn"},"content":{"rendered":"<div>Material: Legierung von Nichteisenmetallen, Email, Kristallen.<\/div>\n<div><\/div>\n<div>H\u00f6he: 17 cm.<\/div>\n<div><\/div>\n<div>Gewicht: 935 Gramm.<\/div>\n<div><\/div>\n<div>Farbe: gr\u00fcn.<\/div>\n<div><\/div>\n<div>Das Ei ist eine Spieluhr. Im Ei finden Sie eine kleine Figur mit zwei Schw\u00e4nen. Diese Figur kann als kleine Schmuckschatulle verwendet werden.<\/div>\n","protected":false},"excerpt":{"rendered":"<p>Material: Legierung von Nichteisenmetallen, Email, Kristallen. H\u00f6he: 17 cm. Gewicht: 935 Gramm. Farbe: gr\u00fcn. Das Ei ist eine Spieluhr. Im Ei finden Sie eine kleine Figur mit zwei Schw\u00e4nen. Diese Figur kann als kleine Schmuckschatulle verwendet werden.<\/p>\n","protected":false},"featured_media":15357,"comment_status":"open","ping_status":"closed","template":"","meta":{"_et_pb_use_builder":"","_et_pb_old_content":"","_et_gb_content_width":""},"product_brand":[],"product_cat":[164,160,162,165],"product_tag":[],"class_list":{"0":"post-15371","1":"product","2":"type-product","3":"status-publish","4":"has-post-thumbnail","6":"product_cat-eggs-with-surprise-de","7":"product_cat-ostereier","8":"product_cat-trinket-boxes-de","9":"product_cat-music-boxes-de","11":"first","12":"instock","13":"shipping-taxable","14":"purchasable","15":"product-type-simple"},"_links":{"self":[{"href":"https:\/\/danila-souvenirs.com\/de\/wp-json\/wp\/v2\/product\/15371","targetHints":{"allow":["GET"]}}],"collection":[{"href":"https:\/\/danila-souvenirs.com\/de\/wp-json\/wp\/v2\/product"}],"about":[{"href":"https:\/\/danila-souvenirs.com\/de\/wp-json\/wp\/v2\/types\/product"}],"replies":[{"embeddable":true,"href":"https:\/\/danila-souvenirs.com\/de\/wp-json\/wp\/v2\/comments?post=15371"}],"wp:featuredmedia":[{"embeddable":true,"href":"https:\/\/danila-souvenirs.com\/de\/wp-json\/wp\/v2\/media\/15357"}],"wp:attachment":[{"href":"https:\/\/danila-souvenirs.com\/de\/wp-json\/wp\/v2\/media?parent=15371"}],"wp:term":[{"taxonomy":"product_brand","embeddable":true,"href":"https:\/\/danila-souvenirs.com\/de\/wp-json\/wp\/v2\/product_brand?post=15371"},{"taxonomy":"product_cat","embeddable":true,"href":"https:\/\/danila-souvenirs.com\/de\/wp-json\/wp\/v2\/product_cat?post=15371"},{"taxonomy":"product_tag","embeddable":true,"href":"https:\/\/danila-souvenirs.com\/de\/wp-json\/wp\/v2\/product_tag?post=15371"}],"curies":[{"name":"wp","href":"https:\/\/api.w.org\/{rel}","templated":true}]}}