{"id":15370,"date":"2025-10-23T19:14:02","date_gmt":"2025-10-23T16:14:02","guid":{"rendered":"https:\/\/danila-souvenirs.com\/de\/product\/glamorous-style-easter-egg-music-box-trinket-jewel-box-with-two-swans-17-cm-green\/"},"modified":"2025-10-23T19:25:29","modified_gmt":"2025-10-23T16:25:29","slug":"glamorous-style-easter-egg-music-box-trinket-jewel-box-with-two-swans-17-cm-green","status":"publish","type":"product","link":"https:\/\/danila-souvenirs.com\/de\/product\/glamorous-style-easter-egg-music-box-trinket-jewel-box-with-two-swans-17-cm-green\/?lang=fr","title":{"rendered":"Oeuf de P\u00e2ques de style glamour \/ bo\u00eete \u00e0 musique \/ bo\u00eete \u00e0 bijoux avec deux cygnes 17 cm, vert"},"content":{"rendered":"<div>Mat\u00e9riel: Alliage de m\u00e9taux non ferreux, \u00e9mail, cristaux.<\/div>\n<div><\/div>\n<div>Hauteur: 17 cm.<\/div>\n<div><\/div>\n<div>Poids: 935 g.<\/div>\n<div><\/div>\n<div>Couleur: vert.<\/div>\n<div><\/div>\n<div>A l&#8217;int\u00e9rieur de l&#8217;\u0153uf, vous pouvez trouver une petite figurine de deux cygnes. Cette figurine peut \u00eatre utilis\u00e9e comme une petite bo\u00eete \u00e0 bijoux. Cet \u0153uf est une bo\u00eete \u00e0 musique.<\/div>\n","protected":false},"excerpt":{"rendered":"<p>Mat\u00e9riel: Alliage de m\u00e9taux non ferreux, \u00e9mail, cristaux. Hauteur: 17 cm. Poids: 935 g. Couleur: vert. A l&#8217;int\u00e9rieur de l&#8217;\u0153uf, vous pouvez trouver une petite figurine de deux cygnes. Cette figurine peut \u00eatre utilis\u00e9e comme une petite bo\u00eete \u00e0 bijoux. Cet \u0153uf est une bo\u00eete \u00e0 musique.<\/p>\n","protected":false},"featured_media":15356,"comment_status":"open","ping_status":"closed","template":"","meta":{"_et_pb_use_builder":"","_et_pb_old_content":"","_et_gb_content_width":""},"product_brand":[],"product_cat":[174,178,175,173],"product_tag":[],"class_list":{"0":"post-15370","1":"product","2":"type-product","3":"status-publish","4":"has-post-thumbnail","6":"product_cat-trinket-boxes-fr","7":"product_cat-music-boxes-fr","8":"product_cat-eggs-with-surprise-fr","9":"product_cat-oeufs-de-paques","11":"first","12":"instock","13":"shipping-taxable","14":"purchasable","15":"product-type-simple"},"_links":{"self":[{"href":"https:\/\/danila-souvenirs.com\/de\/wp-json\/wp\/v2\/product\/15370","targetHints":{"allow":["GET"]}}],"collection":[{"href":"https:\/\/danila-souvenirs.com\/de\/wp-json\/wp\/v2\/product"}],"about":[{"href":"https:\/\/danila-souvenirs.com\/de\/wp-json\/wp\/v2\/types\/product"}],"replies":[{"embeddable":true,"href":"https:\/\/danila-souvenirs.com\/de\/wp-json\/wp\/v2\/comments?post=15370"}],"wp:featuredmedia":[{"embeddable":true,"href":"https:\/\/danila-souvenirs.com\/de\/wp-json\/wp\/v2\/media\/15356"}],"wp:attachment":[{"href":"https:\/\/danila-souvenirs.com\/de\/wp-json\/wp\/v2\/media?parent=15370"}],"wp:term":[{"taxonomy":"product_brand","embeddable":true,"href":"https:\/\/danila-souvenirs.com\/de\/wp-json\/wp\/v2\/product_brand?post=15370"},{"taxonomy":"product_cat","embeddable":true,"href":"https:\/\/danila-souvenirs.com\/de\/wp-json\/wp\/v2\/product_cat?post=15370"},{"taxonomy":"product_tag","embeddable":true,"href":"https:\/\/danila-souvenirs.com\/de\/wp-json\/wp\/v2\/product_tag?post=15370"}],"curies":[{"name":"wp","href":"https:\/\/api.w.org\/{rel}","templated":true}]}}