{"id":15307,"date":"2025-10-06T16:38:02","date_gmt":"2025-10-06T13:38:02","guid":{"rendered":"https:\/\/danila-souvenirs.com\/de\/?post_type=product&#038;p=15307"},"modified":"2025-10-07T16:14:09","modified_gmt":"2025-10-07T13:14:09","slug":"oeuf-de-paques-de-style-glamour-boite-a-bijoux-avec-des-lions-couronne-et-pendentif-155-cm-rouge-copy","status":"publish","type":"product","link":"https:\/\/danila-souvenirs.com\/de\/product\/oeuf-de-paques-de-style-glamour-boite-a-bijoux-avec-des-lions-couronne-et-pendentif-155-cm-rouge-copy\/?lang=fr","title":{"rendered":"Oeuf de P\u00e2ques de style glamour \/ bo\u00eete \u00e0 bijoux avec des lions, couronne et pendentif 15,5 cm, cr\u00e8me"},"content":{"rendered":"<div>Mat\u00e9riel: Alliage de m\u00e9taux non ferreux, \u00e9mail, cristaux.<\/div>\n<div><\/div>\n<div>Hauteur : 15,5 cm (avec support), 12 cm (l&#8217;\u0153uf lui-m\u00eame).<\/div>\n<div><\/div>\n<div>Poids : 600 g.<\/div>\n<div><\/div>\n<div>Couleur : cr\u00e8me.<\/div>\n<div><\/div>\n<div>L&#8217;oeuf peut \u00eatre utilis\u00e9 comme une bo\u00eete \u00e0 bijoux. Le pendentif cadeau est inclus.<\/div>\n","protected":false},"excerpt":{"rendered":"<p>Mat\u00e9riel: Alliage de m\u00e9taux non ferreux, \u00e9mail, cristaux. Hauteur : 15,5 cm (avec support), 12 cm (l&#8217;\u0153uf lui-m\u00eame). Poids : 600 g. Couleur : cr\u00e8me. L&#8217;oeuf peut \u00eatre utilis\u00e9 comme une bo\u00eete \u00e0 bijoux. Le pendentif cadeau est inclus.<\/p>\n","protected":false},"featured_media":15320,"comment_status":"closed","ping_status":"closed","template":"","meta":{"_et_pb_use_builder":"","_et_pb_old_content":"","_et_gb_content_width":""},"product_brand":[],"product_cat":[174,175,173],"product_tag":[],"class_list":{"0":"post-15307","1":"product","2":"type-product","3":"status-publish","4":"has-post-thumbnail","6":"product_cat-trinket-boxes-fr","7":"product_cat-eggs-with-surprise-fr","8":"product_cat-oeufs-de-paques","9":"pa_color-red-fr","11":"first","12":"instock","13":"shipping-taxable","14":"purchasable","15":"product-type-simple"},"_links":{"self":[{"href":"https:\/\/danila-souvenirs.com\/de\/wp-json\/wp\/v2\/product\/15307","targetHints":{"allow":["GET"]}}],"collection":[{"href":"https:\/\/danila-souvenirs.com\/de\/wp-json\/wp\/v2\/product"}],"about":[{"href":"https:\/\/danila-souvenirs.com\/de\/wp-json\/wp\/v2\/types\/product"}],"replies":[{"embeddable":true,"href":"https:\/\/danila-souvenirs.com\/de\/wp-json\/wp\/v2\/comments?post=15307"}],"wp:featuredmedia":[{"embeddable":true,"href":"https:\/\/danila-souvenirs.com\/de\/wp-json\/wp\/v2\/media\/15320"}],"wp:attachment":[{"href":"https:\/\/danila-souvenirs.com\/de\/wp-json\/wp\/v2\/media?parent=15307"}],"wp:term":[{"taxonomy":"product_brand","embeddable":true,"href":"https:\/\/danila-souvenirs.com\/de\/wp-json\/wp\/v2\/product_brand?post=15307"},{"taxonomy":"product_cat","embeddable":true,"href":"https:\/\/danila-souvenirs.com\/de\/wp-json\/wp\/v2\/product_cat?post=15307"},{"taxonomy":"product_tag","embeddable":true,"href":"https:\/\/danila-souvenirs.com\/de\/wp-json\/wp\/v2\/product_tag?post=15307"}],"curies":[{"name":"wp","href":"https:\/\/api.w.org\/{rel}","templated":true}]}}