{"id":15305,"date":"2025-10-06T16:38:02","date_gmt":"2025-10-06T13:38:02","guid":{"rendered":"https:\/\/danila-souvenirs.com\/de\/?post_type=product&#038;p=15305"},"modified":"2025-10-07T16:15:22","modified_gmt":"2025-10-07T13:15:22","slug":"osterei-im-glamourosen-stil-schmuckkastchen-mit-lowen-anhanger-155-cm-rot-copy","status":"publish","type":"product","link":"https:\/\/danila-souvenirs.com\/de\/product\/osterei-im-glamourosen-stil-schmuckkastchen-mit-lowen-anhanger-155-cm-rot-copy\/?lang=de","title":{"rendered":"Osterei im glamour\u00f6sen Stil \/ Schmuckk\u00e4stchen mit L\u00f6wen &amp; Anh\u00e4nger 15,5 cm creme Farbe"},"content":{"rendered":"<div>Material: Legierung von Nichteisenmetallen, Email, Kristallen.<\/div>\n<div><\/div>\n<div>H\u00f6he: 15,5 cm.<\/div>\n<div><\/div>\n<div>Gewicht: 600 Gramm.<\/div>\n<div><\/div>\n<div>Farbe: creme.<\/div>\n<div><\/div>\n<div>Das Ei kann als Schmuckk\u00e4stchen verwendet werden. Der Geschenkanh\u00e4nger ist im Lieferumfang enthalten.<\/div>\n","protected":false},"excerpt":{"rendered":"<p>Material: Legierung von Nichteisenmetallen, Email, Kristallen. H\u00f6he: 15,5 cm. Gewicht: 600 Gramm. Farbe: creme. Das Ei kann als Schmuckk\u00e4stchen verwendet werden. Der Geschenkanh\u00e4nger ist im Lieferumfang enthalten.<\/p>\n","protected":false},"featured_media":15321,"comment_status":"closed","ping_status":"closed","template":"","meta":{"_et_pb_use_builder":"","_et_pb_old_content":"","_et_gb_content_width":""},"product_brand":[],"product_cat":[164,160,162],"product_tag":[],"class_list":{"0":"post-15305","1":"product","2":"type-product","3":"status-publish","4":"has-post-thumbnail","6":"product_cat-eggs-with-surprise-de","7":"product_cat-ostereier","8":"product_cat-trinket-boxes-de","9":"pa_color-red-de","11":"first","12":"instock","13":"shipping-taxable","14":"purchasable","15":"product-type-simple"},"_links":{"self":[{"href":"https:\/\/danila-souvenirs.com\/de\/wp-json\/wp\/v2\/product\/15305","targetHints":{"allow":["GET"]}}],"collection":[{"href":"https:\/\/danila-souvenirs.com\/de\/wp-json\/wp\/v2\/product"}],"about":[{"href":"https:\/\/danila-souvenirs.com\/de\/wp-json\/wp\/v2\/types\/product"}],"replies":[{"embeddable":true,"href":"https:\/\/danila-souvenirs.com\/de\/wp-json\/wp\/v2\/comments?post=15305"}],"wp:featuredmedia":[{"embeddable":true,"href":"https:\/\/danila-souvenirs.com\/de\/wp-json\/wp\/v2\/media\/15321"}],"wp:attachment":[{"href":"https:\/\/danila-souvenirs.com\/de\/wp-json\/wp\/v2\/media?parent=15305"}],"wp:term":[{"taxonomy":"product_brand","embeddable":true,"href":"https:\/\/danila-souvenirs.com\/de\/wp-json\/wp\/v2\/product_brand?post=15305"},{"taxonomy":"product_cat","embeddable":true,"href":"https:\/\/danila-souvenirs.com\/de\/wp-json\/wp\/v2\/product_cat?post=15305"},{"taxonomy":"product_tag","embeddable":true,"href":"https:\/\/danila-souvenirs.com\/de\/wp-json\/wp\/v2\/product_tag?post=15305"}],"curies":[{"name":"wp","href":"https:\/\/api.w.org\/{rel}","templated":true}]}}