{"id":15125,"date":"2025-02-28T00:21:55","date_gmt":"2025-02-27T21:21:55","guid":{"rendered":"https:\/\/danila-souvenirs.com\/de\/product\/glamorous-style-twisted-easter-egg-with-basket-of-flowers-12-cm-green\/"},"modified":"2025-02-28T00:29:46","modified_gmt":"2025-02-27T21:29:46","slug":"glamorous-style-twisted-easter-egg-with-basket-of-flowers-12-cm-green","status":"publish","type":"product","link":"https:\/\/danila-souvenirs.com\/de\/product\/glamorous-style-twisted-easter-egg-with-basket-of-flowers-12-cm-green\/?lang=de","title":{"rendered":"Faberg\u00e9-Stil verdrehtes Ei mit Korb der Blumen 12 cm gr\u00fcn"},"content":{"rendered":"<p>Material: Legierung von Nichteisenmetallen, Email, Kristallen.<\/p>\n<p>H\u00f6he: 12 cm.<\/p>\n<p>Gewicht: 330 Gramm.<\/p>\n<p>Farbe: gr\u00fcn.<\/p>\n<p>Im Inneren des Ei finden Sie den kleinen Korb mit Blumen. Dieser Korb kann als Schmuckk\u00e4stchen verwendet werden.<\/p>\n","protected":false},"excerpt":{"rendered":"<p>Material: Legierung von Nichteisenmetallen, Email, Kristallen. H\u00f6he: 12 cm. Gewicht: 330 Gramm. Farbe: gr\u00fcn. Im Inneren des Ei finden Sie den kleinen Korb mit Blumen. Dieser Korb kann als Schmuckk\u00e4stchen verwendet werden.<\/p>\n","protected":false},"featured_media":15116,"comment_status":"open","ping_status":"closed","template":"","meta":{"_et_pb_use_builder":"","_et_pb_old_content":"","_et_gb_content_width":""},"product_brand":[],"product_cat":[164,160,162,222],"product_tag":[],"class_list":{"0":"post-15125","1":"product","2":"type-product","3":"status-publish","4":"has-post-thumbnail","6":"product_cat-eggs-with-surprise-de","7":"product_cat-ostereier","8":"product_cat-trinket-boxes-de","9":"product_cat-clock-eggs-de","11":"first","12":"instock","13":"shipping-taxable","14":"purchasable","15":"product-type-simple"},"_links":{"self":[{"href":"https:\/\/danila-souvenirs.com\/de\/wp-json\/wp\/v2\/product\/15125","targetHints":{"allow":["GET"]}}],"collection":[{"href":"https:\/\/danila-souvenirs.com\/de\/wp-json\/wp\/v2\/product"}],"about":[{"href":"https:\/\/danila-souvenirs.com\/de\/wp-json\/wp\/v2\/types\/product"}],"replies":[{"embeddable":true,"href":"https:\/\/danila-souvenirs.com\/de\/wp-json\/wp\/v2\/comments?post=15125"}],"wp:featuredmedia":[{"embeddable":true,"href":"https:\/\/danila-souvenirs.com\/de\/wp-json\/wp\/v2\/media\/15116"}],"wp:attachment":[{"href":"https:\/\/danila-souvenirs.com\/de\/wp-json\/wp\/v2\/media?parent=15125"}],"wp:term":[{"taxonomy":"product_brand","embeddable":true,"href":"https:\/\/danila-souvenirs.com\/de\/wp-json\/wp\/v2\/product_brand?post=15125"},{"taxonomy":"product_cat","embeddable":true,"href":"https:\/\/danila-souvenirs.com\/de\/wp-json\/wp\/v2\/product_cat?post=15125"},{"taxonomy":"product_tag","embeddable":true,"href":"https:\/\/danila-souvenirs.com\/de\/wp-json\/wp\/v2\/product_tag?post=15125"}],"curies":[{"name":"wp","href":"https:\/\/api.w.org\/{rel}","templated":true}]}}