{"id":15124,"date":"2025-02-28T00:21:55","date_gmt":"2025-02-27T21:21:55","guid":{"rendered":"https:\/\/danila-souvenirs.com\/de\/product\/glamorous-style-twisted-easter-egg-with-basket-of-flowers-12-cm-green\/"},"modified":"2026-01-14T20:07:57","modified_gmt":"2026-01-14T17:07:57","slug":"glamorous-style-twisted-easter-egg-with-basket-of-flowers-12-cm-green","status":"publish","type":"product","link":"https:\/\/danila-souvenirs.com\/de\/product\/glamorous-style-twisted-easter-egg-with-basket-of-flowers-12-cm-green\/?lang=fr","title":{"rendered":"\u0152uf \u00e0 la Faberg\u00e9 torsad\u00e9 avec panier de fleurs 12 cm, vert"},"content":{"rendered":"<p>Mat\u00e9riel: Alliage de m\u00e9taux non ferreux, \u00e9mail, cristaux.<\/p>\n<p>Hauteur : 12 cm.<\/p>\n<p>Poids: 330 g.<\/p>\n<p>Couleur : vert.<\/p>\n<p>\u00c0 l&#8217;int\u00e9rieur de l&#8217;\u0153uf, vous trouverez le petit panier avec des fleurs. Ce panier peut \u00eatre utilis\u00e9 comme une bo\u00eete \u00e0 bijoux.<\/p>\n","protected":false},"excerpt":{"rendered":"<p>Mat\u00e9riel: Alliage de m\u00e9taux non ferreux, \u00e9mail, cristaux. Hauteur : 12 cm. Poids: 330 g. Couleur : vert. \u00c0 l&#8217;int\u00e9rieur de l&#8217;\u0153uf, vous trouverez le petit panier avec des fleurs. Ce panier peut \u00eatre utilis\u00e9 comme une bo\u00eete \u00e0 bijoux.<\/p>\n","protected":false},"featured_media":15115,"comment_status":"open","ping_status":"closed","template":"","meta":{"_et_pb_use_builder":"","_et_pb_old_content":"","_et_gb_content_width":""},"product_brand":[],"product_cat":[174,175,173,221],"product_tag":[],"class_list":{"0":"post-15124","1":"product","2":"type-product","3":"status-publish","4":"has-post-thumbnail","6":"product_cat-trinket-boxes-fr","7":"product_cat-eggs-with-surprise-fr","8":"product_cat-oeufs-de-paques","9":"product_cat-floral-eggs-fr","11":"first","12":"instock","13":"shipping-taxable","14":"purchasable","15":"product-type-simple"},"_links":{"self":[{"href":"https:\/\/danila-souvenirs.com\/de\/wp-json\/wp\/v2\/product\/15124","targetHints":{"allow":["GET"]}}],"collection":[{"href":"https:\/\/danila-souvenirs.com\/de\/wp-json\/wp\/v2\/product"}],"about":[{"href":"https:\/\/danila-souvenirs.com\/de\/wp-json\/wp\/v2\/types\/product"}],"replies":[{"embeddable":true,"href":"https:\/\/danila-souvenirs.com\/de\/wp-json\/wp\/v2\/comments?post=15124"}],"wp:featuredmedia":[{"embeddable":true,"href":"https:\/\/danila-souvenirs.com\/de\/wp-json\/wp\/v2\/media\/15115"}],"wp:attachment":[{"href":"https:\/\/danila-souvenirs.com\/de\/wp-json\/wp\/v2\/media?parent=15124"}],"wp:term":[{"taxonomy":"product_brand","embeddable":true,"href":"https:\/\/danila-souvenirs.com\/de\/wp-json\/wp\/v2\/product_brand?post=15124"},{"taxonomy":"product_cat","embeddable":true,"href":"https:\/\/danila-souvenirs.com\/de\/wp-json\/wp\/v2\/product_cat?post=15124"},{"taxonomy":"product_tag","embeddable":true,"href":"https:\/\/danila-souvenirs.com\/de\/wp-json\/wp\/v2\/product_tag?post=15124"}],"curies":[{"name":"wp","href":"https:\/\/api.w.org\/{rel}","templated":true}]}}