{"id":15087,"date":"2025-02-27T23:58:24","date_gmt":"2025-02-27T20:58:24","guid":{"rendered":"https:\/\/danila-souvenirs.com\/de\/?post_type=product&#038;p=15087"},"modified":"2025-02-28T00:09:49","modified_gmt":"2025-02-27T21:09:49","slug":"faberge-stil-kroenungs-ei-schmuckkaestchen-mit-kutsche-19-cm-rot","status":"publish","type":"product","link":"https:\/\/danila-souvenirs.com\/de\/product\/faberge-stil-kroenungs-ei-schmuckkaestchen-mit-kutsche-19-cm-rot\/?lang=de","title":{"rendered":"Faberg\u00e9-Stil Kr\u00f6nungs Ei Schmuckk\u00e4stchen mit Kutsche 19 cm rot"},"content":{"rendered":"<p>Material: Legierung von Nichteisenmetallen, Email, Kristallen.<\/p>\n<p>H\u00f6he: 19 cm.<\/p>\n<p>Gewicht: 900 Gramm.<\/p>\n<p>Farbe: rot.<\/p>\n<p>Dieses Ei ist eine Replik des ber\u00fchmten Kaiserlichen Kr\u00f6nungs Faberg\u00e9 Ei. Das kaiserliche Kr\u00f6nungs-Ei ist ein juwelenbesetztes Faberg\u00e9-Ei, das 1897 von den Faberg\u00e9-Ateliers Mikhail Perkhin und Henrik Wigstrom unter der Aufsicht des Juweliers Peter Carl Faberg\u00e9 hergestellt wurde. Das Ei wurde zum Gedenken an Zariza, Kaiserin Alexandra Fjodorowna gemacht. Im Ei finden Sie einen kleinen Wagen. Das Ei kann als Schmuckk\u00e4stchen verwendet werden.<\/p>\n","protected":false},"excerpt":{"rendered":"<p>Material: Legierung von Nichteisenmetallen, Email, Kristallen. H\u00f6he: 19 cm. Gewicht: 900 Gramm. Farbe: rot. Dieses Ei ist eine Replik des ber\u00fchmten Kaiserlichen Kr\u00f6nungs Faberg\u00e9 Ei. Das kaiserliche Kr\u00f6nungs-Ei ist ein juwelenbesetztes Faberg\u00e9-Ei, das 1897 von den Faberg\u00e9-Ateliers Mikhail Perkhin und Henrik Wigstrom unter der Aufsicht des Juweliers Peter Carl Faberg\u00e9 hergestellt wurde. Das Ei wurde [&hellip;]<\/p>\n","protected":false},"featured_media":15074,"comment_status":"open","ping_status":"closed","template":"","meta":{"_et_pb_use_builder":"","_et_pb_old_content":"","_et_gb_content_width":""},"product_brand":[],"product_cat":[164,160,162],"product_tag":[],"class_list":{"0":"post-15087","1":"product","2":"type-product","3":"status-publish","4":"has-post-thumbnail","6":"product_cat-eggs-with-surprise-de","7":"product_cat-ostereier","8":"product_cat-trinket-boxes-de","10":"first","11":"instock","12":"shipping-taxable","13":"purchasable","14":"product-type-simple"},"_links":{"self":[{"href":"https:\/\/danila-souvenirs.com\/de\/wp-json\/wp\/v2\/product\/15087","targetHints":{"allow":["GET"]}}],"collection":[{"href":"https:\/\/danila-souvenirs.com\/de\/wp-json\/wp\/v2\/product"}],"about":[{"href":"https:\/\/danila-souvenirs.com\/de\/wp-json\/wp\/v2\/types\/product"}],"replies":[{"embeddable":true,"href":"https:\/\/danila-souvenirs.com\/de\/wp-json\/wp\/v2\/comments?post=15087"}],"wp:featuredmedia":[{"embeddable":true,"href":"https:\/\/danila-souvenirs.com\/de\/wp-json\/wp\/v2\/media\/15074"}],"wp:attachment":[{"href":"https:\/\/danila-souvenirs.com\/de\/wp-json\/wp\/v2\/media?parent=15087"}],"wp:term":[{"taxonomy":"product_brand","embeddable":true,"href":"https:\/\/danila-souvenirs.com\/de\/wp-json\/wp\/v2\/product_brand?post=15087"},{"taxonomy":"product_cat","embeddable":true,"href":"https:\/\/danila-souvenirs.com\/de\/wp-json\/wp\/v2\/product_cat?post=15087"},{"taxonomy":"product_tag","embeddable":true,"href":"https:\/\/danila-souvenirs.com\/de\/wp-json\/wp\/v2\/product_tag?post=15087"}],"curies":[{"name":"wp","href":"https:\/\/api.w.org\/{rel}","templated":true}]}}