{"id":15056,"date":"2025-02-27T23:58:24","date_gmt":"2025-02-27T20:58:24","guid":{"rendered":"https:\/\/danila-souvenirs.com\/de\/?post_type=product&#038;p=15056"},"modified":"2026-01-05T13:25:17","modified_gmt":"2026-01-05T10:25:17","slug":"glamorous-style-imperial-coronation-easter-egg-trinket-jewel-box-with-carriage-19-cm-red","status":"publish","type":"product","link":"https:\/\/danila-souvenirs.com\/de\/product\/glamorous-style-imperial-coronation-easter-egg-trinket-jewel-box-with-carriage-19-cm-red\/","title":{"rendered":"Glamorous style Imperial Coronation Easter Egg \/ Trinket jewel box with carriage 19 cm red"},"content":{"rendered":"<p>Material: Alloy of non-ferrous metals, enamel, crystals.<\/p>\n<p>Height: 19 cm.<\/p>\n<p>Weight: 900 grams.<\/p>\n<p>Color: red.<\/p>\n<p>This egg is a replica of the famous Imperial Coronation Faberg\u00e9 Egg.<\/p>\n<p>The Imperial Coronation Egg is a jewelled Faberg\u00e9 egg made under the supervision of the Russian jeweller Peter Carl Faberg\u00e9 in 1897 by Faberg\u00e9 ateliers, Mikhail Perkhin and Henrik Wigstrom. The egg was made to commemorate Tsaritsa, Empress Alexandra Fyodorovna.<\/p>\n<p>Inside the egg you can find a small carriage.<\/p>\n","protected":false},"excerpt":{"rendered":"<p>Material: Alloy of non-ferrous metals, enamel, crystals. Height: 19 cm. Weight: 900 grams. Color: red. This egg is a replica of the famous Imperial Coronation Faberg\u00e9 Egg. The Imperial Coronation Egg is a jewelled Faberg\u00e9 egg made under the supervision of the Russian jeweller Peter Carl Faberg\u00e9 in 1897 by Faberg\u00e9 ateliers, Mikhail Perkhin and [&hellip;]<\/p>\n","protected":false},"featured_media":15072,"comment_status":"open","ping_status":"closed","template":"","meta":{"_et_pb_use_builder":"","_et_pb_old_content":"","_et_gb_content_width":""},"product_brand":[],"product_cat":[62,66,63],"product_tag":[],"class_list":{"0":"post-15056","1":"product","2":"type-product","3":"status-publish","4":"has-post-thumbnail","6":"product_cat-easter-eggs","7":"product_cat-eggs-with-surprise","8":"product_cat-trinket-boxes","10":"first","11":"instock","12":"shipping-taxable","13":"purchasable","14":"product-type-simple"},"_links":{"self":[{"href":"https:\/\/danila-souvenirs.com\/de\/wp-json\/wp\/v2\/product\/15056","targetHints":{"allow":["GET"]}}],"collection":[{"href":"https:\/\/danila-souvenirs.com\/de\/wp-json\/wp\/v2\/product"}],"about":[{"href":"https:\/\/danila-souvenirs.com\/de\/wp-json\/wp\/v2\/types\/product"}],"replies":[{"embeddable":true,"href":"https:\/\/danila-souvenirs.com\/de\/wp-json\/wp\/v2\/comments?post=15056"}],"wp:featuredmedia":[{"embeddable":true,"href":"https:\/\/danila-souvenirs.com\/de\/wp-json\/wp\/v2\/media\/15072"}],"wp:attachment":[{"href":"https:\/\/danila-souvenirs.com\/de\/wp-json\/wp\/v2\/media?parent=15056"}],"wp:term":[{"taxonomy":"product_brand","embeddable":true,"href":"https:\/\/danila-souvenirs.com\/de\/wp-json\/wp\/v2\/product_brand?post=15056"},{"taxonomy":"product_cat","embeddable":true,"href":"https:\/\/danila-souvenirs.com\/de\/wp-json\/wp\/v2\/product_cat?post=15056"},{"taxonomy":"product_tag","embeddable":true,"href":"https:\/\/danila-souvenirs.com\/de\/wp-json\/wp\/v2\/product_tag?post=15056"}],"curies":[{"name":"wp","href":"https:\/\/api.w.org\/{rel}","templated":true}]}}