{"id":15051,"date":"2025-02-27T23:38:55","date_gmt":"2025-02-27T20:38:55","guid":{"rendered":"https:\/\/danila-souvenirs.com\/de\/product\/glamorous-style-carved-easter-egg-trinket-jewel-box-with-grid-7-5-cm-yellow\/"},"modified":"2025-02-27T23:45:21","modified_gmt":"2025-02-27T20:45:21","slug":"glamorous-style-carved-easter-egg-trinket-jewel-box-with-grid-7-5-cm-yellow","status":"publish","type":"product","link":"https:\/\/danila-souvenirs.com\/de\/product\/glamorous-style-carved-easter-egg-trinket-jewel-box-with-grid-7-5-cm-yellow\/?lang=fr","title":{"rendered":"\u0152uf \u00e0 la Faberg\u00e9 sculpt\u00e9 bo\u00eete \u00e0 bijoux 7,5 cm, jaune"},"content":{"rendered":"<p>Mat\u00e9riel: Alliage de m\u00e9taux non ferreux, \u00e9mail, cristaux.<\/p>\n<p>Hauteur: 7,5 cm.<\/p>\n<p>Poids: 150 g.<\/p>\n<p>Couleur: jaune.<\/p>\n<p>L&#8217;oeuf peut \u00eatre utilis\u00e9 comme une bo\u00eete \u00e0 bijoux.<\/p>\n","protected":false},"excerpt":{"rendered":"<p>Mat\u00e9riel: Alliage de m\u00e9taux non ferreux, \u00e9mail, cristaux. Hauteur: 7,5 cm. Poids: 150 g. Couleur: jaune. L&#8217;oeuf peut \u00eatre utilis\u00e9 comme une bo\u00eete \u00e0 bijoux.<\/p>\n","protected":false},"featured_media":15047,"comment_status":"open","ping_status":"closed","template":"","meta":{"_et_pb_use_builder":"","_et_pb_old_content":"","_et_gb_content_width":""},"product_brand":[],"product_cat":[174,173,177],"product_tag":[],"class_list":{"0":"post-15051","1":"product","2":"type-product","3":"status-publish","4":"has-post-thumbnail","6":"product_cat-trinket-boxes-fr","7":"product_cat-oeufs-de-paques","8":"product_cat-carved-eggs-fr","10":"first","11":"instock","12":"shipping-taxable","13":"purchasable","14":"product-type-simple"},"_links":{"self":[{"href":"https:\/\/danila-souvenirs.com\/de\/wp-json\/wp\/v2\/product\/15051","targetHints":{"allow":["GET"]}}],"collection":[{"href":"https:\/\/danila-souvenirs.com\/de\/wp-json\/wp\/v2\/product"}],"about":[{"href":"https:\/\/danila-souvenirs.com\/de\/wp-json\/wp\/v2\/types\/product"}],"replies":[{"embeddable":true,"href":"https:\/\/danila-souvenirs.com\/de\/wp-json\/wp\/v2\/comments?post=15051"}],"wp:featuredmedia":[{"embeddable":true,"href":"https:\/\/danila-souvenirs.com\/de\/wp-json\/wp\/v2\/media\/15047"}],"wp:attachment":[{"href":"https:\/\/danila-souvenirs.com\/de\/wp-json\/wp\/v2\/media?parent=15051"}],"wp:term":[{"taxonomy":"product_brand","embeddable":true,"href":"https:\/\/danila-souvenirs.com\/de\/wp-json\/wp\/v2\/product_brand?post=15051"},{"taxonomy":"product_cat","embeddable":true,"href":"https:\/\/danila-souvenirs.com\/de\/wp-json\/wp\/v2\/product_cat?post=15051"},{"taxonomy":"product_tag","embeddable":true,"href":"https:\/\/danila-souvenirs.com\/de\/wp-json\/wp\/v2\/product_tag?post=15051"}],"curies":[{"name":"wp","href":"https:\/\/api.w.org\/{rel}","templated":true}]}}