{"id":15032,"date":"2025-02-27T23:07:21","date_gmt":"2025-02-27T20:07:21","guid":{"rendered":"https:\/\/danila-souvenirs.com\/de\/product\/glamorous-style-easter-egg-spring-flowers-with-basket-of-flowers-8-5-cm-cream\/"},"modified":"2025-02-27T23:20:24","modified_gmt":"2025-02-27T20:20:24","slug":"glamorous-style-easter-egg-spring-flowers-with-basket-of-flowers-8-5-cm-cream","status":"publish","type":"product","link":"https:\/\/danila-souvenirs.com\/de\/product\/glamorous-style-easter-egg-spring-flowers-with-basket-of-flowers-8-5-cm-cream\/?lang=es","title":{"rendered":"Huevo al estilo Faberg\u00e9 Flores de Primavera con cesta de flores 8,5 cm crema"},"content":{"rendered":"<p>Material: Aleaci\u00f3n de metales no ferrosos, esmalte, cristales.<\/p>\n<p>Altura: 8,5 cm.<\/p>\n<p>Peso: 150 g.<\/p>\n<p>Color: crema.<\/p>\n<p>Este huevo es una r\u00e9plica del famoso huevo Faberg\u00e9 de Flores de Primavera. El huevo de Flores de Primavera, a veces denominado huevo de Flores de Primavera Imperial, ha sido considerado uno de los huevos imperiales de Pascua atribuidos a Peter Carl Faberg\u00e9. Si se trata de un huevo imperial aut\u00e9ntico, el huevo de Flores de Primavera habr\u00eda sido el primero de la serie de &#8220;Huevos de Flores&#8221; y se habr\u00eda creado entre 1885 y 1890. Dentro del huevo puedes encontrar una peque\u00f1a cesta de flores.<\/p>\n","protected":false},"excerpt":{"rendered":"<p>Material: Aleaci\u00f3n de metales no ferrosos, esmalte, cristales. Altura: 8,5 cm. Peso: 150 g. Color: crema. Este huevo es una r\u00e9plica del famoso huevo Faberg\u00e9 de Flores de Primavera. El huevo de Flores de Primavera, a veces denominado huevo de Flores de Primavera Imperial, ha sido considerado uno de los huevos imperiales de Pascua atribuidos [&hellip;]<\/p>\n","protected":false},"featured_media":15017,"comment_status":"open","ping_status":"closed","template":"","meta":{"_et_pb_use_builder":"","_et_pb_old_content":"","_et_gb_content_width":""},"product_brand":[],"product_cat":[237,241,220],"product_tag":[],"class_list":{"0":"post-15032","1":"product","2":"type-product","3":"status-publish","4":"has-post-thumbnail","6":"product_cat-clock-eggs-es","7":"product_cat-eggs-with-surprise-es","8":"product_cat-huevos-de-pascua","10":"first","11":"instock","12":"shipping-taxable","13":"purchasable","14":"product-type-simple"},"_links":{"self":[{"href":"https:\/\/danila-souvenirs.com\/de\/wp-json\/wp\/v2\/product\/15032","targetHints":{"allow":["GET"]}}],"collection":[{"href":"https:\/\/danila-souvenirs.com\/de\/wp-json\/wp\/v2\/product"}],"about":[{"href":"https:\/\/danila-souvenirs.com\/de\/wp-json\/wp\/v2\/types\/product"}],"replies":[{"embeddable":true,"href":"https:\/\/danila-souvenirs.com\/de\/wp-json\/wp\/v2\/comments?post=15032"}],"wp:featuredmedia":[{"embeddable":true,"href":"https:\/\/danila-souvenirs.com\/de\/wp-json\/wp\/v2\/media\/15017"}],"wp:attachment":[{"href":"https:\/\/danila-souvenirs.com\/de\/wp-json\/wp\/v2\/media?parent=15032"}],"wp:term":[{"taxonomy":"product_brand","embeddable":true,"href":"https:\/\/danila-souvenirs.com\/de\/wp-json\/wp\/v2\/product_brand?post=15032"},{"taxonomy":"product_cat","embeddable":true,"href":"https:\/\/danila-souvenirs.com\/de\/wp-json\/wp\/v2\/product_cat?post=15032"},{"taxonomy":"product_tag","embeddable":true,"href":"https:\/\/danila-souvenirs.com\/de\/wp-json\/wp\/v2\/product_tag?post=15032"}],"curies":[{"name":"wp","href":"https:\/\/api.w.org\/{rel}","templated":true}]}}