{"id":15031,"date":"2025-02-27T23:07:21","date_gmt":"2025-02-27T20:07:21","guid":{"rendered":"https:\/\/danila-souvenirs.com\/de\/product\/glamorous-style-easter-egg-spring-flowers-with-basket-of-flowers-8-5-cm-cream\/"},"modified":"2025-02-27T23:19:06","modified_gmt":"2025-02-27T20:19:06","slug":"glamorous-style-easter-egg-spring-flowers-with-basket-of-flowers-8-5-cm-cream","status":"publish","type":"product","link":"https:\/\/danila-souvenirs.com\/de\/product\/glamorous-style-easter-egg-spring-flowers-with-basket-of-flowers-8-5-cm-cream\/?lang=it","title":{"rendered":"Uovo in stile Faberg\u00e9 Fiori di primavera con cesto di fiori 8,5 cm crema"},"content":{"rendered":"<p>Materiale: lega di metalli non ferrosi, smalto, cristalli.<\/p>\n<p>Altezza: 8,5 cm.<\/p>\n<p>Peso: 150 g.<\/p>\n<p>Colore: crema.<\/p>\n<p>Questo uovo \u00e8 una replica del famoso uovo Faberg\u00e9 Fiori di Primavera. L&#8217;uovo di fiori di primavera, a volte indicato come uovo di fiori di primavera imperiale, \u00e8 stato considerato una delle uova di Pasqua imperiali attribuita a Peter Carl Faberg\u00e9. Se fosse un autentico uovo imperiale, l&#8217;uovo di fiori di primavera sarebbe stato il primo della serie di &#8220;uova di fiori&#8221; e sarebbe stato creato tra il 1885 e il 1890. All&#8217;interno dell&#8217;uovo puoi trovare un piccolo cesto di fiori.<\/p>\n","protected":false},"excerpt":{"rendered":"<p>Materiale: lega di metalli non ferrosi, smalto, cristalli. Altezza: 8,5 cm. Peso: 150 g. Colore: crema. Questo uovo \u00e8 una replica del famoso uovo Faberg\u00e9 Fiori di Primavera. L&#8217;uovo di fiori di primavera, a volte indicato come uovo di fiori di primavera imperiale, \u00e8 stato considerato una delle uova di Pasqua imperiali attribuita a Peter [&hellip;]<\/p>\n","protected":false},"featured_media":15016,"comment_status":"open","ping_status":"closed","template":"","meta":{"_et_pb_use_builder":"","_et_pb_old_content":"","_et_gb_content_width":""},"product_brand":[],"product_cat":[188,186,223],"product_tag":[],"class_list":{"0":"post-15031","1":"product","2":"type-product","3":"status-publish","4":"has-post-thumbnail","6":"product_cat-eggs-with-surprise-it","7":"product_cat-uova-di-pasqua","8":"product_cat-clock-eggs-it","10":"first","11":"instock","12":"shipping-taxable","13":"purchasable","14":"product-type-simple"},"_links":{"self":[{"href":"https:\/\/danila-souvenirs.com\/de\/wp-json\/wp\/v2\/product\/15031","targetHints":{"allow":["GET"]}}],"collection":[{"href":"https:\/\/danila-souvenirs.com\/de\/wp-json\/wp\/v2\/product"}],"about":[{"href":"https:\/\/danila-souvenirs.com\/de\/wp-json\/wp\/v2\/types\/product"}],"replies":[{"embeddable":true,"href":"https:\/\/danila-souvenirs.com\/de\/wp-json\/wp\/v2\/comments?post=15031"}],"wp:featuredmedia":[{"embeddable":true,"href":"https:\/\/danila-souvenirs.com\/de\/wp-json\/wp\/v2\/media\/15016"}],"wp:attachment":[{"href":"https:\/\/danila-souvenirs.com\/de\/wp-json\/wp\/v2\/media?parent=15031"}],"wp:term":[{"taxonomy":"product_brand","embeddable":true,"href":"https:\/\/danila-souvenirs.com\/de\/wp-json\/wp\/v2\/product_brand?post=15031"},{"taxonomy":"product_cat","embeddable":true,"href":"https:\/\/danila-souvenirs.com\/de\/wp-json\/wp\/v2\/product_cat?post=15031"},{"taxonomy":"product_tag","embeddable":true,"href":"https:\/\/danila-souvenirs.com\/de\/wp-json\/wp\/v2\/product_tag?post=15031"}],"curies":[{"name":"wp","href":"https:\/\/api.w.org\/{rel}","templated":true}]}}