{"id":15030,"date":"2025-02-27T23:07:21","date_gmt":"2025-02-27T20:07:21","guid":{"rendered":"https:\/\/danila-souvenirs.com\/de\/product\/glamorous-style-easter-egg-spring-flowers-with-basket-of-flowers-8-5-cm-cream\/"},"modified":"2025-02-27T23:17:14","modified_gmt":"2025-02-27T20:17:14","slug":"glamorous-style-easter-egg-spring-flowers-with-basket-of-flowers-8-5-cm-cream","status":"publish","type":"product","link":"https:\/\/danila-souvenirs.com\/de\/product\/glamorous-style-easter-egg-spring-flowers-with-basket-of-flowers-8-5-cm-cream\/?lang=de","title":{"rendered":"Faberg\u00e9-Stil Ei Fr\u00fchlingsblumen mit Korb der Blumen 8,5 cm creme Farbe"},"content":{"rendered":"<p>Material: Legierung von Nichteisenmetallen, Email, Kristallen.<\/p>\n<p>H\u00f6he: 8,5 cm.<\/p>\n<p>Gewicht: 150 Gramm.<\/p>\n<p>Farbe: creme.<\/p>\n<p>Dieses Ei ist eine Nachbildung des ber\u00fchmten Fr\u00fchlingsblumen Faberg\u00e9-Eies. Das Fr\u00fchlingsblumen-Ei, manchmal auch als kaiserliches Fr\u00fchlingsblumen-Ei bezeichnet, gilt als eines der kaiserlichen Ostereier, die Peter Carl Faberg\u00e9 zugeschrieben werden. Wenn es sich um ein echtes imperiales Ei handelt, dann w\u00e4re das Fr\u00fchlingsblumen-Ei das erste in der Reihe der &#8220;Blumeneier&#8221; gewesen und w\u00e4re zwischen 1885 und 1890 entstanden. Im Ei finden Sie einen kleinen Korb voller Blumen.<\/p>\n","protected":false},"excerpt":{"rendered":"<p>Material: Legierung von Nichteisenmetallen, Email, Kristallen. H\u00f6he: 8,5 cm. Gewicht: 150 Gramm. Farbe: creme. Dieses Ei ist eine Nachbildung des ber\u00fchmten Fr\u00fchlingsblumen Faberg\u00e9-Eies. Das Fr\u00fchlingsblumen-Ei, manchmal auch als kaiserliches Fr\u00fchlingsblumen-Ei bezeichnet, gilt als eines der kaiserlichen Ostereier, die Peter Carl Faberg\u00e9 zugeschrieben werden. Wenn es sich um ein echtes imperiales Ei handelt, dann w\u00e4re das [&hellip;]<\/p>\n","protected":false},"featured_media":15015,"comment_status":"open","ping_status":"closed","template":"","meta":{"_et_pb_use_builder":"","_et_pb_old_content":"","_et_gb_content_width":""},"product_brand":[],"product_cat":[164,160,222],"product_tag":[],"class_list":{"0":"post-15030","1":"product","2":"type-product","3":"status-publish","4":"has-post-thumbnail","6":"product_cat-eggs-with-surprise-de","7":"product_cat-ostereier","8":"product_cat-clock-eggs-de","10":"first","11":"instock","12":"shipping-taxable","13":"purchasable","14":"product-type-simple"},"_links":{"self":[{"href":"https:\/\/danila-souvenirs.com\/de\/wp-json\/wp\/v2\/product\/15030","targetHints":{"allow":["GET"]}}],"collection":[{"href":"https:\/\/danila-souvenirs.com\/de\/wp-json\/wp\/v2\/product"}],"about":[{"href":"https:\/\/danila-souvenirs.com\/de\/wp-json\/wp\/v2\/types\/product"}],"replies":[{"embeddable":true,"href":"https:\/\/danila-souvenirs.com\/de\/wp-json\/wp\/v2\/comments?post=15030"}],"wp:featuredmedia":[{"embeddable":true,"href":"https:\/\/danila-souvenirs.com\/de\/wp-json\/wp\/v2\/media\/15015"}],"wp:attachment":[{"href":"https:\/\/danila-souvenirs.com\/de\/wp-json\/wp\/v2\/media?parent=15030"}],"wp:term":[{"taxonomy":"product_brand","embeddable":true,"href":"https:\/\/danila-souvenirs.com\/de\/wp-json\/wp\/v2\/product_brand?post=15030"},{"taxonomy":"product_cat","embeddable":true,"href":"https:\/\/danila-souvenirs.com\/de\/wp-json\/wp\/v2\/product_cat?post=15030"},{"taxonomy":"product_tag","embeddable":true,"href":"https:\/\/danila-souvenirs.com\/de\/wp-json\/wp\/v2\/product_tag?post=15030"}],"curies":[{"name":"wp","href":"https:\/\/api.w.org\/{rel}","templated":true}]}}