{"id":15029,"date":"2025-02-27T23:07:21","date_gmt":"2025-02-27T20:07:21","guid":{"rendered":"https:\/\/danila-souvenirs.com\/de\/product\/glamorous-style-easter-egg-spring-flowers-with-basket-of-flowers-8-5-cm-cream\/"},"modified":"2025-02-27T23:15:42","modified_gmt":"2025-02-27T20:15:42","slug":"glamorous-style-easter-egg-spring-flowers-with-basket-of-flowers-8-5-cm-cream","status":"publish","type":"product","link":"https:\/\/danila-souvenirs.com\/de\/product\/glamorous-style-easter-egg-spring-flowers-with-basket-of-flowers-8-5-cm-cream\/?lang=fr","title":{"rendered":"\u0152uf \u00e0 la Faberg\u00e9 Fleurs de printemps avec panier 8,5 cm, cr\u00e8me"},"content":{"rendered":"<p>Mat\u00e9riel: Alliage de m\u00e9taux non ferreux, \u00e9mail, cristaux.<\/p>\n<p>Hauteur: 8,5 cm.<\/p>\n<p>Poids: 150 g.<\/p>\n<p>Couleur: cr\u00e8me.<\/p>\n<p>Cet oeuf est une r\u00e9plique du c\u00e9l\u00e8bre oeuf Faberg\u00e9 Fleurs de printemps. L&#8217;Oeuf &#8220;Fleurs de Printemps&#8221;, parfois d\u00e9sign\u00e9 sous le nom d&#8217;oeuf imp\u00e9rial &#8220;Fleurs de Printemps&#8221;, a \u00e9t\u00e9 consid\u00e9r\u00e9 comme l&#8217;un des \u0153ufs imp\u00e9riaux de P\u00e2ques attribu\u00e9s \u00e0 Peter Carl Faberg\u00e9.<br \/>\nS&#8217;il s&#8217;agissait d&#8217;un authentique oeuf imp\u00e9rial, l&#8217;oeuf &#8220;Fleurs de Printemps&#8221; aurait \u00e9t\u00e9 le premier de la s\u00e9rie des &#8220;oeufs de fleurs&#8221; et aurait \u00e9t\u00e9 cr\u00e9\u00e9 entre 1885 et 1890. \u00c0 l&#8217;int\u00e9rieur de l&#8217;\u0153uf, vous pouvez trouver un petit panier de fleurs.<\/p>\n","protected":false},"excerpt":{"rendered":"<p>Mat\u00e9riel: Alliage de m\u00e9taux non ferreux, \u00e9mail, cristaux. Hauteur: 8,5 cm. Poids: 150 g. Couleur: cr\u00e8me. Cet oeuf est une r\u00e9plique du c\u00e9l\u00e8bre oeuf Faberg\u00e9 Fleurs de printemps. L&#8217;Oeuf &#8220;Fleurs de Printemps&#8221;, parfois d\u00e9sign\u00e9 sous le nom d&#8217;oeuf imp\u00e9rial &#8220;Fleurs de Printemps&#8221;, a \u00e9t\u00e9 consid\u00e9r\u00e9 comme l&#8217;un des \u0153ufs imp\u00e9riaux de P\u00e2ques attribu\u00e9s \u00e0 Peter [&hellip;]<\/p>\n","protected":false},"featured_media":15014,"comment_status":"open","ping_status":"closed","template":"","meta":{"_et_pb_use_builder":"","_et_pb_old_content":"","_et_gb_content_width":""},"product_brand":[],"product_cat":[175,173,221],"product_tag":[],"class_list":{"0":"post-15029","1":"product","2":"type-product","3":"status-publish","4":"has-post-thumbnail","6":"product_cat-eggs-with-surprise-fr","7":"product_cat-oeufs-de-paques","8":"product_cat-floral-eggs-fr","10":"first","11":"instock","12":"shipping-taxable","13":"purchasable","14":"product-type-simple"},"_links":{"self":[{"href":"https:\/\/danila-souvenirs.com\/de\/wp-json\/wp\/v2\/product\/15029","targetHints":{"allow":["GET"]}}],"collection":[{"href":"https:\/\/danila-souvenirs.com\/de\/wp-json\/wp\/v2\/product"}],"about":[{"href":"https:\/\/danila-souvenirs.com\/de\/wp-json\/wp\/v2\/types\/product"}],"replies":[{"embeddable":true,"href":"https:\/\/danila-souvenirs.com\/de\/wp-json\/wp\/v2\/comments?post=15029"}],"wp:featuredmedia":[{"embeddable":true,"href":"https:\/\/danila-souvenirs.com\/de\/wp-json\/wp\/v2\/media\/15014"}],"wp:attachment":[{"href":"https:\/\/danila-souvenirs.com\/de\/wp-json\/wp\/v2\/media?parent=15029"}],"wp:term":[{"taxonomy":"product_brand","embeddable":true,"href":"https:\/\/danila-souvenirs.com\/de\/wp-json\/wp\/v2\/product_brand?post=15029"},{"taxonomy":"product_cat","embeddable":true,"href":"https:\/\/danila-souvenirs.com\/de\/wp-json\/wp\/v2\/product_cat?post=15029"},{"taxonomy":"product_tag","embeddable":true,"href":"https:\/\/danila-souvenirs.com\/de\/wp-json\/wp\/v2\/product_tag?post=15029"}],"curies":[{"name":"wp","href":"https:\/\/api.w.org\/{rel}","templated":true}]}}