{"id":14998,"date":"2025-02-27T22:28:05","date_gmt":"2025-02-27T19:28:05","guid":{"rendered":"https:\/\/danila-souvenirs.com\/de\/product\/glamorous-style-easter-egg-music-box-with-fairy-figurine-125-cm-pink\/"},"modified":"2025-02-27T22:31:44","modified_gmt":"2025-02-27T19:31:44","slug":"glamorous-style-easter-egg-music-box-with-fairy-figurine-125-cm-pink","status":"publish","type":"product","link":"https:\/\/danila-souvenirs.com\/de\/product\/glamorous-style-easter-egg-music-box-with-fairy-figurine-125-cm-pink\/?lang=fr","title":{"rendered":"\u0152uf \u00e0 la Faberg\u00e9 musical bo\u00eete \u00e0 bijoux avec figurine de f\u00e9e 12,5 cm, rose"},"content":{"rendered":"<p>Mat\u00e9riel: Alliage de m\u00e9taux non ferreux, \u00e9mail, cristaux.<\/p>\n<p>Hauteur\u202f: 12,5 cm.<\/p>\n<p>Poids: 475 g.<\/p>\n<p>Couleur: rose.<\/p>\n<p>La petite figurine de f\u00e9e se trouve \u00e0 l&#8217;int\u00e9rieur de l&#8217;\u0153uf. La figurine tourne lorsque la musique joue. Cet \u0153uf est une bo\u00eete \u00e0 musique.<\/p>\n","protected":false},"excerpt":{"rendered":"<p>Mat\u00e9riel: Alliage de m\u00e9taux non ferreux, \u00e9mail, cristaux. Hauteur\u202f: 12,5 cm. Poids: 475 g. Couleur: rose. La petite figurine de f\u00e9e se trouve \u00e0 l&#8217;int\u00e9rieur de l&#8217;\u0153uf. La figurine tourne lorsque la musique joue. Cet \u0153uf est une bo\u00eete \u00e0 musique.<\/p>\n","protected":false},"featured_media":14973,"comment_status":"open","ping_status":"closed","template":"","meta":{"_et_pb_use_builder":"","_et_pb_old_content":"","_et_gb_content_width":""},"product_brand":[],"product_cat":[178,175,173],"product_tag":[],"class_list":{"0":"post-14998","1":"product","2":"type-product","3":"status-publish","4":"has-post-thumbnail","6":"product_cat-music-boxes-fr","7":"product_cat-eggs-with-surprise-fr","8":"product_cat-oeufs-de-paques","10":"first","11":"instock","12":"shipping-taxable","13":"purchasable","14":"product-type-simple"},"_links":{"self":[{"href":"https:\/\/danila-souvenirs.com\/de\/wp-json\/wp\/v2\/product\/14998","targetHints":{"allow":["GET"]}}],"collection":[{"href":"https:\/\/danila-souvenirs.com\/de\/wp-json\/wp\/v2\/product"}],"about":[{"href":"https:\/\/danila-souvenirs.com\/de\/wp-json\/wp\/v2\/types\/product"}],"replies":[{"embeddable":true,"href":"https:\/\/danila-souvenirs.com\/de\/wp-json\/wp\/v2\/comments?post=14998"}],"wp:featuredmedia":[{"embeddable":true,"href":"https:\/\/danila-souvenirs.com\/de\/wp-json\/wp\/v2\/media\/14973"}],"wp:attachment":[{"href":"https:\/\/danila-souvenirs.com\/de\/wp-json\/wp\/v2\/media?parent=14998"}],"wp:term":[{"taxonomy":"product_brand","embeddable":true,"href":"https:\/\/danila-souvenirs.com\/de\/wp-json\/wp\/v2\/product_brand?post=14998"},{"taxonomy":"product_cat","embeddable":true,"href":"https:\/\/danila-souvenirs.com\/de\/wp-json\/wp\/v2\/product_cat?post=14998"},{"taxonomy":"product_tag","embeddable":true,"href":"https:\/\/danila-souvenirs.com\/de\/wp-json\/wp\/v2\/product_tag?post=14998"}],"curies":[{"name":"wp","href":"https:\/\/api.w.org\/{rel}","templated":true}]}}