{"id":14987,"date":"2025-02-27T22:06:51","date_gmt":"2025-02-27T19:06:51","guid":{"rendered":"https:\/\/danila-souvenirs.com\/de\/product\/glamorous-style-easter-egg-music-box-with-fairy-figurine-125-cm-cream\/"},"modified":"2025-12-09T20:57:48","modified_gmt":"2025-12-09T17:57:48","slug":"glamorous-style-easter-egg-music-box-with-fairy-figurine-125-cm-cream","status":"publish","type":"product","link":"https:\/\/danila-souvenirs.com\/de\/product\/glamorous-style-easter-egg-music-box-with-fairy-figurine-125-cm-cream\/?lang=fr","title":{"rendered":"\u0152uf \u00e0 la Faberg\u00e9 musical bo\u00eete \u00e0 bijoux avec figurine de f\u00e9e 12,5 cm, cr\u00e8me"},"content":{"rendered":"<p>Mat\u00e9riel: Alliage de m\u00e9taux non ferreux, \u00e9mail, cristaux.<\/p>\n<p>Hauteur\u202f: 12,5 cm.<\/p>\n<p>Poids: 475 g.<\/p>\n<p>Couleur: cr\u00e8me.<\/p>\n<p>La petite figurine de f\u00e9e se trouve \u00e0 l&#8217;int\u00e9rieur de l&#8217;\u0153uf. La figurine tourne lorsque la musique joue. Cet \u0153uf est une bo\u00eete \u00e0 musique.<\/p>\n","protected":false},"excerpt":{"rendered":"<p>Mat\u00e9riel: Alliage de m\u00e9taux non ferreux, \u00e9mail, cristaux. Hauteur\u202f: 12,5 cm. Poids: 475 g. Couleur: cr\u00e8me. La petite figurine de f\u00e9e se trouve \u00e0 l&#8217;int\u00e9rieur de l&#8217;\u0153uf. La figurine tourne lorsque la musique joue. Cet \u0153uf est une bo\u00eete \u00e0 musique.<\/p>\n","protected":false},"featured_media":14968,"comment_status":"open","ping_status":"closed","template":"","meta":{"_et_pb_use_builder":"","_et_pb_old_content":"","_et_gb_content_width":""},"product_brand":[],"product_cat":[178,175,173],"product_tag":[],"class_list":{"0":"post-14987","1":"product","2":"type-product","3":"status-publish","4":"has-post-thumbnail","6":"product_cat-music-boxes-fr","7":"product_cat-eggs-with-surprise-fr","8":"product_cat-oeufs-de-paques","10":"first","11":"instock","12":"shipping-taxable","13":"purchasable","14":"product-type-simple"},"_links":{"self":[{"href":"https:\/\/danila-souvenirs.com\/de\/wp-json\/wp\/v2\/product\/14987","targetHints":{"allow":["GET"]}}],"collection":[{"href":"https:\/\/danila-souvenirs.com\/de\/wp-json\/wp\/v2\/product"}],"about":[{"href":"https:\/\/danila-souvenirs.com\/de\/wp-json\/wp\/v2\/types\/product"}],"replies":[{"embeddable":true,"href":"https:\/\/danila-souvenirs.com\/de\/wp-json\/wp\/v2\/comments?post=14987"}],"wp:featuredmedia":[{"embeddable":true,"href":"https:\/\/danila-souvenirs.com\/de\/wp-json\/wp\/v2\/media\/14968"}],"wp:attachment":[{"href":"https:\/\/danila-souvenirs.com\/de\/wp-json\/wp\/v2\/media?parent=14987"}],"wp:term":[{"taxonomy":"product_brand","embeddable":true,"href":"https:\/\/danila-souvenirs.com\/de\/wp-json\/wp\/v2\/product_brand?post=14987"},{"taxonomy":"product_cat","embeddable":true,"href":"https:\/\/danila-souvenirs.com\/de\/wp-json\/wp\/v2\/product_cat?post=14987"},{"taxonomy":"product_tag","embeddable":true,"href":"https:\/\/danila-souvenirs.com\/de\/wp-json\/wp\/v2\/product_tag?post=14987"}],"curies":[{"name":"wp","href":"https:\/\/api.w.org\/{rel}","templated":true}]}}