{"id":14895,"date":"2025-01-28T13:20:59","date_gmt":"2025-01-28T10:20:59","guid":{"rendered":"https:\/\/danila-souvenirs.com\/de\/product\/glamorous-style-easter-egg-music-box-with-fairy-figurine-125-cm-green\/"},"modified":"2025-01-28T13:37:53","modified_gmt":"2025-01-28T10:37:53","slug":"glamorous-style-easter-egg-music-box-with-fairy-figurine-125-cm-green","status":"publish","type":"product","link":"https:\/\/danila-souvenirs.com\/de\/product\/glamorous-style-easter-egg-music-box-with-fairy-figurine-125-cm-green\/?lang=de","title":{"rendered":"Osterei im glamour\u00f6sen Stil \/ Spieluhr mit Feenfigur 12,5 cm gr\u00fcn"},"content":{"rendered":"<p>Material: Legierung von Nichteisenmetallen, Email, Kristallen.<\/p>\n<p>H\u00f6he: 12,5 cm.<\/p>\n<p>Gewicht: 475 Gramm.<\/p>\n<p>Farbe: gr\u00fcn.<\/p>\n<p>Im Inneren des Eies befindet sich die kleine Feenfigur. Sie dreht sich, w\u00e4hrend die Musik spielt. Dieses Ei ist eine Spieluhr.<\/p>\n","protected":false},"excerpt":{"rendered":"<p>Material: Legierung von Nichteisenmetallen, Email, Kristallen. H\u00f6he: 12,5 cm. Gewicht: 475 Gramm. Farbe: gr\u00fcn. Im Inneren des Eies befindet sich die kleine Feenfigur. Sie dreht sich, w\u00e4hrend die Musik spielt. Dieses Ei ist eine Spieluhr.<\/p>\n","protected":false},"featured_media":14887,"comment_status":"open","ping_status":"closed","template":"","meta":{"_et_pb_use_builder":"","_et_pb_old_content":"","_et_gb_content_width":""},"product_brand":[],"product_cat":[164,160,165],"product_tag":[],"class_list":{"0":"post-14895","1":"product","2":"type-product","3":"status-publish","4":"has-post-thumbnail","6":"product_cat-eggs-with-surprise-de","7":"product_cat-ostereier","8":"product_cat-music-boxes-de","10":"first","11":"instock","12":"shipping-taxable","13":"purchasable","14":"product-type-simple"},"_links":{"self":[{"href":"https:\/\/danila-souvenirs.com\/de\/wp-json\/wp\/v2\/product\/14895","targetHints":{"allow":["GET"]}}],"collection":[{"href":"https:\/\/danila-souvenirs.com\/de\/wp-json\/wp\/v2\/product"}],"about":[{"href":"https:\/\/danila-souvenirs.com\/de\/wp-json\/wp\/v2\/types\/product"}],"replies":[{"embeddable":true,"href":"https:\/\/danila-souvenirs.com\/de\/wp-json\/wp\/v2\/comments?post=14895"}],"wp:featuredmedia":[{"embeddable":true,"href":"https:\/\/danila-souvenirs.com\/de\/wp-json\/wp\/v2\/media\/14887"}],"wp:attachment":[{"href":"https:\/\/danila-souvenirs.com\/de\/wp-json\/wp\/v2\/media?parent=14895"}],"wp:term":[{"taxonomy":"product_brand","embeddable":true,"href":"https:\/\/danila-souvenirs.com\/de\/wp-json\/wp\/v2\/product_brand?post=14895"},{"taxonomy":"product_cat","embeddable":true,"href":"https:\/\/danila-souvenirs.com\/de\/wp-json\/wp\/v2\/product_cat?post=14895"},{"taxonomy":"product_tag","embeddable":true,"href":"https:\/\/danila-souvenirs.com\/de\/wp-json\/wp\/v2\/product_tag?post=14895"}],"curies":[{"name":"wp","href":"https:\/\/api.w.org\/{rel}","templated":true}]}}