{"id":14853,"date":"2024-11-11T17:14:20","date_gmt":"2024-11-11T14:14:20","guid":{"rendered":"https:\/\/danila-souvenirs.com\/de\/product\/glamorous-style-rosebud-easter-egg-trinket-jewel-box-with-flower-pendant-9-cm-cream\/"},"modified":"2024-11-11T18:00:50","modified_gmt":"2024-11-11T15:00:50","slug":"glamorous-style-rosebud-easter-egg-trinket-jewel-box-with-flower-pendant-9-cm-cream","status":"publish","type":"product","link":"https:\/\/danila-souvenirs.com\/de\/product\/glamorous-style-rosebud-easter-egg-trinket-jewel-box-with-flower-pendant-9-cm-cream\/?lang=it","title":{"rendered":"Uovo di Pasqua in stile glamour \/ portagioie Bocciolo di rosa con fiore e pendente 9 cm crema"},"content":{"rendered":"<div>Materiale: lega di metalli non ferrosi, smalto, cristalli.<\/div>\n<div><\/div>\n<div>Altezza: 9 cm.<\/div>\n<div><\/div>\n<div>Peso: 305 g.<\/div>\n<div><\/div>\n<div>Colore: crema.<\/div>\n<div><\/div>\n<div>Questo uovo \u00e8 una piccola replica della famosa uovo faberg\u00e9 &#8220;Bocciolo di rosa&#8221;. L&#8217;uovo &#8220;Bocciolo di rosa&#8221; \u00e8 un gioiello smaltato uovo di Pasqua fatto da Michael perchin sotto la supervisione del gioielliere Peter Carl faberg\u00e9 nel 1895, per Nicola II di Russia, che ha presentato l&#8217; uovo a sua moglie, l&#8217; imperatrice alexandra feodorovna. \u00c8 stato il primo uovo che alexandra nicholas presentato. All&#8217;interno dell&#8217;uovo si trova un piccolo fiore con ciondolo e catena. L&#8217;uovo pu\u00f2 essere usato come una scatola di gioielli.<\/div>\n","protected":false},"excerpt":{"rendered":"<p>Materiale: lega di metalli non ferrosi, smalto, cristalli. Altezza: 9 cm. Peso: 305 g. Colore: crema. Questo uovo \u00e8 una piccola replica della famosa uovo faberg\u00e9 &#8220;Bocciolo di rosa&#8221;. L&#8217;uovo &#8220;Bocciolo di rosa&#8221; \u00e8 un gioiello smaltato uovo di Pasqua fatto da Michael perchin sotto la supervisione del gioielliere Peter Carl faberg\u00e9 nel 1895, per [&hellip;]<\/p>\n","protected":false},"featured_media":14833,"comment_status":"open","ping_status":"closed","template":"","meta":{"_et_pb_use_builder":"","_et_pb_old_content":"","_et_gb_content_width":""},"product_brand":[],"product_cat":[187,188,186,223],"product_tag":[],"class_list":{"0":"post-14853","1":"product","2":"type-product","3":"status-publish","4":"has-post-thumbnail","6":"product_cat-trinket-boxes-it","7":"product_cat-eggs-with-surprise-it","8":"product_cat-uova-di-pasqua","9":"product_cat-clock-eggs-it","11":"first","12":"instock","13":"shipping-taxable","14":"purchasable","15":"product-type-simple"},"_links":{"self":[{"href":"https:\/\/danila-souvenirs.com\/de\/wp-json\/wp\/v2\/product\/14853","targetHints":{"allow":["GET"]}}],"collection":[{"href":"https:\/\/danila-souvenirs.com\/de\/wp-json\/wp\/v2\/product"}],"about":[{"href":"https:\/\/danila-souvenirs.com\/de\/wp-json\/wp\/v2\/types\/product"}],"replies":[{"embeddable":true,"href":"https:\/\/danila-souvenirs.com\/de\/wp-json\/wp\/v2\/comments?post=14853"}],"wp:featuredmedia":[{"embeddable":true,"href":"https:\/\/danila-souvenirs.com\/de\/wp-json\/wp\/v2\/media\/14833"}],"wp:attachment":[{"href":"https:\/\/danila-souvenirs.com\/de\/wp-json\/wp\/v2\/media?parent=14853"}],"wp:term":[{"taxonomy":"product_brand","embeddable":true,"href":"https:\/\/danila-souvenirs.com\/de\/wp-json\/wp\/v2\/product_brand?post=14853"},{"taxonomy":"product_cat","embeddable":true,"href":"https:\/\/danila-souvenirs.com\/de\/wp-json\/wp\/v2\/product_cat?post=14853"},{"taxonomy":"product_tag","embeddable":true,"href":"https:\/\/danila-souvenirs.com\/de\/wp-json\/wp\/v2\/product_tag?post=14853"}],"curies":[{"name":"wp","href":"https:\/\/api.w.org\/{rel}","templated":true}]}}